{"id":2944,"date":"2007-01-01T10:00:00","date_gmt":"2007-01-01T10:00:00","guid":{"rendered":"https:\/\/www.lynxeds.com\/product\/handbook-of-the-mammals-of-the-world-volumes-1-8\/"},"modified":"2026-01-02T00:09:05","modified_gmt":"2026-01-01T23:09:05","slug":"handbook-of-the-mammals-of-the-world-volumes-1-9","status":"publish","type":"product","link":"https:\/\/lynxnaturebooks.com\/ca\/producte\/handbook-of-the-mammals-of-the-world-volumes-1-9\/","title":{"rendered":"<span class=\"title\">Handbook of the Mammals of the World<\/span><span class=\"subtitle\">(SET of 9 volumes)<\/span>"},"content":{"rendered":"\n<div class=\"wp-block-group quote-group\"><div class=\"wp-block-group__inner-container is-layout-constrained wp-block-group-is-layout-constrained\">\n<p class=\"has-text-align-center has-medium-font-size\">\u201cEl <em>Handbook of the Mammals of the World<\/em> \u00e9s una aportaci\u00f3 realment extraordin\u00e0ria. No hi ha res comparable! Qu\u00e8 meravell\u00f3s de veritat!<\/p>\n\n\n\n<p class=\"has-text-align-center has-medium-font-size\">Com l&#8217;ou d&#8217;un elefant, creix d&#8217;una mota a un espectacle. Quin privilegi! Tot bi\u00f2leg seri\u00f3s hauria de tenir l&#8217;oportunitat de veure el <em>handbook<\/em> i tothom hauria de prendre temps per gaudir de les seves sorpreses, del\u00edcies i bellesa. I, per tant, apreciar el que encara est\u00e0 viu al planeta viu i qu\u00e8 cal fer per conservar-lo&#8221;.<\/p>\n\n\n<div class=\"wp-block-image is-style-rounded\">\n<figure class=\"aligncenter size-medium is-resized\"><img loading=\"lazy\" decoding=\"async\" width=\"300\" height=\"300\" src=\"https:\/\/lynxnaturebooks.com\/wp-content\/uploads\/2020\/06\/william-g-conway-300x300.jpg\" alt=\"\" class=\"wp-image-82937\" style=\"width:100px\" srcset=\"https:\/\/lynxnaturebooks.com\/wp-content\/uploads\/2020\/06\/william-g-conway-300x300.jpg 300w, https:\/\/lynxnaturebooks.com\/wp-content\/uploads\/2020\/06\/william-g-conway-100x100.jpg 100w, https:\/\/lynxnaturebooks.com\/wp-content\/uploads\/2020\/06\/william-g-conway-150x150.jpg 150w, https:\/\/lynxnaturebooks.com\/wp-content\/uploads\/2020\/06\/william-g-conway.jpg 546w\" sizes=\"auto, (max-width: 300px) 100vw, 300px\" \/><\/figure>\n<\/div>\n\n\n<p class=\"has-text-align-center\">William G. Conway<br>Zo\u00f2leg, ornit\u00f2leg i conservacionista<\/p>\n<\/div><\/div>\n\n\n\n<div style=\"height:21px\" aria-hidden=\"true\" class=\"wp-block-spacer\"><\/div>\n\n\n<div class=\"wp-block-columns attributes-columns\"><div class=\"wp-block-column\"><svg width=\"28px\" height=\"35px\" viewBox=\"0 0 28 35\" version=\"1.1\" xmlns=\"http:\/\/www.w3.org\/2000\/svg\" xmlns:xlink=\"http:\/\/www.w3.org\/1999\/xlink\">\n                            <g id=\"Page-1\" stroke=\"none\" stroke-width=\"1\" fill=\"none\" fill-rule=\"evenodd\" opacity=\"0.147770473\">\n                                <g id=\"24\" transform=\"translate(-287.000000, -1522.000000)\" fill=\"#000000\" fill-rule=\"nonzero\" stroke=\"#000000\" stroke-width=\"0.799586777\">\n                                    <g id=\"Group-3\" transform=\"translate(233.000000, 1504.000000)\">\n                                        <g id=\"Shape-3\" transform=\"translate(55.000000, 19.000000)\">\n                                            <path d=\"M13,0 C9.82319737,0 7.22466566,2.63962325 7.22466566,5.86666055 C7.22466566,8.71794192 9.25407358,11.1008511 11.9171246,11.6187379 L11.9171246,13.9333188 L6.8637075,13.9333188 C6.8261332,13.9313284 6.78848231,13.9313284 6.75090801,13.9333188 C6.331882,13.9764915 5.97550223,14.2625282 5.83723204,14.6666514 L0.0618978813,31.5333078 C-0.0555594524,31.8709186 -0.00391373208,32.2454751 0.200335189,32.5373134 C0.40458411,32.8291517 0.7358774,33.0017525 1.08837297,32.9999866 L13,32.9999866 L24.9116267,32.9999866 C25.2641223,33.0017526 25.5954157,32.8291519 25.7996647,32.5373136 C26.0039137,32.2454752 26.0555595,31.8709186 25.9381021,31.5333078 L20.162768,14.6666514 C20.0091004,14.2252213 19.5972147,13.9309628 19.1362925,13.9333188 L14.082875,13.9333188 L14.082875,11.6187379 C16.7459261,11.1008511 18.775334,8.71794192 18.775334,5.86666055 C18.775334,2.63962325 16.1768026,0 13,0 L13,0 Z M12.9999998,2.19999771 C15.0063443,2.19999771 16.6095839,3.82859001 16.6095839,5.86666055 C16.6095839,7.52644516 15.5508938,8.91385538 14.071595,9.3729069 C13.99526,8.77759028 13.4631728,8.35436769 12.8759203,8.42186622 C12.3828087,8.48076346 11.9922861,8.87273886 11.9284046,9.3729069 C10.4491059,8.91385538 9.39041606,7.52644516 9.39041606,5.86666055 C9.39041606,3.82859001 10.9936557,2.19999771 12.9999998,2.19999771 L12.9999998,2.19999771 Z M7.6307439,16.1333239 L12.9999998,16.1333239 L18.3692561,16.1333239 L23.3888335,30.7999752 L12.9999998,30.7999752 L2.61116648,30.7999752 L7.6307439,16.1333239 L7.6307439,16.1333239 Z\" id=\"Shape\"><\/path>\n                                        <\/g>\n                                    <\/g>\n                                <\/g>\n                            <\/g>\n                        <\/svg><p class=\"has-small-font-size\">Pes<\/p><p class=\"attribute\">35.8 kg<\/p><\/div><div class=\"wp-block-column\"><svg width=\"34px\" height=\"35px\" viewBox=\"0 0 34 35\" version=\"1.1\" xmlns=\"http:\/\/www.w3.org\/2000\/svg\" xmlns:xlink=\"http:\/\/www.w3.org\/1999\/xlink\">\n                            <g id=\"Page-1\" stroke=\"none\" stroke-width=\"1\" fill=\"none\" fill-rule=\"evenodd\" opacity=\"0.147770473\">\n                                <g id=\"24\" transform=\"translate(-471.000000, -1523.000000)\" fill=\"#000000\" fill-rule=\"nonzero\">\n                                    <g id=\"Group-3\" transform=\"translate(233.000000, 1504.000000)\">\n                                        <g id=\"Group-10\" transform=\"translate(238.000000, 19.000000)\">\n                                            <polygon id=\"Path\" points=\"0 9.72222222 2 9.72222222 2 33.0555556 0 33.0555556 0 35 6 35 6 33.0555556 4 33.0555556 4 9.72222222 6 9.72222222 6 7.77777778 0 7.77777778\"><\/polygon>\n                                            <polygon id=\"Path\" points=\"32 1.94444444 10 1.94444444 10 0 8 0 8 5.83333333 10 5.83333333 10 3.88888889 32 3.88888889 32 5.83333333 34 5.83333333 34 0 32 0\"><\/polygon>\n                                            <path d=\"M8,7.77777778 L8,30.1388889 L13,35 L33,35 L33,12.6388889 L28,7.77777778 L8,7.77777778 Z M11,10.6944444 L26,10.6944444 L26,28.1944444 L11,28.1944444 L11,10.6944444 Z M30,32.0833333 L14.24,32.0833333 L12.24,30.1388889 L28,30.1388889 L28,11.9 L30,13.8444444 L30,32.0833333 Z\" id=\"Shape\"><\/path>\n                                            <rect id=\"Rectangle\" x=\"13\" y=\"15.5555556\" width=\"11\" height=\"1.94444444\"><\/rect>\n                                            <rect id=\"Rectangle\" x=\"15\" y=\"19.4444444\" width=\"7\" height=\"1.94444444\"><\/rect>\n                                        <\/g>\n                                    <\/g>\n                                <\/g>\n                            <\/g>\n                        <\/svg><p class=\"has-small-font-size\">Dimensions<\/p><p class=\"attribute\">24 &times; 31 cm<\/p><\/div><div class=\"wp-block-column\"><svg width=\"26px\" height=\"30px\" viewBox=\"0 0 26 30\" version=\"1.1\" xmlns=\"http:\/\/www.w3.org\/2000\/svg\" xmlns:xlink=\"http:\/\/www.w3.org\/1999\/xlink\">\n                            <g id=\"Page-1\" stroke=\"none\" stroke-width=\"1\" fill=\"none\" fill-rule=\"evenodd\" opacity=\"0.147770473\">\n                                <g id=\"24\" transform=\"translate(-661.000000, -1528.000000)\" fill=\"#000000\" fill-rule=\"nonzero\">\n                                    <g id=\"Group-3\" transform=\"translate(233.000000, 1504.000000)\">\n                                        <g id=\"Group-12\" transform=\"translate(428.000000, 24.000000)\">\n                                            <path d=\"M0,0 L0,25.8333333 L4.19354839,30 L26,30 L26,4.16666667 L21.8064516,0 M2.01290323,2.5 L20.1290323,2.5 L20.1290323,24.1666667 L2.01290323,24.1666667 L2.01290323,2.5 Z M23.483871,27.5 L5.23354839,27.5 L3.55612903,25.8333333 L21.8064516,25.8333333 L21.8064516,3.53333333 L23.483871,5.2 L23.483871,27.5 Z\" id=\"Shape\"><\/path>\n                                            <rect id=\"Rectangle\" x=\"7.5483871\" y=\"8.33333333\" width=\"10.9032258\" height=\"1.66666667\"><\/rect>\n                                            <rect id=\"Rectangle\" x=\"7.5483871\" y=\"11.6666667\" width=\"10.9032258\" height=\"1.66666667\"><\/rect>\n                                            <rect id=\"Rectangle\" x=\"7.5483871\" y=\"15\" width=\"10.9032258\" height=\"1.66666667\"><\/rect>\n                                            <rect id=\"Rectangle\" x=\"7.5483871\" y=\"18.3333333\" width=\"5.87096774\" height=\"1.66666667\"><\/rect>\n                                        <\/g>\n                                    <\/g>\n                                <\/g>\n                            <\/g>\n                        <\/svg><p class=\"has-small-font-size\">Idioma<\/p><p class=\"attribute\">Angl\u00e8s<\/p><\/div><div class=\"wp-block-column\"><svg width=\"26px\" height=\"30px\" viewBox=\"0 0 26 30\" version=\"1.1\" xmlns=\"http:\/\/www.w3.org\/2000\/svg\" xmlns:xlink=\"http:\/\/www.w3.org\/1999\/xlink\">\n                            <g id=\"Page-1\" stroke=\"none\" stroke-width=\"1\" fill=\"none\" fill-rule=\"evenodd\" opacity=\"0.147770473\">\n                                <g id=\"24\" transform=\"translate(-849.000000, -1528.000000)\" fill=\"#000000\" fill-rule=\"nonzero\">\n                                    <g id=\"Group-3\" transform=\"translate(233.000000, 1504.000000)\">\n                                        <g id=\"Group-11\" transform=\"translate(616.000000, 24.000000)\">\n                                            <path d=\"M0,0 L0,25.8333333 L4.19354839,30 L26,30 L26,4.16666667 L21.8064516,0 L0,0 Z M2.51612903,2.5 L20.1290323,2.5 L20.1290323,24.1666667 L2.51612903,24.1666667 L2.51612903,2.5 Z M23.483871,27.5 L5.23354839,27.5 L3.55612903,25.8333333 L21.8064516,25.8333333 L21.8064516,3.53333333 L23.483871,5.2 L23.483871,27.5 Z\" id=\"Shape\"><\/path>\n                                            <path d=\"M5.03225806,13.3333333 L17.6129032,13.3333333 L17.6129032,5 L5.03225806,5 L5.03225806,13.3333333 Z M6.70967742,6.66666667 L15.9354839,6.66666667 L15.9354839,11.6666667 L6.70967742,11.6666667 L6.70967742,6.66666667 Z\" id=\"Shape\"><\/path>\n                                        <\/g>\n                                    <\/g>\n                                <\/g>\n                            <\/g>\n                        <\/svg><p class=\"has-small-font-size\">Format<\/p><p class=\"attribute\">Tapa dura<\/p><\/div><div class=\"wp-block-column\"><svg width=\"26px\" height=\"30px\" viewBox=\"0 0 26 30\" version=\"1.1\" xmlns=\"http:\/\/www.w3.org\/2000\/svg\" xmlns:xlink=\"http:\/\/www.w3.org\/1999\/xlink\">\n                            <g id=\"Page-1\" stroke=\"none\" stroke-width=\"1\" fill=\"none\" fill-rule=\"evenodd\" opacity=\"0.147770473\">\n                                <g id=\"24\" transform=\"translate(-849.000000, -1528.000000)\" fill=\"#000000\" fill-rule=\"nonzero\">\n                                    <g id=\"Group-3\" transform=\"translate(233.000000, 1504.000000)\">\n                                        <g id=\"Group-11\" transform=\"translate(616.000000, 24.000000)\">\n                                            <path d=\"M0,0 L0,25.8333333 L4.19354839,30 L26,30 L26,4.16666667 L21.8064516,0 L0,0 Z M2.51612903,2.5 L20.1290323,2.5 L20.1290323,24.1666667 L2.51612903,24.1666667 L2.51612903,2.5 Z M23.483871,27.5 L5.23354839,27.5 L3.55612903,25.8333333 L21.8064516,25.8333333 L21.8064516,3.53333333 L23.483871,5.2 L23.483871,27.5 Z\" id=\"Shape\"><\/path>\n                                            <path d=\"M5.03225806,13.3333333 L17.6129032,13.3333333 L17.6129032,5 L5.03225806,5 L5.03225806,13.3333333 Z M6.70967742,6.66666667 L15.9354839,6.66666667 L15.9354839,11.6666667 L6.70967742,11.6666667 L6.70967742,6.66666667 Z\" id=\"Shape\"><\/path>\n                                        <\/g>\n                                    <\/g>\n                                <\/g>\n                            <\/g>\n                        <\/svg><p class=\"has-small-font-size\">Data de publicaci\u00f3<\/p><p class=\"attribute\">2019<\/p><\/div><div class=\"wp-block-column\"><svg width=\"26px\" height=\"30px\" viewBox=\"0 0 26 30\" version=\"1.1\" xmlns=\"http:\/\/www.w3.org\/2000\/svg\" xmlns:xlink=\"http:\/\/www.w3.org\/1999\/xlink\">\n                            <g id=\"Page-1\" stroke=\"none\" stroke-width=\"1\" fill=\"none\" fill-rule=\"evenodd\" opacity=\"0.147770473\">\n                                <g id=\"24\" transform=\"translate(-1222.000000, -1528.000000)\" fill=\"#000000\" fill-rule=\"nonzero\">\n                                    <g id=\"Group-3\" transform=\"translate(233.000000, 1504.000000)\">\n                                        <g id=\"Shape-2\" transform=\"translate(989.000000, 24.000000)\">\n                                            <path d=\"M0,0 L0,25.8333333 L4.19354839,30 L26,30 L26,4.16666667 L21.8064516,0 L0,0 Z M6.70967742,2.5 L10.0645161,2.5 L10.0645161,10.1 L8.38709677,9 L6.70967742,10.1 L6.70967742,2.5 Z M2.51612903,2.5 L5.03225806,2.5 L5.03225806,13.2333333 L8.38709677,11 L11.7419355,13.2333333 L11.7419355,2.5 L20.1290323,2.5 L20.1290323,24.1666667 L2.51612903,24.1666667 L2.51612903,2.5 Z M23.483871,27.5 L5.23354839,27.5 L3.55612903,25.8333333 L21.8064516,25.8333333 L21.8064516,3.53333333 L23.483871,5.2 L23.483871,27.5 Z\" id=\"Shape\"><\/path>\n                                        <\/g>\n                                    <\/g>\n                                <\/g>\n                            <\/g>\n                        <\/svg><p class=\"has-small-font-size\">Publicat per<\/p><p class=\"attribute\">Lynx Edicions<\/p><\/div><\/div><div id=\"professionals\" class=\"max-width padding-sides\"><\/div>        <!-- <h2 id=\"autors\" class=\"has-text-align-center\"><\/h2>\n        <div class=\"product-autors max-width-narrow\">\n                    <\/div> -->\n    \n\n\n\n<div class=\"wp-block-group max-width-narrow max-height\"><div class=\"wp-block-group__inner-container is-layout-constrained wp-block-group-is-layout-constrained\">\n<h2 class=\"wp-block-heading has-text-align-center\">Descripci\u00f3<\/h2>\n\n\n\n<p>El <em>Handbook of the Mammals of the World<\/em> (HMW) \u00e9s una obra de refer\u00e8ncia sense precedents, profusament il\u00b7lustrada, dedicada a la classe <em>Mammalia<\/em>. Aquesta s\u00e8rie de 9 volums de gran format descriu i il\u00b7lustra totes les esp\u00e8cies de mam\u00edfers actualment reconegudes, juntament amb una descripci\u00f3 detallada de cadascuna de les fam\u00edlies. Proporciona informaci\u00f3 actualitzada sobre les relacions evolutives, la hist\u00f2ria natural, l\u2019ecologia i l\u2019estat de conservaci\u00f3 de tots els mam\u00edfers del planeta. Cada esp\u00e8cie est\u00e0 il\u00b7lustrada, i cada cap\u00edtol de fam\u00edlia inclou espectaculars fotografies en color de mam\u00edfers en el seu h\u00e0bitat natural. Aquesta cobertura global \u00e9s possible gr\u00e0cies a la col\u00b7laboraci\u00f3 d\u2019un equip internacional d\u2019autors experts, tots ells reconegudes autoritats en els seus respectius grups.<\/p>\n\n\n\n<p>Un dels principals motors del HMW \u00e9s el seu comprom\u00eds amb la conservaci\u00f3 dels mam\u00edfers i els seus h\u00e0bitats. Aquesta tasca ha comptat amb el suport d\u2019organitzacions com Conservation International i la UICN (Uni\u00f3 Internacional per a la Conservaci\u00f3 de la Natura). Un dels objectius essencials de l\u2019obra \u00e9s mostrar l\u2019extraordin\u00e0ria diversitat dels mam\u00edfers i donar visibilitat a esp\u00e8cies poc conegudes \u2014especialment a Sud-am\u00e8rica, \u00c0frica i \u00c0sia\u2014 amb l\u2019esperan\u00e7a de fomentar noves investigacions. La <em>Llista Roja de la UICN d\u2019Esp\u00e8cies Amena\u00e7ades<\/em> juga un paper clau en la planificaci\u00f3 de la conservaci\u00f3 a escala mundial, i posa de manifest tot el que encara desconeixem sobre la situaci\u00f3 de moltes esp\u00e8cies. Una aportaci\u00f3 important del HMW \u00e9s oferir una avaluaci\u00f3 per a cada esp\u00e8cie reconeguda, descrivint les amenaces que afronta i les possibles mesures de conservaci\u00f3.<\/p>\n\n\n\n<p>El HMW segueix les classificacions tradicionalment acceptades, basades en <em>Mammal Species of the World<\/em> (Wilson i Reeder, 2005), per\u00f2 introdueix millores significatives. Cada volum incorpora les opinions dels seus autors, tots ells especialistes de prestigi en els seus grups, i inclou esp\u00e8cies novament descrites i revisions sistem\u00e0tiques recents que amplien el nostre coneixement sobre les relacions filogen\u00e8tiques dels mam\u00edfers. La secci\u00f3 de Sistem\u00e0tica de cada cap\u00edtol de fam\u00edlia revisa els aven\u00e7os taxon\u00f2mics en curs i presenta les investigacions m\u00e9s recents basades en t\u00e8cniques moleculars, que han revolucionat l\u2019estudi de l\u2019evoluci\u00f3.<\/p>\n\n\n\n<p>Cada cap\u00edtol est\u00e0 dedicat a una fam\u00edlia de mam\u00edfers. El text introductori ofereix una panor\u00e0mica general de la fam\u00edlia, acompanyada de nombroses fotografies en color que mostren els animals en acci\u00f3. A continuaci\u00f3 es presenten les fitxes d\u2019esp\u00e8cie, que resumeixen de manera concisa la informaci\u00f3 disponible en la bibliografia cient\u00edfica. Ambdues seccions inclouen una bibliografia extensa.<\/p>\n\n\n\n<p>En general, els volums presenten els t\u00e0xons seguint una seq\u00fc\u00e8ncia filogen\u00e8tica, que reflecteix les relacions evolutives tal com s\u2019entenen actualment. Els cap\u00edtols de fam\u00edlia estan \u00e0mpliament il\u00b7lustrats amb fotografies que no nom\u00e9s mostren tantes esp\u00e8cies com ha estat possible, sin\u00f3 que tamb\u00e9 documenten aspectes de comportament i ecologia esmentats en el text. Cada cap\u00edtol inclou un quadre resum amb les dades b\u00e0siques de la fam\u00edlia, seguit de seccions detallades dedicades a: Sistem\u00e0tica, Aspectes morfol\u00f2gics, H\u00e0bitat, H\u00e0bits generals, Comunicaci\u00f3, Alimentaci\u00f3, Reproducci\u00f3, Despla\u00e7aments, \u00c0rea de campeig, Organitzaci\u00f3 social, Relaci\u00f3 amb els humans, Estat i conservaci\u00f3, i una Bibliografia general.<\/p>\n\n\n\n<p>Cada esp\u00e8cie reconeguda t\u00e9 la seva pr\u00f2pia fitxa. Totes les esp\u00e8cies actuals estan il\u00b7lustrades a les l\u00e0mines, que mostren detalls del pelatge i de la morfologia general. Cada fitxa comen\u00e7a amb el nom com\u00fa en angl\u00e8s, seguit del nom cient\u00edfic. Tamb\u00e9 s\u2019hi inclouen els noms en franc\u00e8s, alemany i espanyol. Cada fitxa resumeix el que es coneix sobre la Taxonomia, Subesp\u00e8cies i distribuci\u00f3 (amb un mapa), Notes descriptives, H\u00e0bitat, Alimentaci\u00f3, Patrons d\u2019activitat, Despla\u00e7aments, \u00c0rea de campeig, Organitzaci\u00f3 social, Estat i conservaci\u00f3, i una bibliografia espec\u00edfica.<\/p>\n\n\n\n<p>Aquesta col\u00b7leci\u00f3 inclou els 9 volums del <em>Handbook of the Mammals of the World<\/em>, la primera obra que il\u00b7lustra i tracta en profunditat totes les esp\u00e8cies de mam\u00edfers del m\u00f3n.<\/p>\n\n\n\n<p>Si voleu m\u00e9s informaci\u00f3 sobre el contingut de cada volum (fotografies, l\u00e0mines, textos de fam\u00edlia, fitxes d\u2019esp\u00e8cie, etc.), podeu consultar els seg\u00fcents enlla\u00e7os:<\/p>\n\n\n\n<p><a href=\"https:\/\/www.lynxeds.com\/product\/handbook-of-the-mammals-of-the-world-volume-1\/\" target=\"_blank\" rel=\"noopener\"><\/a><a href=\"https:\/\/www.lynxeds.com\/product\/handbook-of-the-mammals-of-the-world-volume-1\/\" target=\"_blank\" rel=\"noopener\">Volum 1: Carn\u00edvors<\/a><br><a href=\"https:\/\/www.lynxeds.com\/product\/handbook-of-the-mammals-of-the-world-volume-2\/\" target=\"_blank\" rel=\"noopener\"><\/a><a href=\"https:\/\/www.lynxeds.com\/product\/handbook-of-the-mammals-of-the-world-volume-2\/\" target=\"_blank\" rel=\"noopener\">Volum 2: Mam\u00edfers ungulats<\/a><br><a href=\"https:\/\/www.lynxeds.com\/product\/handbook-of-the-mammals-of-the-world-volume-3\/\" target=\"_blank\" rel=\"noopener\">Volum 3: Primats<\/a><br><a href=\"https:\/\/www.lynxeds.com\/product\/handbook-of-the-mammals-of-the-world-volume-4\/\" target=\"_blank\" rel=\"noopener\">Volum 4: Mam\u00edfers marins<\/a><br><a href=\"https:\/\/www.lynxeds.com\/product\/handbook-of-the-mammals-of-the-world-volume-5\/\" target=\"_blank\" rel=\"noopener\">Volum 5: Monotremes i marsupials<\/a><br><a href=\"https:\/\/www.lynxeds.com\/product\/handbook-of-the-mammals-of-the-world-volume-6\/\" target=\"_blank\" rel=\"noopener\">Volum 6: Lagomorfs i rosegadors I<\/a><br><a href=\"https:\/\/www.lynxeds.com\/product\/handbook-of-the-mammals-of-the-world-volume-7\/\" target=\"_blank\" rel=\"noopener\">Volum 7: Rosegadors II<\/a><br><a href=\"https:\/\/www.lynxeds.com\/product\/handbook-of-the-mammals-of-the-world-volume-8\/\" target=\"_blank\" rel=\"noopener\">Volum 8: Insect\u00edvors, peresosos i colugos<\/a><br><a href=\"https:\/\/www.lynxeds.com\/product\/handbook-of-the-mammals-of-the-world-volume-9\/\" target=\"_blank\" rel=\"noreferrer noopener\">Volum 9: ratpenats<\/a><\/p>\n\n\n\n<p>Tant si ets investigador, estudiant o un amant de la natura, aquesta col\u00b7lecci\u00f3 completa \u00e9s un recurs imprescindible que celebra la diversitat i la import\u00e0ncia dels mam\u00edfers arreu del m\u00f3n. Amb m\u00e9s de 6.000 p\u00e0gines i milers d\u2019il\u00b7lustracions i fotografies, aquesta s\u00e8rie ofereix una visi\u00f3 sense precedents del m\u00f3n dels mam\u00edfers.<\/p>\n\n\n\n<p class=\"has-text-align-center button-link button-view-all\"><a href=\"#viewall\">Veure tot<\/a><\/p>\n<\/div><\/div>\n\n\n\n<div style=\"height:20px\" aria-hidden=\"true\" class=\"wp-block-spacer\"><\/div>\n\n\n\n<div class=\"wp-block-group max-width-narrow max-height\"><div class=\"wp-block-group__inner-container is-layout-constrained wp-block-group-is-layout-constrained\"><div class=\"wp-block-group max-width-narrow\"><\/div>\n\n\n\n<p class=\"has-text-align-center button-link button-view-all\"><a href=\"#viewall\">Veure tot<\/a><\/p>\n<\/div><\/div>\n","protected":false},"excerpt":{"rendered":"<p data-start=\"0\" data-end=\"172\">La primera obra que il\u00b7lustra i descriu totes les esp\u00e8cies de mam\u00edfers del m\u00f3n. Nou volums amb textos detallats, il\u00b7lustracions espectaculars i fotografies d\u2019alta qualitat.<\/p>\n<p data-start=\"174\" data-end=\"242\">Publicat per Lynx Edicions amb Conservation International i la UICN.<\/p>\n<p data-start=\"244\" data-end=\"283\" data-is-last-node=\"\" data-is-only-node=\"\"><strong>Enviament gratu\u00eft internacional.<\/strong><\/p>\n","protected":false},"featured_media":59457,"comment_status":"open","ping_status":"closed","template":"","meta":[],"collection":[],"product_brand":[],"product_cat":[243,190,187],"product_tag":[],"class_list":{"0":"post-2944","1":"product","2":"type-product","3":"status-publish","4":"has-post-thumbnail","6":"product_cat-enciclopedies","7":"product_cat-handbook-of-the-mammals-of-the-world-ca","8":"product_cat-mamifers","10":"first","11":"instock","12":"shipping-taxable","13":"purchasable","14":"product-type-simple"},"_links":{"self":[{"href":"https:\/\/lynxnaturebooks.com\/ca\/wp-json\/wp\/v2\/product\/2944","targetHints":{"allow":["GET"]}}],"collection":[{"href":"https:\/\/lynxnaturebooks.com\/ca\/wp-json\/wp\/v2\/product"}],"about":[{"href":"https:\/\/lynxnaturebooks.com\/ca\/wp-json\/wp\/v2\/types\/product"}],"replies":[{"embeddable":true,"href":"https:\/\/lynxnaturebooks.com\/ca\/wp-json\/wp\/v2\/comments?post=2944"}],"wp:featuredmedia":[{"embeddable":true,"href":"https:\/\/lynxnaturebooks.com\/ca\/wp-json\/wp\/v2\/media\/59457"}],"wp:attachment":[{"href":"https:\/\/lynxnaturebooks.com\/ca\/wp-json\/wp\/v2\/media?parent=2944"}],"wp:term":[{"taxonomy":"collection","embeddable":true,"href":"https:\/\/lynxnaturebooks.com\/ca\/wp-json\/wp\/v2\/collection?post=2944"},{"taxonomy":"product_brand","embeddable":true,"href":"https:\/\/lynxnaturebooks.com\/ca\/wp-json\/wp\/v2\/product_brand?post=2944"},{"taxonomy":"product_cat","embeddable":true,"href":"https:\/\/lynxnaturebooks.com\/ca\/wp-json\/wp\/v2\/product_cat?post=2944"},{"taxonomy":"product_tag","embeddable":true,"href":"https:\/\/lynxnaturebooks.com\/ca\/wp-json\/wp\/v2\/product_tag?post=2944"}],"curies":[{"name":"wp","href":"https:\/\/api.w.org\/{rel}","templated":true}]}}