{"id":2923,"date":"2002-04-01T10:00:00","date_gmt":"2002-04-01T08:00:00","guid":{"rendered":"https:\/\/www.lynxeds.com\/product\/guia-de-las-mariposas-de-espana-y-europa\/"},"modified":"2024-07-16T15:55:47","modified_gmt":"2024-07-16T13:55:47","slug":"guia-de-las-mariposas-de-espana-y-europa","status":"publish","type":"product","link":"https:\/\/lynxnaturebooks.com\/ca\/producte\/guia-de-las-mariposas-de-espana-y-europa\/","title":{"rendered":"Gu\u00eda de las Mariposas de Espa\u00f1a y Europa"},"content":{"rendered":"<p>La guia m\u00e9s completa per a la identificaci\u00f3 di\u00fcrna de papallones europees. M\u00e9s de 400 mapes de distribuci\u00f3 i m\u00e9s de 2000 il\u00b7lustracions a tot color retraten el mascle, la femella i cadascuna de les diferents formes de cada esp\u00e8cie. Es cobreixen les 440 esp\u00e8cies observades i es proporciona un resum de la informaci\u00f3 disponible actualment sobre taxonomia, distribuci\u00f3, identificaci\u00f3 i variabilitat, temps de vol, h\u00e0bitat, biologia, comportament i estat de conservaci\u00f3. Els textos proporcionen una gran quantitat d&#8217;informaci\u00f3 sobre les plantes de les quals s&#8217;alimenten, facilitant la localitzaci\u00f3 de papallones adultes. Revisat i actualitzat per a Espanya per especialistes, incloent nova informaci\u00f3 sobre distribuci\u00f3 i alimentaci\u00f3. Bibliografia modificada per incloure refer\u00e8ncies essencials sobre papallones espanyoles di\u00fcrnes.<\/p>\n<ul>\n<li>M\u00e9s de 400 mapes i 2.000 il\u00b7lustracions.<\/li>\n<\/ul>\n","protected":false},"excerpt":{"rendered":"<p>La guia m\u00e9s completa per a la identificaci\u00f3 di\u00fcrna de papallones europees.<\/p>\n","protected":false},"featured_media":5293,"comment_status":"open","ping_status":"closed","template":"","meta":[],"collection":[],"product_brand":[],"product_cat":[253,169,179],"product_tag":[291],"class_list":{"0":"post-2923","1":"product","2":"type-product","3":"status-publish","4":"has-post-thumbnail","6":"product_cat-guies-de-camp","7":"product_cat-invertebrats-ca","8":"product_cat-paleartica-ca","9":"product_tag-papallones","11":"first","12":"discontinued","13":"shipping-taxable","14":"product-type-simple"},"_links":{"self":[{"href":"https:\/\/lynxnaturebooks.com\/ca\/wp-json\/wp\/v2\/product\/2923","targetHints":{"allow":["GET"]}}],"collection":[{"href":"https:\/\/lynxnaturebooks.com\/ca\/wp-json\/wp\/v2\/product"}],"about":[{"href":"https:\/\/lynxnaturebooks.com\/ca\/wp-json\/wp\/v2\/types\/product"}],"replies":[{"embeddable":true,"href":"https:\/\/lynxnaturebooks.com\/ca\/wp-json\/wp\/v2\/comments?post=2923"}],"wp:featuredmedia":[{"embeddable":true,"href":"https:\/\/lynxnaturebooks.com\/ca\/wp-json\/wp\/v2\/media\/5293"}],"wp:attachment":[{"href":"https:\/\/lynxnaturebooks.com\/ca\/wp-json\/wp\/v2\/media?parent=2923"}],"wp:term":[{"taxonomy":"collection","embeddable":true,"href":"https:\/\/lynxnaturebooks.com\/ca\/wp-json\/wp\/v2\/collection?post=2923"},{"taxonomy":"product_brand","embeddable":true,"href":"https:\/\/lynxnaturebooks.com\/ca\/wp-json\/wp\/v2\/product_brand?post=2923"},{"taxonomy":"product_cat","embeddable":true,"href":"https:\/\/lynxnaturebooks.com\/ca\/wp-json\/wp\/v2\/product_cat?post=2923"},{"taxonomy":"product_tag","embeddable":true,"href":"https:\/\/lynxnaturebooks.com\/ca\/wp-json\/wp\/v2\/product_tag?post=2923"}],"curies":[{"name":"wp","href":"https:\/\/api.w.org\/{rel}","templated":true}]}}