{"id":2922,"date":"2013-06-01T10:00:00","date_gmt":"2013-06-01T10:00:00","guid":{"rendered":"https:\/\/www.lynxeds.com\/product\/special-volume-new-species-and-global-index\/"},"modified":"2026-04-09T02:07:46","modified_gmt":"2026-04-09T00:07:46","slug":"special-volume-new-species-and-global-index","status":"publish","type":"product","link":"https:\/\/lynxnaturebooks.com\/ca\/producte\/special-volume-new-species-and-global-index\/","title":{"rendered":"<span class=\"title\">Handbook of the Birds of the World<\/span><span class=\"subtitle\">Special Volume: New Species and Global Index<\/span>"},"content":{"rendered":"<div class=\"wp-block-columns attributes-columns\"><div class=\"wp-block-column\"><svg width=\"28px\" height=\"35px\" viewBox=\"0 0 28 35\" version=\"1.1\" xmlns=\"http:\/\/www.w3.org\/2000\/svg\" xmlns:xlink=\"http:\/\/www.w3.org\/1999\/xlink\">\n                            <g id=\"Page-1\" stroke=\"none\" stroke-width=\"1\" fill=\"none\" fill-rule=\"evenodd\" opacity=\"0.147770473\">\n                                <g id=\"24\" transform=\"translate(-287.000000, -1522.000000)\" fill=\"#000000\" fill-rule=\"nonzero\" stroke=\"#000000\" stroke-width=\"0.799586777\">\n                                    <g id=\"Group-3\" transform=\"translate(233.000000, 1504.000000)\">\n                                        <g id=\"Shape-3\" transform=\"translate(55.000000, 19.000000)\">\n                                            <path d=\"M13,0 C9.82319737,0 7.22466566,2.63962325 7.22466566,5.86666055 C7.22466566,8.71794192 9.25407358,11.1008511 11.9171246,11.6187379 L11.9171246,13.9333188 L6.8637075,13.9333188 C6.8261332,13.9313284 6.78848231,13.9313284 6.75090801,13.9333188 C6.331882,13.9764915 5.97550223,14.2625282 5.83723204,14.6666514 L0.0618978813,31.5333078 C-0.0555594524,31.8709186 -0.00391373208,32.2454751 0.200335189,32.5373134 C0.40458411,32.8291517 0.7358774,33.0017525 1.08837297,32.9999866 L13,32.9999866 L24.9116267,32.9999866 C25.2641223,33.0017526 25.5954157,32.8291519 25.7996647,32.5373136 C26.0039137,32.2454752 26.0555595,31.8709186 25.9381021,31.5333078 L20.162768,14.6666514 C20.0091004,14.2252213 19.5972147,13.9309628 19.1362925,13.9333188 L14.082875,13.9333188 L14.082875,11.6187379 C16.7459261,11.1008511 18.775334,8.71794192 18.775334,5.86666055 C18.775334,2.63962325 16.1768026,0 13,0 L13,0 Z M12.9999998,2.19999771 C15.0063443,2.19999771 16.6095839,3.82859001 16.6095839,5.86666055 C16.6095839,7.52644516 15.5508938,8.91385538 14.071595,9.3729069 C13.99526,8.77759028 13.4631728,8.35436769 12.8759203,8.42186622 C12.3828087,8.48076346 11.9922861,8.87273886 11.9284046,9.3729069 C10.4491059,8.91385538 9.39041606,7.52644516 9.39041606,5.86666055 C9.39041606,3.82859001 10.9936557,2.19999771 12.9999998,2.19999771 L12.9999998,2.19999771 Z M7.6307439,16.1333239 L12.9999998,16.1333239 L18.3692561,16.1333239 L23.3888335,30.7999752 L12.9999998,30.7999752 L2.61116648,30.7999752 L7.6307439,16.1333239 L7.6307439,16.1333239 Z\" id=\"Shape\"><\/path>\n                                        <\/g>\n                                    <\/g>\n                                <\/g>\n                            <\/g>\n                        <\/svg><p class=\"has-small-font-size\">Pes<\/p><p class=\"attribute\">4.14 kg<\/p><\/div><div class=\"wp-block-column\"><svg width=\"34px\" height=\"35px\" viewBox=\"0 0 34 35\" version=\"1.1\" xmlns=\"http:\/\/www.w3.org\/2000\/svg\" xmlns:xlink=\"http:\/\/www.w3.org\/1999\/xlink\">\n                            <g id=\"Page-1\" stroke=\"none\" stroke-width=\"1\" fill=\"none\" fill-rule=\"evenodd\" opacity=\"0.147770473\">\n                                <g id=\"24\" transform=\"translate(-471.000000, -1523.000000)\" fill=\"#000000\" fill-rule=\"nonzero\">\n                                    <g id=\"Group-3\" transform=\"translate(233.000000, 1504.000000)\">\n                                        <g id=\"Group-10\" transform=\"translate(238.000000, 19.000000)\">\n                                            <polygon id=\"Path\" points=\"0 9.72222222 2 9.72222222 2 33.0555556 0 33.0555556 0 35 6 35 6 33.0555556 4 33.0555556 4 9.72222222 6 9.72222222 6 7.77777778 0 7.77777778\"><\/polygon>\n                                            <polygon id=\"Path\" points=\"32 1.94444444 10 1.94444444 10 0 8 0 8 5.83333333 10 5.83333333 10 3.88888889 32 3.88888889 32 5.83333333 34 5.83333333 34 0 32 0\"><\/polygon>\n                                            <path d=\"M8,7.77777778 L8,30.1388889 L13,35 L33,35 L33,12.6388889 L28,7.77777778 L8,7.77777778 Z M11,10.6944444 L26,10.6944444 L26,28.1944444 L11,28.1944444 L11,10.6944444 Z M30,32.0833333 L14.24,32.0833333 L12.24,30.1388889 L28,30.1388889 L28,11.9 L30,13.8444444 L30,32.0833333 Z\" id=\"Shape\"><\/path>\n                                            <rect id=\"Rectangle\" x=\"13\" y=\"15.5555556\" width=\"11\" height=\"1.94444444\"><\/rect>\n                                            <rect id=\"Rectangle\" x=\"15\" y=\"19.4444444\" width=\"7\" height=\"1.94444444\"><\/rect>\n                                        <\/g>\n                                    <\/g>\n                                <\/g>\n                            <\/g>\n                        <\/svg><p class=\"has-small-font-size\">Dimensions<\/p><p class=\"attribute\">24 &times; 31 cm<\/p><\/div><div class=\"wp-block-column\"><svg width=\"26px\" height=\"30px\" viewBox=\"0 0 26 30\" version=\"1.1\" xmlns=\"http:\/\/www.w3.org\/2000\/svg\" xmlns:xlink=\"http:\/\/www.w3.org\/1999\/xlink\">\n                            <g id=\"Page-1\" stroke=\"none\" stroke-width=\"1\" fill=\"none\" fill-rule=\"evenodd\" opacity=\"0.147770473\">\n                                <g id=\"24\" transform=\"translate(-661.000000, -1528.000000)\" fill=\"#000000\" fill-rule=\"nonzero\">\n                                    <g id=\"Group-3\" transform=\"translate(233.000000, 1504.000000)\">\n                                        <g id=\"Group-12\" transform=\"translate(428.000000, 24.000000)\">\n                                            <path d=\"M0,0 L0,25.8333333 L4.19354839,30 L26,30 L26,4.16666667 L21.8064516,0 M2.01290323,2.5 L20.1290323,2.5 L20.1290323,24.1666667 L2.01290323,24.1666667 L2.01290323,2.5 Z M23.483871,27.5 L5.23354839,27.5 L3.55612903,25.8333333 L21.8064516,25.8333333 L21.8064516,3.53333333 L23.483871,5.2 L23.483871,27.5 Z\" id=\"Shape\"><\/path>\n                                            <rect id=\"Rectangle\" x=\"7.5483871\" y=\"8.33333333\" width=\"10.9032258\" height=\"1.66666667\"><\/rect>\n                                            <rect id=\"Rectangle\" x=\"7.5483871\" y=\"11.6666667\" width=\"10.9032258\" height=\"1.66666667\"><\/rect>\n                                            <rect id=\"Rectangle\" x=\"7.5483871\" y=\"15\" width=\"10.9032258\" height=\"1.66666667\"><\/rect>\n                                            <rect id=\"Rectangle\" x=\"7.5483871\" y=\"18.3333333\" width=\"5.87096774\" height=\"1.66666667\"><\/rect>\n                                        <\/g>\n                                    <\/g>\n                                <\/g>\n                            <\/g>\n                        <\/svg><p class=\"has-small-font-size\">Idioma<\/p><p class=\"attribute\">Angl\u00e8s<\/p><\/div><div class=\"wp-block-column\"><svg width=\"26px\" height=\"30px\" viewBox=\"0 0 26 30\" version=\"1.1\" xmlns=\"http:\/\/www.w3.org\/2000\/svg\" xmlns:xlink=\"http:\/\/www.w3.org\/1999\/xlink\">\n                            <g id=\"Page-1\" stroke=\"none\" stroke-width=\"1\" fill=\"none\" fill-rule=\"evenodd\" opacity=\"0.147770473\">\n                                <g id=\"24\" transform=\"translate(-849.000000, -1528.000000)\" fill=\"#000000\" fill-rule=\"nonzero\">\n                                    <g id=\"Group-3\" transform=\"translate(233.000000, 1504.000000)\">\n                                        <g id=\"Group-11\" transform=\"translate(616.000000, 24.000000)\">\n                                            <path d=\"M0,0 L0,25.8333333 L4.19354839,30 L26,30 L26,4.16666667 L21.8064516,0 L0,0 Z M2.51612903,2.5 L20.1290323,2.5 L20.1290323,24.1666667 L2.51612903,24.1666667 L2.51612903,2.5 Z M23.483871,27.5 L5.23354839,27.5 L3.55612903,25.8333333 L21.8064516,25.8333333 L21.8064516,3.53333333 L23.483871,5.2 L23.483871,27.5 Z\" id=\"Shape\"><\/path>\n                                            <path d=\"M5.03225806,13.3333333 L17.6129032,13.3333333 L17.6129032,5 L5.03225806,5 L5.03225806,13.3333333 Z M6.70967742,6.66666667 L15.9354839,6.66666667 L15.9354839,11.6666667 L6.70967742,11.6666667 L6.70967742,6.66666667 Z\" id=\"Shape\"><\/path>\n                                        <\/g>\n                                    <\/g>\n                                <\/g>\n                            <\/g>\n                        <\/svg><p class=\"has-small-font-size\">Format<\/p><p class=\"attribute\">Tapa dura<\/p><\/div><div class=\"wp-block-column\"><svg width=\"26px\" height=\"30px\" viewBox=\"0 0 26 30\" version=\"1.1\" xmlns=\"http:\/\/www.w3.org\/2000\/svg\" xmlns:xlink=\"http:\/\/www.w3.org\/1999\/xlink\">\n                            <g id=\"Page-1\" stroke=\"none\" stroke-width=\"1\" fill=\"none\" fill-rule=\"evenodd\" opacity=\"0.147770473\">\n                                <g id=\"24\" transform=\"translate(-661.000000, -1528.000000)\" fill=\"#000000\" fill-rule=\"nonzero\">\n                                    <g id=\"Group-3\" transform=\"translate(233.000000, 1504.000000)\">\n                                        <g id=\"Group-12\" transform=\"translate(428.000000, 24.000000)\">\n                                            <path d=\"M0,0 L0,25.8333333 L4.19354839,30 L26,30 L26,4.16666667 L21.8064516,0 M2.01290323,2.5 L20.1290323,2.5 L20.1290323,24.1666667 L2.01290323,24.1666667 L2.01290323,2.5 Z M23.483871,27.5 L5.23354839,27.5 L3.55612903,25.8333333 L21.8064516,25.8333333 L21.8064516,3.53333333 L23.483871,5.2 L23.483871,27.5 Z\" id=\"Shape\"><\/path>\n                                            <rect id=\"Rectangle\" x=\"7.5483871\" y=\"8.33333333\" width=\"10.9032258\" height=\"1.66666667\"><\/rect>\n                                            <rect id=\"Rectangle\" x=\"7.5483871\" y=\"11.6666667\" width=\"10.9032258\" height=\"1.66666667\"><\/rect>\n                                            <rect id=\"Rectangle\" x=\"7.5483871\" y=\"15\" width=\"10.9032258\" height=\"1.66666667\"><\/rect>\n                                            <rect id=\"Rectangle\" x=\"7.5483871\" y=\"18.3333333\" width=\"5.87096774\" height=\"1.66666667\"><\/rect>\n                                        <\/g>\n                                    <\/g>\n                                <\/g>\n                            <\/g>\n                        <\/svg><p class=\"has-small-font-size\">P\u00e0gines<\/p><p class=\"attribute\">812<\/p><\/div><div class=\"wp-block-column\"><svg width=\"26px\" height=\"30px\" viewBox=\"0 0 26 30\" version=\"1.1\" xmlns=\"http:\/\/www.w3.org\/2000\/svg\" xmlns:xlink=\"http:\/\/www.w3.org\/1999\/xlink\">\n                            <g id=\"Page-1\" stroke=\"none\" stroke-width=\"1\" fill=\"none\" fill-rule=\"evenodd\" opacity=\"0.147770473\">\n                                <g id=\"24\" transform=\"translate(-849.000000, -1528.000000)\" fill=\"#000000\" fill-rule=\"nonzero\">\n                                    <g id=\"Group-3\" transform=\"translate(233.000000, 1504.000000)\">\n                                        <g id=\"Group-11\" transform=\"translate(616.000000, 24.000000)\">\n                                            <path d=\"M0,0 L0,25.8333333 L4.19354839,30 L26,30 L26,4.16666667 L21.8064516,0 L0,0 Z M2.51612903,2.5 L20.1290323,2.5 L20.1290323,24.1666667 L2.51612903,24.1666667 L2.51612903,2.5 Z M23.483871,27.5 L5.23354839,27.5 L3.55612903,25.8333333 L21.8064516,25.8333333 L21.8064516,3.53333333 L23.483871,5.2 L23.483871,27.5 Z\" id=\"Shape\"><\/path>\n                                            <path d=\"M5.03225806,13.3333333 L17.6129032,13.3333333 L17.6129032,5 L5.03225806,5 L5.03225806,13.3333333 Z M6.70967742,6.66666667 L15.9354839,6.66666667 L15.9354839,11.6666667 L6.70967742,11.6666667 L6.70967742,6.66666667 Z\" id=\"Shape\"><\/path>\n                                        <\/g>\n                                    <\/g>\n                                <\/g>\n                            <\/g>\n                        <\/svg><p class=\"has-small-font-size\">Data de publicaci\u00f3<\/p><p class=\"attribute\">June 2013<\/p><\/div><div class=\"wp-block-column\"><svg width=\"26px\" height=\"30px\" viewBox=\"0 0 26 30\" version=\"1.1\" xmlns=\"http:\/\/www.w3.org\/2000\/svg\" xmlns:xlink=\"http:\/\/www.w3.org\/1999\/xlink\">\n                            <g id=\"Page-1\" stroke=\"none\" stroke-width=\"1\" fill=\"none\" fill-rule=\"evenodd\" opacity=\"0.147770473\">\n                                <g id=\"24\" transform=\"translate(-1222.000000, -1528.000000)\" fill=\"#000000\" fill-rule=\"nonzero\">\n                                    <g id=\"Group-3\" transform=\"translate(233.000000, 1504.000000)\">\n                                        <g id=\"Shape-2\" transform=\"translate(989.000000, 24.000000)\">\n                                            <path d=\"M0,0 L0,25.8333333 L4.19354839,30 L26,30 L26,4.16666667 L21.8064516,0 L0,0 Z M6.70967742,2.5 L10.0645161,2.5 L10.0645161,10.1 L8.38709677,9 L6.70967742,10.1 L6.70967742,2.5 Z M2.51612903,2.5 L5.03225806,2.5 L5.03225806,13.2333333 L8.38709677,11 L11.7419355,13.2333333 L11.7419355,2.5 L20.1290323,2.5 L20.1290323,24.1666667 L2.51612903,24.1666667 L2.51612903,2.5 Z M23.483871,27.5 L5.23354839,27.5 L3.55612903,25.8333333 L21.8064516,25.8333333 L21.8064516,3.53333333 L23.483871,5.2 L23.483871,27.5 Z\" id=\"Shape\"><\/path>\n                                        <\/g>\n                                    <\/g>\n                                <\/g>\n                            <\/g>\n                        <\/svg><p class=\"has-small-font-size\">Publicat per<\/p><p class=\"attribute\">Lynx Edicions<\/p><\/div><\/div><div id=\"professionals\" class=\"max-width padding-sides\"><h2>Editors<\/h2><div class=\"professionals-wrapper\"><p class=\"professional\"><a href=\"https:\/\/lynxnaturebooks.com\/professional\/josep-del-hoyo\/\">Josep del Hoyo<\/a><\/p><p class=\"professional\"><a href=\"https:\/\/lynxnaturebooks.com\/ca\/professional\/andrew-elliott\/\">Andrew Elliott<\/a><\/p><p class=\"professional\"><a href=\"https:\/\/lynxnaturebooks.com\/ca\/professional\/jordi-sargatal\/\">Jordi Sargatal<\/a><\/p><p class=\"professional\"><a href=\"https:\/\/lynxnaturebooks.com\/ca\/professional\/david-a-christie\/\">David A. Christie<\/a><\/p><\/div><\/div>        <!-- <h2 id=\"autors\" class=\"has-text-align-center\"><\/h2>\n        <div class=\"product-autors max-width-narrow\">\n                    <\/div> -->\n    \n\n<div style=\"height:24px\" aria-hidden=\"true\" class=\"wp-block-spacer\"><\/div>\n\n<div class=\"wp-block-columns are-vertically-aligned-center is-layout-flex wp-container-core-columns-is-layout-9d6595d7 wp-block-columns-is-layout-flex\">\n<div class=\"wp-block-column is-vertically-aligned-center is-layout-flow wp-block-column-is-layout-flow\" style=\"flex-basis:200px\"><div class=\"wp-block-image\">\n<figure class=\"aligncenter size-full\"><img loading=\"lazy\" decoding=\"async\" width=\"150\" height=\"150\" src=\"https:\/\/lynxnaturebooks.com\/wp-content\/uploads\/2024\/06\/OATSEAL-Hi_Res-CHOICE-retallat-150x150-1.jpg\" alt=\"\" class=\"wp-image-84015\" srcset=\"https:\/\/lynxnaturebooks.com\/wp-content\/uploads\/2024\/06\/OATSEAL-Hi_Res-CHOICE-retallat-150x150-1.jpg 150w, https:\/\/lynxnaturebooks.com\/wp-content\/uploads\/2024\/06\/OATSEAL-Hi_Res-CHOICE-retallat-150x150-1-100x100.jpg 100w\" sizes=\"auto, (max-width: 150px) 100vw, 150px\" \/><\/figure>\n<\/div><\/div>\n\n\n\n<div class=\"wp-block-column is-vertically-aligned-center is-layout-flow wp-block-column-is-layout-flow\">\n<p><strong>Atorgat <a href=\"https:\/\/lynxnaturebooks.com\/wp-content\/uploads\/2019\/02\/Choice_outstanding_academic_title_2014-1.pdf\" target=\"_blank\" rel=\"noreferrer noopener\">al t\u00edtol acad\u00e8mic destacat, 2014<\/a><\/strong> <strong>&#8216; <a href=\"http:\/\/www.ala.org\/acrl\/choice\/\" target=\"_blank\" rel=\"noreferrer noopener\">CHOICE<\/a> : Current Reviews for Academic Libraries&#8217;.<\/strong><\/p>\n\n\n\n<p><em>Choice<\/em> publica una llista de t\u00edtols acad\u00e8mics destacats que es van revisar durant l&#8217;any natural anterior. Aquesta prestigiosa llista reflecteix el millor en t\u00edtols acad\u00e8mics revisats per <em>Choice<\/em> i porta amb si l&#8217;extraordinari reconeixement de la comunitat de biblioteques acad\u00e8mics.<\/p>\n<\/div>\n<\/div>\n\n<p class=\"has-text-align-center button-link\"><a href=\"https:\/\/www.lynxeds.info\/doc\/hbwfam1-7\" target=\"_blank\" rel=\"noopener\">\u00cdndex de no passeres (vol. 1 a 7)<\/a><\/p>\n\n<p class=\"has-text-align-center button-link\"><a href=\"https:\/\/www.lynxeds.info\/doc\/hbwfam8-16\" target=\"_blank\" rel=\"noopener\">\u00cdndex de passeriformes (vol. 8 a 16)<\/a><\/p>\n\n<div style=\"height:24px\" aria-hidden=\"true\" class=\"wp-block-spacer\"><\/div>\n\n<div class=\"wp-block-group max-width-narrow max-height\"><div class=\"wp-block-group__inner-container is-layout-constrained wp-block-group-is-layout-constrained\">\n<h2 class=\"wp-block-heading has-text-align-center\">Descripci\u00f3<\/h2>\n\n\n\n<p>El nostre comprom\u00eds amb el <em>Handbook of the Birds of the World<\/em> Series ha estat cobrir amb detall i il\u00b7lustrar totes les esp\u00e8cies d&#8217;ocells del m\u00f3n. Aquesta tasca ha portat des de l&#8217;any 1992, amb la publicaci\u00f3 del Volum 1, fins al 2011 amb la publicaci\u00f3 del Volum 16, que recull les darreres fam\u00edlies d&#8217;ocells. Tanmateix, s&#8217;han descrit diverses esp\u00e8cies realment noves per a la ci\u00e8ncia des de la publicaci\u00f3 dels seus respectius volums i, per tant, no apareixen als 16 volums de HBW. El volum especial recull i il\u00b7lustra totes aquestes esp\u00e8cies, 69, amb textos, l\u00e0mines i mapes de distribuci\u00f3 en el format cl\u00e0ssic HBW.<\/p>\n\n\n\n<p>Aix\u00ed mateix, en resposta a les nombroses peticions dels subscriptors al llarg dels anys, el volum especial inclou un \u00edndex global i complet de la col\u00b7lecci\u00f3, una eina \u00fatil que permetr\u00e0 als usuaris trobar r\u00e0pidament les esp\u00e8cies que busquen en les m\u00e9s de 12.500 p\u00e0gines de els 16 volums.<\/p>\n\n\n\n<p>Una addici\u00f3 inesperada a aquest volum \u00e9s una secci\u00f3 que inclou les descripcions cient\u00edfiques originals de 15 esp\u00e8cies, totes totalment noves per a la ci\u00e8ncia. Aquestes descripcions s\u00f3n el treball combinat d&#8217;una s\u00e8rie d&#8217;ornit\u00f2legs amaz\u00f2nics de renom i destaquen la import\u00e0ncia massiva de l&#8217;\u00e0rea de bosc tropical m\u00e9s gran del m\u00f3n.<\/p>\n\n\n\n<p>La inclusi\u00f3 de totes aquestes descripcions cient\u00edfiques al Volum Especial t\u00e9 una certa import\u00e0ncia addicional perqu\u00e8 per trobar tantes esp\u00e8cies descrites simult\u00e0niament, en el mateix article, cal retrocedir m\u00e9s d&#8217;un segle. A partir de la nostra llista inicial projectada per al volum de 53 esp\u00e8cies, ara ens complau presentar un total total de 84 esp\u00e8cies noves, incloses les descrites directament al volum.<\/p>\n\n\n\n<h3 class=\"wp-block-heading\"><strong>CONTINGUTS<\/strong><\/h3>\n\n\n\n<p><strong>Introducci\u00f3<\/strong><\/p>\n\n\n\n<p><strong>Pr\u00f2leg de BirdLife International<\/strong><br\/>90 anys i creixent: com BirdLife va passar d&#8217;un consell d&#8217;experts a una associaci\u00f3 global de tothom.<br\/>Un cap\u00edtol informatiu sobre la hist\u00f2ria i altres aspectes importants de l&#8217;organitzaci\u00f3 BirdLife International, per commemorar el 20\u00e8 aniversari de BirdLife Partnership i el 90\u00e8 aniversari del seu predecessor, el International Council for Bird Preservation.<\/p>\n\n\n\n<p><strong>Classificaci\u00f3 aviaria a Flux per Jon Fjelds\u00e5<\/strong><br\/>Una introducci\u00f3 completa als canvis en la macrosistem\u00e0tica avi\u00e0ria durant els darrers 20 anys aproximadament. Moltes relacions s&#8217;han revisat significativament, la majoria de vegades sobre la base dels resultats proporcionats per t\u00e8cniques moleculars millorades. S\u00f3n especialment \u00fatils i informatius a nivells taxon\u00f2mics superiors.<\/p>\n\n\n\n<p><strong>El descobriment de noves esp\u00e8cies d&#8217;ocells de Jon Fjelds\u00e5<\/strong><br\/>Un assaig fascinant sobre el continua descobriment en els darrers anys d&#8217;esp\u00e8cies noves per a la ci\u00e8ncia. Analitza en profunditat el com, per qu\u00e8 i on de molts d&#8217;aquests descobriments, a m\u00e9s de proporcionar una visi\u00f3 general \u00fatil.<\/p>\n\n\n\n<p><strong>Comptes d&#8217;esp\u00e8cies de noves esp\u00e8cies<\/strong><br\/>Cadascuna de les 69 esp\u00e8cies noves t\u00e9 un compte d&#8217;esp\u00e8cies, una il\u00b7lustraci\u00f3 i un mapa, igual que a la s\u00e8rie principal HBW.<\/p>\n\n\n\n<p><strong>Descripcions cient\u00edfiques originals<\/strong><br\/>Les descripcions cient\u00edfiques originals de 15 esp\u00e8cies amaz\u00f2niques apareixen impresas aqu\u00ed per primera vegada. Cada descripci\u00f3 va acompanyada de les il\u00b7lustracions necess\u00e0ries, mapa i figures variades.<\/p>\n\n\n\n<p><strong>Galeria de fotos HBW<\/strong><br\/>Una col\u00b7lecci\u00f3 de 200 impressionants fotos d&#8217;ocells seleccionades d&#8217;entre les imatges presentades al <em>HBW World Bird Photo Contest<\/em> 2012, en homenatge als meravellosos ocells del m\u00f3n, als fot\u00f2grafs de natura dedicats i inspiradors i als nostres fidels seguidors, els subscriptors de HBW!<\/p>\n\n\n\n<p><strong>\u00cdndex global<\/strong><br\/>\u00cdndex global de tota la s\u00e8rie per permetre als lectors trobar r\u00e0pidament el que busquen als 16 volums HBW. L&#8217;\u00edndex es pot cercar per nom cient\u00edfic, o per noms comuns en angl\u00e8s, franc\u00e8s, alemany i espanyol.<\/p>\n\n\n\n<p><strong>Caracter\u00edstiques:<\/strong><\/p>\n\n\n\n<ul class=\"wp-block-list\">\n<li>214 il\u00b7lustracions d&#8217;ocells<\/li>\n\n\n\n<li>50 xifres<\/li>\n\n\n\n<li>319 fotografies en color<\/li>\n\n\n\n<li>94 mapes de distribuci\u00f3<\/li>\n<\/ul>\n\n\n\n<p class=\"has-text-align-center button-link button-view-all\"><a href=\"#viewall\">Veure tot<\/a><\/p>\n<\/div><\/div>\n\n<div style=\"height:20px\" aria-hidden=\"true\" class=\"wp-block-spacer\"><\/div>\n\n<div class=\"wp-block-group max-width-narrow max-height\"><div class=\"wp-block-group__inner-container is-layout-constrained wp-block-group-is-layout-constrained\"><div class=\"wp-block-group max-width-narrow\"><\/div>\n\n\n\n<p class=\"has-text-align-center button-link button-view-all\"><a href=\"#viewall\">Veure tot<\/a><\/p>\n<\/div><\/div>\n","protected":false},"excerpt":{"rendered":"<p>El nostre comprom\u00eds amb el <em>Handbook of the Birds of the World<\/em> Series ha estat cobrir amb detall i il\u00b7lustrar totes les esp\u00e8cies d&#8217;ocells del m\u00f3n. Aquesta tasca ha portat des de l&#8217;any 1992, amb la publicaci\u00f3 del Volum 1, fins al 2011 amb la publicaci\u00f3 del Volum 16, que recull les darreres fam\u00edlies d&#8217;ocells.  <strong>Preu original: 145\u20ac<\/strong><\/p>\n","protected":false},"featured_media":83773,"comment_status":"open","ping_status":"closed","template":"","meta":[],"collection":[],"product_brand":[],"product_cat":[193,243,227],"product_tag":[],"class_list":{"0":"post-2922","1":"product","2":"type-product","3":"status-publish","4":"has-post-thumbnail","6":"product_cat-handbook-of-the-birds-of-the-world","7":"product_cat-enciclopedies","8":"product_cat-ocells","10":"first","11":"instock","12":"shipping-taxable","13":"purchasable","14":"product-type-simple"},"_links":{"self":[{"href":"https:\/\/lynxnaturebooks.com\/ca\/wp-json\/wp\/v2\/product\/2922","targetHints":{"allow":["GET"]}}],"collection":[{"href":"https:\/\/lynxnaturebooks.com\/ca\/wp-json\/wp\/v2\/product"}],"about":[{"href":"https:\/\/lynxnaturebooks.com\/ca\/wp-json\/wp\/v2\/types\/product"}],"replies":[{"embeddable":true,"href":"https:\/\/lynxnaturebooks.com\/ca\/wp-json\/wp\/v2\/comments?post=2922"}],"wp:featuredmedia":[{"embeddable":true,"href":"https:\/\/lynxnaturebooks.com\/ca\/wp-json\/wp\/v2\/media\/83773"}],"wp:attachment":[{"href":"https:\/\/lynxnaturebooks.com\/ca\/wp-json\/wp\/v2\/media?parent=2922"}],"wp:term":[{"taxonomy":"collection","embeddable":true,"href":"https:\/\/lynxnaturebooks.com\/ca\/wp-json\/wp\/v2\/collection?post=2922"},{"taxonomy":"product_brand","embeddable":true,"href":"https:\/\/lynxnaturebooks.com\/ca\/wp-json\/wp\/v2\/product_brand?post=2922"},{"taxonomy":"product_cat","embeddable":true,"href":"https:\/\/lynxnaturebooks.com\/ca\/wp-json\/wp\/v2\/product_cat?post=2922"},{"taxonomy":"product_tag","embeddable":true,"href":"https:\/\/lynxnaturebooks.com\/ca\/wp-json\/wp\/v2\/product_tag?post=2922"}],"curies":[{"name":"wp","href":"https:\/\/api.w.org\/{rel}","templated":true}]}}