{"id":2883,"date":"2004-01-01T10:00:00","date_gmt":"2004-01-01T09:00:00","guid":{"rendered":"https:\/\/www.lynxeds.com\/product\/aves-de-espana-una-celebracion\/"},"modified":"2024-07-16T15:55:46","modified_gmt":"2024-07-16T13:55:46","slug":"aves-de-espana-una-celebracion","status":"publish","type":"product","link":"https:\/\/lynxnaturebooks.com\/ca\/producte\/aves-de-espana-una-celebracion\/","title":{"rendered":"Aves de Espa\u00f1a. Una Celebraci\u00f3n"},"content":{"rendered":"<p>Els millors fot\u00f2grafs espanyols de fauna commemoran els 50 anys de SEO\/BirdLife, el Partner de BirdLife a Espanya, amb una meravellosa selecci\u00f3 d&#8217;espectaculars fotografies d&#8217;aus ib\u00e8riques. 43 fot\u00f2grafs, 263 fotos, 171 esp\u00e8cies destacades.<\/p>\n","protected":false},"excerpt":{"rendered":"<p>Els millors fot\u00f2grafs espanyols de fauna commemoran els 50 anys de SEO\/BirdLife, el Partner de BirdLife a Espanya, amb una meravellosa selecci\u00f3 d&#8217;espectaculars fotografies d&#8217;aus ib\u00e8riques. 43 fot\u00f2grafs, 263 fotos, 171 esp\u00e8cies destacades.<\/p>\n","protected":false},"featured_media":1517,"comment_status":"open","ping_status":"closed","template":"","meta":[],"collection":[],"product_brand":[],"product_cat":[182,227,179],"product_tag":[283],"class_list":{"0":"post-2883","1":"product","2":"type-product","3":"status-publish","4":"has-post-thumbnail","6":"product_cat-art-i-prosa","7":"product_cat-ocells","8":"product_cat-paleartica-ca","9":"product_tag-espanya","11":"first","12":"discontinued","13":"shipping-taxable","14":"product-type-simple"},"_links":{"self":[{"href":"https:\/\/lynxnaturebooks.com\/ca\/wp-json\/wp\/v2\/product\/2883","targetHints":{"allow":["GET"]}}],"collection":[{"href":"https:\/\/lynxnaturebooks.com\/ca\/wp-json\/wp\/v2\/product"}],"about":[{"href":"https:\/\/lynxnaturebooks.com\/ca\/wp-json\/wp\/v2\/types\/product"}],"replies":[{"embeddable":true,"href":"https:\/\/lynxnaturebooks.com\/ca\/wp-json\/wp\/v2\/comments?post=2883"}],"wp:featuredmedia":[{"embeddable":true,"href":"https:\/\/lynxnaturebooks.com\/ca\/wp-json\/wp\/v2\/media\/1517"}],"wp:attachment":[{"href":"https:\/\/lynxnaturebooks.com\/ca\/wp-json\/wp\/v2\/media?parent=2883"}],"wp:term":[{"taxonomy":"collection","embeddable":true,"href":"https:\/\/lynxnaturebooks.com\/ca\/wp-json\/wp\/v2\/collection?post=2883"},{"taxonomy":"product_brand","embeddable":true,"href":"https:\/\/lynxnaturebooks.com\/ca\/wp-json\/wp\/v2\/product_brand?post=2883"},{"taxonomy":"product_cat","embeddable":true,"href":"https:\/\/lynxnaturebooks.com\/ca\/wp-json\/wp\/v2\/product_cat?post=2883"},{"taxonomy":"product_tag","embeddable":true,"href":"https:\/\/lynxnaturebooks.com\/ca\/wp-json\/wp\/v2\/product_tag?post=2883"}],"curies":[{"name":"wp","href":"https:\/\/api.w.org\/{rel}","templated":true}]}}