{"id":15796,"date":"2020-06-23T11:19:51","date_gmt":"2020-06-23T11:19:51","guid":{"rendered":"https:\/\/www.lynxeds.com\/?post_type=product&#038;p=15796"},"modified":"2026-04-08T09:22:44","modified_gmt":"2026-04-08T07:22:44","slug":"european-breeding-bird-atlas-2-distribution-abundance-and-change","status":"publish","type":"product","link":"https:\/\/lynxnaturebooks.com\/ca\/producte\/european-breeding-bird-atlas-2-distribution-abundance-and-change\/","title":{"rendered":"<span class=\"title\">European Breeding Bird Atlas 2<\/span><span class=\"subtitle\">Distribution, Abundance and Change<\/span>"},"content":{"rendered":"\n<div class=\"wp-block-group frases-slide\"><div class=\"wp-block-group__inner-container is-layout-constrained wp-block-group-is-layout-constrained\">\n<div class=\"wp-block-group quote-group slide\"><div class=\"wp-block-group__inner-container is-layout-constrained wp-block-group-is-layout-constrained\">\n<h2 class=\"wp-block-heading\"><strong>GUANYADOR<\/strong> <strong>BB\/BTO Millor llibre d&#8217;ocells de l&#8217;any 2021<\/strong><\/h2>\n\n\n\n<p class=\"has-text-align-center has-medium-font-size\">&#8220;Considerats pels jutges com el t\u00edtol m\u00e9s significatiu, influent i de gran abast dels \u00faltims 12 mesos, tots sis van atorgar les seves millors notes a EBBA2. L&#8217;ampli atractiu del llibre, l&#8217;\u00e0mplia aplicaci\u00f3 i la seva contribuci\u00f3 significativa a la ci\u00e8ncia van ser elogiats. Els jutges ha elogiat tant l&#8217;alt valor del contingut de la publicaci\u00f3 com la manera accessible en qu\u00e8 es presenta la informaci\u00f3, des dels textos llegibles fins als diferents mapes, que ofereixen dades de manera clara i f\u00e0cil d&#8217;interpretar amb un nombre creixent d&#8217;esp\u00e8cies que mostren canvis poblaci\u00f3 i distribuci\u00f3, aquest t\u00edtol no nom\u00e9s ofereix una visi\u00f3 general actualitzada de la situaci\u00f3 actual de cada esp\u00e8cie, sin\u00f3 que tamb\u00e9 actuar\u00e0 com un punt de control vital per mirar enrere i comparar-lo durant les properes d\u00e8cades&#8221;.<\/p>\n\n\n\n<p class=\"has-text-align-center\"><em>British Birds<\/em> 115, febrer de 2022<\/p>\n<\/div><\/div>\n\n\n\n<div class=\"wp-block-group quote-group slide\"><div class=\"wp-block-group__inner-container is-layout-constrained wp-block-group-is-layout-constrained\">\n<p class=\"has-text-align-center has-medium-font-size\">&#8220;L&#8217;Atles europeu d&#8217;ocells reproductors 2 s&#8217;ha dissenyat perqu\u00e8 tothom el pugui utilitzar, des de cient\u00edfics i conservacionistes fins a naturalistes aficionats i observadors d&#8217;ocells.<br>Cont\u00e9 mapes grans i clars, obres d&#8217;art atractives i text llegible. Per tant, aquest \u00e9s un gran llibre de refer\u00e8ncia per a qualsevol persona interessada en la distribuci\u00f3, l&#8217;estat canviant i les necessitats de conservaci\u00f3 de les aus reproductores d&#8217;Europa. \u00c9s una obra incre\u00efble&#8221;.<\/p>\n\n\n\n<p class=\"has-text-align-center\">Frank Lambert, <a href=\"https:\/\/www.franklambertbirding.com\/review-european-breeding-bird-atlas2\" target=\"_blank\" rel=\"noopener\">The Birder&#8217;s Library<\/a>, febrer de 2022<\/p>\n<\/div><\/div>\n\n\n\n<div class=\"wp-block-group quote-group slide\"><div class=\"wp-block-group__inner-container is-layout-constrained wp-block-group-is-layout-constrained\">\n<p class=\"has-text-align-center has-medium-font-size\">&#8220;La mise \u00e0 jour d&#8217;une couverture \u00e0 l&#8217;\u00e9chelle continentale, trois d\u00e9cennies apr\u00e8s les pionniers Hagemeijer &amp; Blair (1997), no podia que s&#8217;y confronter de plein fouet. La panoplie d&#8217;auteurs et de relais nationaux impliqu\u00e9s trahit l&#8217; &#8216;ampleur de la t\u00e2che, pour faire coexister une diversit\u00e9 de ressources humaines et financi\u00e8res tr\u00e8s variables selon les pays N\u00e9anmoins, le pari est r\u00e9ussi \/\u2026\/ Surtout, l&#8217;ensemble nous permet, pour chaque esp\u00e8ce, de situer les r\u00e9centes tendances document\u00e9es au sein de notre \u00eelot helv\u00e9tique en un context contemporain bien plus vaste, especialment li\u00e9 au changement climatique.&#8221;<\/p>\n\n\n\n<p class=\"has-text-align-center\">Bertrand Posse, <em>Nos Oiseaux<\/em> 68\/1, Mar\u00e7 2021, N\u00ba 543<\/p>\n<\/div><\/div>\n\n\n\n<div class=\"wp-block-group quote-group slide\"><div class=\"wp-block-group__inner-container is-layout-constrained wp-block-group-is-layout-constrained\">\n<p class=\"has-text-align-center has-medium-font-size\">&#8220;Pensant en la quantitat i la qualitat del treball que hi ha darrere d&#8217;EBBA2, el preu del llibre (90,00 \u20ac) est\u00e0 totalment justificat. EBBA2 \u00e9s un &#8220;imprescindible&#8221; per als ornit\u00f2legs de tots els nivells, \u00e9s la descripci\u00f3 m\u00e9s completa de la L&#8217;avifauna europea d&#8217;avui i ofereix una perspectiva din\u00e0mica de les dades presentades amb el canvi i els mapes modelats, de fet, EBBA2 convida els lectors a considerar les grans alteracions que es van produir en les darreres d\u00e8cades i alhora els informa sobre la necessitat d&#8217;actuar en el futur. .<\/p>\n\n\n\n<p class=\"has-text-align-center\">Benedetta Catitti, <a href=\"https:\/\/www.avocetta.org\/read\/?exu\/\" target=\"_blank\" rel=\"noreferrer noopener\"><em>Avocetta<\/em><\/a>, Volum 44 &#8211; N.2, desembre de 2020<\/p>\n<\/div><\/div>\n<\/div><\/div>\n\n\n\n<div style=\"height:22px\" aria-hidden=\"true\" class=\"wp-block-spacer\"><\/div>\n\n\n<div class=\"wp-block-columns attributes-columns\"><div class=\"wp-block-column\"><svg width=\"28px\" height=\"35px\" viewBox=\"0 0 28 35\" version=\"1.1\" xmlns=\"http:\/\/www.w3.org\/2000\/svg\" xmlns:xlink=\"http:\/\/www.w3.org\/1999\/xlink\">\n                            <g id=\"Page-1\" stroke=\"none\" stroke-width=\"1\" fill=\"none\" fill-rule=\"evenodd\" opacity=\"0.147770473\">\n                                <g id=\"24\" transform=\"translate(-287.000000, -1522.000000)\" fill=\"#000000\" fill-rule=\"nonzero\" stroke=\"#000000\" stroke-width=\"0.799586777\">\n                                    <g id=\"Group-3\" transform=\"translate(233.000000, 1504.000000)\">\n                                        <g id=\"Shape-3\" transform=\"translate(55.000000, 19.000000)\">\n                                            <path d=\"M13,0 C9.82319737,0 7.22466566,2.63962325 7.22466566,5.86666055 C7.22466566,8.71794192 9.25407358,11.1008511 11.9171246,11.6187379 L11.9171246,13.9333188 L6.8637075,13.9333188 C6.8261332,13.9313284 6.78848231,13.9313284 6.75090801,13.9333188 C6.331882,13.9764915 5.97550223,14.2625282 5.83723204,14.6666514 L0.0618978813,31.5333078 C-0.0555594524,31.8709186 -0.00391373208,32.2454751 0.200335189,32.5373134 C0.40458411,32.8291517 0.7358774,33.0017525 1.08837297,32.9999866 L13,32.9999866 L24.9116267,32.9999866 C25.2641223,33.0017526 25.5954157,32.8291519 25.7996647,32.5373136 C26.0039137,32.2454752 26.0555595,31.8709186 25.9381021,31.5333078 L20.162768,14.6666514 C20.0091004,14.2252213 19.5972147,13.9309628 19.1362925,13.9333188 L14.082875,13.9333188 L14.082875,11.6187379 C16.7459261,11.1008511 18.775334,8.71794192 18.775334,5.86666055 C18.775334,2.63962325 16.1768026,0 13,0 L13,0 Z M12.9999998,2.19999771 C15.0063443,2.19999771 16.6095839,3.82859001 16.6095839,5.86666055 C16.6095839,7.52644516 15.5508938,8.91385538 14.071595,9.3729069 C13.99526,8.77759028 13.4631728,8.35436769 12.8759203,8.42186622 C12.3828087,8.48076346 11.9922861,8.87273886 11.9284046,9.3729069 C10.4491059,8.91385538 9.39041606,7.52644516 9.39041606,5.86666055 C9.39041606,3.82859001 10.9936557,2.19999771 12.9999998,2.19999771 L12.9999998,2.19999771 Z M7.6307439,16.1333239 L12.9999998,16.1333239 L18.3692561,16.1333239 L23.3888335,30.7999752 L12.9999998,30.7999752 L2.61116648,30.7999752 L7.6307439,16.1333239 L7.6307439,16.1333239 Z\" id=\"Shape\"><\/path>\n                                        <\/g>\n                                    <\/g>\n                                <\/g>\n                            <\/g>\n                        <\/svg><p class=\"has-small-font-size\">Pes<\/p><p class=\"attribute\">5 kg<\/p><\/div><div class=\"wp-block-column\"><svg width=\"34px\" height=\"35px\" viewBox=\"0 0 34 35\" version=\"1.1\" xmlns=\"http:\/\/www.w3.org\/2000\/svg\" xmlns:xlink=\"http:\/\/www.w3.org\/1999\/xlink\">\n                            <g id=\"Page-1\" stroke=\"none\" stroke-width=\"1\" fill=\"none\" fill-rule=\"evenodd\" opacity=\"0.147770473\">\n                                <g id=\"24\" transform=\"translate(-471.000000, -1523.000000)\" fill=\"#000000\" fill-rule=\"nonzero\">\n                                    <g id=\"Group-3\" transform=\"translate(233.000000, 1504.000000)\">\n                                        <g id=\"Group-10\" transform=\"translate(238.000000, 19.000000)\">\n                                            <polygon id=\"Path\" points=\"0 9.72222222 2 9.72222222 2 33.0555556 0 33.0555556 0 35 6 35 6 33.0555556 4 33.0555556 4 9.72222222 6 9.72222222 6 7.77777778 0 7.77777778\"><\/polygon>\n                                            <polygon id=\"Path\" points=\"32 1.94444444 10 1.94444444 10 0 8 0 8 5.83333333 10 5.83333333 10 3.88888889 32 3.88888889 32 5.83333333 34 5.83333333 34 0 32 0\"><\/polygon>\n                                            <path d=\"M8,7.77777778 L8,30.1388889 L13,35 L33,35 L33,12.6388889 L28,7.77777778 L8,7.77777778 Z M11,10.6944444 L26,10.6944444 L26,28.1944444 L11,28.1944444 L11,10.6944444 Z M30,32.0833333 L14.24,32.0833333 L12.24,30.1388889 L28,30.1388889 L28,11.9 L30,13.8444444 L30,32.0833333 Z\" id=\"Shape\"><\/path>\n                                            <rect id=\"Rectangle\" x=\"13\" y=\"15.5555556\" width=\"11\" height=\"1.94444444\"><\/rect>\n                                            <rect id=\"Rectangle\" x=\"15\" y=\"19.4444444\" width=\"7\" height=\"1.94444444\"><\/rect>\n                                        <\/g>\n                                    <\/g>\n                                <\/g>\n                            <\/g>\n                        <\/svg><p class=\"has-small-font-size\">Dimensions<\/p><p class=\"attribute\">24 &times; 31 cm<\/p><\/div><div class=\"wp-block-column\"><svg width=\"26px\" height=\"30px\" viewBox=\"0 0 26 30\" version=\"1.1\" xmlns=\"http:\/\/www.w3.org\/2000\/svg\" xmlns:xlink=\"http:\/\/www.w3.org\/1999\/xlink\">\n                            <g id=\"Page-1\" stroke=\"none\" stroke-width=\"1\" fill=\"none\" fill-rule=\"evenodd\" opacity=\"0.147770473\">\n                                <g id=\"24\" transform=\"translate(-661.000000, -1528.000000)\" fill=\"#000000\" fill-rule=\"nonzero\">\n                                    <g id=\"Group-3\" transform=\"translate(233.000000, 1504.000000)\">\n                                        <g id=\"Group-12\" transform=\"translate(428.000000, 24.000000)\">\n                                            <path d=\"M0,0 L0,25.8333333 L4.19354839,30 L26,30 L26,4.16666667 L21.8064516,0 M2.01290323,2.5 L20.1290323,2.5 L20.1290323,24.1666667 L2.01290323,24.1666667 L2.01290323,2.5 Z M23.483871,27.5 L5.23354839,27.5 L3.55612903,25.8333333 L21.8064516,25.8333333 L21.8064516,3.53333333 L23.483871,5.2 L23.483871,27.5 Z\" id=\"Shape\"><\/path>\n                                            <rect id=\"Rectangle\" x=\"7.5483871\" y=\"8.33333333\" width=\"10.9032258\" height=\"1.66666667\"><\/rect>\n                                            <rect id=\"Rectangle\" x=\"7.5483871\" y=\"11.6666667\" width=\"10.9032258\" height=\"1.66666667\"><\/rect>\n                                            <rect id=\"Rectangle\" x=\"7.5483871\" y=\"15\" width=\"10.9032258\" height=\"1.66666667\"><\/rect>\n                                            <rect id=\"Rectangle\" x=\"7.5483871\" y=\"18.3333333\" width=\"5.87096774\" height=\"1.66666667\"><\/rect>\n                                        <\/g>\n                                    <\/g>\n                                <\/g>\n                            <\/g>\n                        <\/svg><p class=\"has-small-font-size\">Idioma<\/p><p class=\"attribute\">Angl\u00e8s<\/p><\/div><div class=\"wp-block-column\"><svg width=\"26px\" height=\"30px\" viewBox=\"0 0 26 30\" version=\"1.1\" xmlns=\"http:\/\/www.w3.org\/2000\/svg\" xmlns:xlink=\"http:\/\/www.w3.org\/1999\/xlink\">\n                            <g id=\"Page-1\" stroke=\"none\" stroke-width=\"1\" fill=\"none\" fill-rule=\"evenodd\" opacity=\"0.147770473\">\n                                <g id=\"24\" transform=\"translate(-849.000000, -1528.000000)\" fill=\"#000000\" fill-rule=\"nonzero\">\n                                    <g id=\"Group-3\" transform=\"translate(233.000000, 1504.000000)\">\n                                        <g id=\"Group-11\" transform=\"translate(616.000000, 24.000000)\">\n                                            <path d=\"M0,0 L0,25.8333333 L4.19354839,30 L26,30 L26,4.16666667 L21.8064516,0 L0,0 Z M2.51612903,2.5 L20.1290323,2.5 L20.1290323,24.1666667 L2.51612903,24.1666667 L2.51612903,2.5 Z M23.483871,27.5 L5.23354839,27.5 L3.55612903,25.8333333 L21.8064516,25.8333333 L21.8064516,3.53333333 L23.483871,5.2 L23.483871,27.5 Z\" id=\"Shape\"><\/path>\n                                            <path d=\"M5.03225806,13.3333333 L17.6129032,13.3333333 L17.6129032,5 L5.03225806,5 L5.03225806,13.3333333 Z M6.70967742,6.66666667 L15.9354839,6.66666667 L15.9354839,11.6666667 L6.70967742,11.6666667 L6.70967742,6.66666667 Z\" id=\"Shape\"><\/path>\n                                        <\/g>\n                                    <\/g>\n                                <\/g>\n                            <\/g>\n                        <\/svg><p class=\"has-small-font-size\">Format<\/p><p class=\"attribute\">Tapa dura<\/p><\/div><div class=\"wp-block-column\"><svg width=\"26px\" height=\"30px\" viewBox=\"0 0 26 30\" version=\"1.1\" xmlns=\"http:\/\/www.w3.org\/2000\/svg\" xmlns:xlink=\"http:\/\/www.w3.org\/1999\/xlink\">\n                            <g id=\"Page-1\" stroke=\"none\" stroke-width=\"1\" fill=\"none\" fill-rule=\"evenodd\" opacity=\"0.147770473\">\n                                <g id=\"24\" transform=\"translate(-661.000000, -1528.000000)\" fill=\"#000000\" fill-rule=\"nonzero\">\n                                    <g id=\"Group-3\" transform=\"translate(233.000000, 1504.000000)\">\n                                        <g id=\"Group-12\" transform=\"translate(428.000000, 24.000000)\">\n                                            <path d=\"M0,0 L0,25.8333333 L4.19354839,30 L26,30 L26,4.16666667 L21.8064516,0 M2.01290323,2.5 L20.1290323,2.5 L20.1290323,24.1666667 L2.01290323,24.1666667 L2.01290323,2.5 Z M23.483871,27.5 L5.23354839,27.5 L3.55612903,25.8333333 L21.8064516,25.8333333 L21.8064516,3.53333333 L23.483871,5.2 L23.483871,27.5 Z\" id=\"Shape\"><\/path>\n                                            <rect id=\"Rectangle\" x=\"7.5483871\" y=\"8.33333333\" width=\"10.9032258\" height=\"1.66666667\"><\/rect>\n                                            <rect id=\"Rectangle\" x=\"7.5483871\" y=\"11.6666667\" width=\"10.9032258\" height=\"1.66666667\"><\/rect>\n                                            <rect id=\"Rectangle\" x=\"7.5483871\" y=\"15\" width=\"10.9032258\" height=\"1.66666667\"><\/rect>\n                                            <rect id=\"Rectangle\" x=\"7.5483871\" y=\"18.3333333\" width=\"5.87096774\" height=\"1.66666667\"><\/rect>\n                                        <\/g>\n                                    <\/g>\n                                <\/g>\n                            <\/g>\n                        <\/svg><p class=\"has-small-font-size\">P\u00e0gines<\/p><p class=\"attribute\">967<\/p><\/div><div class=\"wp-block-column\"><svg width=\"26px\" height=\"30px\" viewBox=\"0 0 26 30\" version=\"1.1\" xmlns=\"http:\/\/www.w3.org\/2000\/svg\" xmlns:xlink=\"http:\/\/www.w3.org\/1999\/xlink\">\n                            <g id=\"Page-1\" stroke=\"none\" stroke-width=\"1\" fill=\"none\" fill-rule=\"evenodd\" opacity=\"0.147770473\">\n                                <g id=\"24\" transform=\"translate(-849.000000, -1528.000000)\" fill=\"#000000\" fill-rule=\"nonzero\">\n                                    <g id=\"Group-3\" transform=\"translate(233.000000, 1504.000000)\">\n                                        <g id=\"Group-11\" transform=\"translate(616.000000, 24.000000)\">\n                                            <path d=\"M0,0 L0,25.8333333 L4.19354839,30 L26,30 L26,4.16666667 L21.8064516,0 L0,0 Z M2.51612903,2.5 L20.1290323,2.5 L20.1290323,24.1666667 L2.51612903,24.1666667 L2.51612903,2.5 Z M23.483871,27.5 L5.23354839,27.5 L3.55612903,25.8333333 L21.8064516,25.8333333 L21.8064516,3.53333333 L23.483871,5.2 L23.483871,27.5 Z\" id=\"Shape\"><\/path>\n                                            <path d=\"M5.03225806,13.3333333 L17.6129032,13.3333333 L17.6129032,5 L5.03225806,5 L5.03225806,13.3333333 Z M6.70967742,6.66666667 L15.9354839,6.66666667 L15.9354839,11.6666667 L6.70967742,11.6666667 L6.70967742,6.66666667 Z\" id=\"Shape\"><\/path>\n                                        <\/g>\n                                    <\/g>\n                                <\/g>\n                            <\/g>\n                        <\/svg><p class=\"has-small-font-size\">Data de publicaci\u00f3<\/p><p class=\"attribute\">December 2020<\/p><\/div><div class=\"wp-block-column\"><svg width=\"26px\" height=\"30px\" viewBox=\"0 0 26 30\" version=\"1.1\" xmlns=\"http:\/\/www.w3.org\/2000\/svg\" xmlns:xlink=\"http:\/\/www.w3.org\/1999\/xlink\">\n                            <g id=\"Page-1\" stroke=\"none\" stroke-width=\"1\" fill=\"none\" fill-rule=\"evenodd\" opacity=\"0.147770473\">\n                                <g id=\"24\" transform=\"translate(-1222.000000, -1528.000000)\" fill=\"#000000\" fill-rule=\"nonzero\">\n                                    <g id=\"Group-3\" transform=\"translate(233.000000, 1504.000000)\">\n                                        <g id=\"Shape-2\" transform=\"translate(989.000000, 24.000000)\">\n                                            <path d=\"M0,0 L0,25.8333333 L4.19354839,30 L26,30 L26,4.16666667 L21.8064516,0 L0,0 Z M6.70967742,2.5 L10.0645161,2.5 L10.0645161,10.1 L8.38709677,9 L6.70967742,10.1 L6.70967742,2.5 Z M2.51612903,2.5 L5.03225806,2.5 L5.03225806,13.2333333 L8.38709677,11 L11.7419355,13.2333333 L11.7419355,2.5 L20.1290323,2.5 L20.1290323,24.1666667 L2.51612903,24.1666667 L2.51612903,2.5 Z M23.483871,27.5 L5.23354839,27.5 L3.55612903,25.8333333 L21.8064516,25.8333333 L21.8064516,3.53333333 L23.483871,5.2 L23.483871,27.5 Z\" id=\"Shape\"><\/path>\n                                        <\/g>\n                                    <\/g>\n                                <\/g>\n                            <\/g>\n                        <\/svg><p class=\"has-small-font-size\">Publicat per<\/p><p class=\"attribute\">Lynx Edicions<\/p><\/div><\/div><div id=\"professionals\" class=\"max-width padding-sides\"><h2>Autors<\/h2><div class=\"professionals-wrapper\"><p class=\"professional\"><a href=\"https:\/\/lynxnaturebooks.com\/professional\/verena-keller\/\">Verena Keller<\/a><\/p><p class=\"professional\"><a href=\"https:\/\/lynxnaturebooks.com\/professional\/sergi-herrando\/\">Sergi Herrando<\/a><\/p><p class=\"professional\"><a href=\"https:\/\/lynxnaturebooks.com\/ca\/professional\/petr-vorisek\/\">Petr Vo\u0159\u00ed\u0161ek<\/a><\/p><p class=\"professional\"><a href=\"https:\/\/lynxnaturebooks.com\/professional\/marti-franch\/\">Mart\u00ed Franch<\/a><\/p><p class=\"professional\"><a href=\"https:\/\/lynxnaturebooks.com\/ca\/professional\/marina-kipson\/\">Marina Kipson<\/a><\/p><p class=\"professional\"><a href=\"https:\/\/lynxnaturebooks.com\/ca\/professional\/pietro-milanesi\/\">Pietro Milanesi<\/a><\/p><p class=\"professional\"><a href=\"https:\/\/lynxnaturebooks.com\/ca\/professional\/david-marti\/\">David Mart\u00ed<\/a><\/p><p class=\"professional\"><a href=\"https:\/\/lynxnaturebooks.com\/ca\/professional\/marc-anton\/\">Marc Anton<\/a><\/p><p class=\"professional\"><a href=\"https:\/\/lynxnaturebooks.com\/ca\/professional\/alena-klvanova\/\">Alena Klva\u0148ov\u00e1<\/a><\/p><p class=\"professional\"><a href=\"https:\/\/lynxnaturebooks.com\/ca\/professional\/mikhail-v-kalyakin\/\">Mikhail V. Kalyakin<\/a><\/p><p class=\"professional\"><a href=\"https:\/\/lynxnaturebooks.com\/ca\/professional\/hans-gunther-bauer\/\">Hans-G\u00fcnther Bauer<\/a><\/p><p class=\"professional\"><a href=\"https:\/\/lynxnaturebooks.com\/ca\/professional\/ruud-p-b-foppen\/\">Ruud P. B. Foppen<\/a><\/p><\/div><\/div>        <!-- <h2 id=\"autors\" class=\"has-text-align-center\"><\/h2>\n        <div class=\"product-autors max-width-narrow\">\n                    <\/div> -->\n    \n\n\n\n<div class=\"wp-block-group max-width-narrow max-height\"><div class=\"wp-block-group__inner-container is-layout-constrained wp-block-group-is-layout-constrained\">\n<h2 class=\"wp-block-heading has-text-align-center\">Descripci\u00f3<\/h2>\n\n\n\n<p>Determinar correctament on es troben els ocells en aquest m\u00f3n canviant \u00e9s de gran import\u00e0ncia per a la seva conservaci\u00f3, i fer-ho a escala continental \u00e9s una cosa que nom\u00e9s es pot aconseguir amb una forta voluntat de cooperaci\u00f3 internacional. Per fer-ho, l&#8217;European Bird Census Council (EBCC) s&#8217;organitza com una xarxa d&#8217;ornit\u00f2legs experts que impulsen el treball de l&#8217;atles d&#8217;aus a tot Europa.<\/p>\n\n\n\n<p>El primer <em>Atles europeu d&#8217;ocells reproductors<\/em> (EBBA1) publicat per l&#8217;EBCC l&#8217;any 1997 va ser una fita en l&#8217;ornitologia europea. El projecte del segon Atles europeu d&#8217;ocells reproductors (EBBA2) va ser dut a terme per la xarxa EBCC d&#8217;organitzacions associades de 48 pa\u00efsos. En total, uns 120.000 treballadors de camp van aportar dades a l&#8217;atles, la gran majoria d&#8217;ells de manera volunt\u00e0ria. Com a tal, aquest projecte constitueix un dels projectes de ci\u00e8ncia ciutadana m\u00e9s grans sobre la biodiversitat mai. La recollida i an\u00e0lisi de dades va seguir un protocol cient\u00edfic rigor\u00f3s, liderat per un equip d&#8217;investigadors d&#8217;instituts ornitol\u00f2gics amb molts anys d&#8217;experi\u00e8ncia en el treball d&#8217;atles.<\/p>\n\n\n\n<p>L&#8217;enorme esfor\u00e7 de treball de camp va donar lloc a una cobertura geogr\u00e0fica sense precedents per a un atles de biodiversitat a Europa, incloses totes les zones fins als Urals i el mar Caspi que no estaven ben cobertes per a EBBA1. Aquestes dades es van recollir principalment per al per\u00edode que va del 2013 al 2017.<\/p>\n\n\n\n<p>El llibre presenta informaci\u00f3 sobre totes les esp\u00e8cies que s&#8217;han informat que es reprodueixen durant el per\u00edode d&#8217;estudi i algunes amb un estat de reproducci\u00f3 m\u00e9s incert. Un total de 556 esp\u00e8cies es tracten amb un compte complet d&#8217;esp\u00e8cies que inclou mapes, text i una il\u00b7lustraci\u00f3; La informaci\u00f3 sobre 69 esp\u00e8cies molt rares o de reproducci\u00f3 irregular es presenta en un ap\u00e8ndix. Els comptes complets d&#8217;esp\u00e8cies inclouen mapes de distribuci\u00f3 amb una resoluci\u00f3 de 50 \u00d7 50 km (normalment mostren dades d&#8217;abund\u00e0ncia), mapes de distribuci\u00f3 modelats amb una resoluci\u00f3 de 10 \u00d7 10 km (per a 222 ocells reproductors) i mapes de canvis que documenten els canvis en la distribuci\u00f3 des del primer atles.<\/p>\n\n\n\n<p>L&#8217;art original il\u00b7lustra totes les esp\u00e8cies amb un compte complet. Les il\u00b7lustracions van ser aportades per 46 artistes de 18 pa\u00efsos, amb diferents estils i t\u00e8cniques, que reflecteixen la diversitat europea.<\/p>\n\n\n\n<p>Aquest llibre representa la font d&#8217;informaci\u00f3 m\u00e9s actualitzada sobre la distribuci\u00f3 i el canvi dels ocells a Europa, i una gran contribuci\u00f3 a l&#8217;objectiu global d&#8217;entendre la biodiversitat per garantir-ne la conservaci\u00f3.<\/p>\n\n\n\n<p class=\"has-text-align-center button-link button-view-all\"><a href=\"#viewall\">Veure tot<\/a><\/p>\n<\/div><\/div>\n\n\n\n<div style=\"height:20px\" aria-hidden=\"true\" class=\"wp-block-spacer\"><\/div>\n\n\n\n<div class=\"wp-block-group max-width-narrow max-height\"><div class=\"wp-block-group__inner-container is-layout-constrained wp-block-group-is-layout-constrained\"><div class=\"wp-block-group max-width-narrow\"><\/div>\n\n\n\n<p class=\"has-text-align-center button-link button-view-all\"><a href=\"#viewall\">Veure tot<\/a><\/p>\n<\/div><\/div>\n","protected":false},"excerpt":{"rendered":"<p>Aquest llibre presenta informaci\u00f3 sobre totes les esp\u00e8cies que s&#8217;han informat que es reprodueixen durant el per\u00edode d&#8217;estudi. Un total de 556 esp\u00e8cies es tracten amb un compte complet d&#8217;esp\u00e8cies que inclou mapes, text i una il\u00b7lustraci\u00f3. <strong>Publicat com a col\u00b7laboraci\u00f3 entre l&#8217;European Bird Census Council (EBCC) i Lynx Edicions<\/strong><\/p>\n","protected":false},"featured_media":86718,"comment_status":"open","ping_status":"closed","template":"","meta":[],"collection":[],"product_brand":[],"product_cat":[259,227,179],"product_tag":[315],"class_list":{"0":"post-15796","1":"product","2":"type-product","3":"status-publish","4":"has-post-thumbnail","6":"product_cat-referencia","7":"product_cat-ocells","8":"product_cat-paleartica-ca","9":"product_tag-mes-venuts","11":"first","12":"instock","13":"shipping-taxable","14":"purchasable","15":"product-type-simple"},"_links":{"self":[{"href":"https:\/\/lynxnaturebooks.com\/ca\/wp-json\/wp\/v2\/product\/15796","targetHints":{"allow":["GET"]}}],"collection":[{"href":"https:\/\/lynxnaturebooks.com\/ca\/wp-json\/wp\/v2\/product"}],"about":[{"href":"https:\/\/lynxnaturebooks.com\/ca\/wp-json\/wp\/v2\/types\/product"}],"replies":[{"embeddable":true,"href":"https:\/\/lynxnaturebooks.com\/ca\/wp-json\/wp\/v2\/comments?post=15796"}],"wp:featuredmedia":[{"embeddable":true,"href":"https:\/\/lynxnaturebooks.com\/ca\/wp-json\/wp\/v2\/media\/86718"}],"wp:attachment":[{"href":"https:\/\/lynxnaturebooks.com\/ca\/wp-json\/wp\/v2\/media?parent=15796"}],"wp:term":[{"taxonomy":"collection","embeddable":true,"href":"https:\/\/lynxnaturebooks.com\/ca\/wp-json\/wp\/v2\/collection?post=15796"},{"taxonomy":"product_brand","embeddable":true,"href":"https:\/\/lynxnaturebooks.com\/ca\/wp-json\/wp\/v2\/product_brand?post=15796"},{"taxonomy":"product_cat","embeddable":true,"href":"https:\/\/lynxnaturebooks.com\/ca\/wp-json\/wp\/v2\/product_cat?post=15796"},{"taxonomy":"product_tag","embeddable":true,"href":"https:\/\/lynxnaturebooks.com\/ca\/wp-json\/wp\/v2\/product_tag?post=15796"}],"curies":[{"name":"wp","href":"https:\/\/api.w.org\/{rel}","templated":true}]}}