{"id":13285,"date":"2020-04-07T10:18:39","date_gmt":"2020-04-07T10:18:39","guid":{"rendered":"https:\/\/www.lynxeds.com\/?post_type=product&#038;p=13285"},"modified":"2026-01-02T00:09:20","modified_gmt":"2026-01-01T23:09:20","slug":"the-largest-avian-radiation","status":"publish","type":"product","link":"https:\/\/lynxnaturebooks.com\/ca\/producte\/the-largest-avian-radiation\/","title":{"rendered":"<span class=\"title\">The Largest Avian Radiation<\/span><span class=\"subtitle\">The Evolution of Perching Birds, or the Order Passeriformes<\/span>"},"content":{"rendered":"\n<div class=\"wp-block-group frases-slide\"><div class=\"wp-block-group__inner-container is-layout-constrained wp-block-group-is-layout-constrained\">\n<div class=\"wp-block-group quote-group slide\"><div class=\"wp-block-group__inner-container is-layout-constrained wp-block-group-is-layout-constrained\">\n<p class=\"has-text-align-center has-medium-font-size\">&#8220;Aquest lliure devient garantit un best-seller i un cl\u00e0ssic en el domini de la taxonomie&#8221;.<\/p>\n\n\n\n<p class=\"has-text-align-center\">Walter Belis, Alauda, \u200b\u200bVolum 89 (4) 2021, pp 314-315<\/p>\n<\/div><\/div>\n\n\n\n<div class=\"wp-block-group quote-group slide\"><div class=\"wp-block-group__inner-container is-layout-constrained wp-block-group-is-layout-constrained\">\n<p class=\"has-text-align-center has-medium-font-size\">\u201cCelles et ceux que la diversit\u00e9 du monde des oiseaux \u00e9blouit, et qui souhaitent ajouter la compr\u00e9hension au charme, se laisseront sans doute captiver par la richesse de cet ouvrage imposant, issu d&#8217;un collectif de 22 auteurs (dont Alice Cibois, du Mus\u00e9um d&#8217;histoire naturelle de Gen\u00e8ve), qui synth\u00e9tise 15 ans de recherches en phylog\u00e9n\u00e9tique des Passereaux (plus 6200 esp\u00e8ces, soit 60 % de la diversit\u00e9 avienne !).\u201d<\/p>\n\n\n\n<p class=\"has-text-align-center\">Bertrand Posse, Nos Oiseaux, n\u00fam. 545, volum 68\/3, p 162, setembre de 2021<\/p>\n<\/div><\/div>\n\n\n\n<div class=\"wp-block-group quote-group slide\"><div class=\"wp-block-group__inner-container is-layout-constrained wp-block-group-is-layout-constrained\">\n<p class=\"has-text-align-center has-medium-font-size\">&#8220;Tot i que \u00e9s autoritzat, aqu\u00ed hi ha una lleugeresa en l&#8217;escriptura i el disseny \u00e9s molt f\u00e0cil a la vista. Els encap\u00e7alaments de seccions en negreta i acolorits i els par\u00e0grafs curts asseguren que aix\u00f2 s&#8217;assembla poc al tipus d&#8217;articles cient\u00edfics densos que poden intimidar molts lectors. Pot ser que aquest llibre sigui una investigaci\u00f3 d&#8217;avantguarda i una immersi\u00f3 veritablement profunda en la sistem\u00e0tica dels passerells, per\u00f2 tamb\u00e9 \u00e9s un exemple excel\u00b7lent de com fer que la ci\u00e8ncia sigui accessible&#8221;.<\/p>\n\n\n\n<p class=\"has-text-align-center\">Mike Hoit, Neotropical Birding 29, p\u00e0g. 72\u201373, agost de 2021<\/p>\n<\/div><\/div>\n\n\n\n<div class=\"wp-block-group quote-group slide\"><div class=\"wp-block-group__inner-container is-layout-constrained wp-block-group-is-layout-constrained\">\n<p class=\"has-text-align-center has-medium-font-size\">&#8220;El llibre \u00e9s una revisi\u00f3 oportuna i excel\u00b7lent de les \u00faltimes idees sobre l&#8217;evoluci\u00f3 dels passerells, produ\u00efdes amb els alts est\u00e0ndards que ara esperem de Lynx. S\u00f3n coses serioses i de vegades pot ser dif\u00edcil de llegir, sobretot a causa de la mida de la lletra m\u00e9s aviat petita. en alguns llocs, per\u00f2 cal felicitar els autors per un treball magistral d&#8217;erudici\u00f3. Una reflexi\u00f3 final: reorganitzar les guies de camp per adaptar-se a aquesta nova comprensi\u00f3 comportar\u00e0 moltes ganes mentre els ocells s&#8217;esforcen per trobar la p\u00e0gina adequada&#8221;.<\/p>\n\n\n\n<p class=\"has-text-align-center\">David T. Parkin , British Birds 114, juliol de 2021, p.429<\/p>\n<\/div><\/div>\n\n\n\n<div class=\"wp-block-group quote-group slide\"><div class=\"wp-block-group__inner-container is-layout-constrained wp-block-group-is-layout-constrained\">\n<p class=\"has-text-align-center has-medium-font-size\">\u201cLa radiaci\u00f3 aviaria m\u00e9s gran relata una hist\u00f2ria d&#8217;origen cl\u00e0ssic de la sortida, l&#8217;aventura i l&#8217;arribada en termes evolutius; ajudar\u00e0 a qualsevol lector a entendre amb detall les relacions entre els nostres ocells vius. El veritable registre f\u00f2ssil de passeriformes \u00e9s relativament esc\u00e0s i gran part del que sabem dels or\u00edgens del grup s&#8217;extrapola a partir d&#8217;evid\u00e8ncies gen\u00e8tiques i biogeogr\u00e0fiques m\u00e9s indirectes. Tot i aix\u00ed, aquestes extrapolacions s\u00f3n al\u00b7lucinants i s&#8217;expandeixen quan es veuen en els contextos del temps i l&#8217;espai i s&#8217;exposen amb una finura tan absorbent en aquestes p\u00e0gines.<\/p>\n\n\n\n<p class=\"has-text-align-center\">David Callahan, Birdwatch, abril de 2021 (346: 52-53)<\/p>\n<\/div><\/div>\n\n\n\n<div class=\"wp-block-group quote-group slide\"><div class=\"wp-block-group__inner-container is-layout-constrained wp-block-group-is-layout-constrained\">\n<p class=\"has-text-align-center has-medium-font-size\">&#8220;No obstant aix\u00f2, es tracta d&#8217;una visi\u00f3 meticulosa i bellament il\u00b7lustrada de la meravellosa diversitat d&#8217;ocells de passeriformes, i no nom\u00e9s una excel\u00b7lent font de refer\u00e8ncia, sin\u00f3 tamb\u00e9 el tipus de llibre en qu\u00e8 es pot aprofundir en qualsevol moment per descobrir m\u00e9s sobre qualsevol grup de passerells en particular. Tenint en compte l&#8217;enorme quantitat de treball que s&#8217;ha fet clarament per produir-lo, aquest llibre fascinant \u00e9s una excel\u00b7lent relaci\u00f3 qualitat-preu i un acompanyant pr\u00e0ctic per a molts dels altres llibres d&#8217;ocells que probablement ja teniu. els teus prestatges&#8221;.<\/p>\n\n\n\n<p class=\"has-text-align-center\">Frank Lambert, <a href=\"http:\/\/www.birderslibrary.com\/reviews\/books\/biology_behavior\/largest_avian_radiation.htm\" target=\"_blank\" rel=\"noreferrer noopener\">The Birder&#8217;s Library<\/a> , 31 de gener de 2021<\/p>\n<\/div><\/div>\n<\/div><\/div>\n\n<div style=\"height:39px\" aria-hidden=\"true\" class=\"wp-block-spacer\"><\/div>\n<div class=\"wp-block-columns attributes-columns\"><div class=\"wp-block-column\"><svg width=\"28px\" height=\"35px\" viewBox=\"0 0 28 35\" version=\"1.1\" xmlns=\"http:\/\/www.w3.org\/2000\/svg\" xmlns:xlink=\"http:\/\/www.w3.org\/1999\/xlink\">\n                            <g id=\"Page-1\" stroke=\"none\" stroke-width=\"1\" fill=\"none\" fill-rule=\"evenodd\" opacity=\"0.147770473\">\n                                <g id=\"24\" transform=\"translate(-287.000000, -1522.000000)\" fill=\"#000000\" fill-rule=\"nonzero\" stroke=\"#000000\" stroke-width=\"0.799586777\">\n                                    <g id=\"Group-3\" transform=\"translate(233.000000, 1504.000000)\">\n                                        <g id=\"Shape-3\" transform=\"translate(55.000000, 19.000000)\">\n                                            <path d=\"M13,0 C9.82319737,0 7.22466566,2.63962325 7.22466566,5.86666055 C7.22466566,8.71794192 9.25407358,11.1008511 11.9171246,11.6187379 L11.9171246,13.9333188 L6.8637075,13.9333188 C6.8261332,13.9313284 6.78848231,13.9313284 6.75090801,13.9333188 C6.331882,13.9764915 5.97550223,14.2625282 5.83723204,14.6666514 L0.0618978813,31.5333078 C-0.0555594524,31.8709186 -0.00391373208,32.2454751 0.200335189,32.5373134 C0.40458411,32.8291517 0.7358774,33.0017525 1.08837297,32.9999866 L13,32.9999866 L24.9116267,32.9999866 C25.2641223,33.0017526 25.5954157,32.8291519 25.7996647,32.5373136 C26.0039137,32.2454752 26.0555595,31.8709186 25.9381021,31.5333078 L20.162768,14.6666514 C20.0091004,14.2252213 19.5972147,13.9309628 19.1362925,13.9333188 L14.082875,13.9333188 L14.082875,11.6187379 C16.7459261,11.1008511 18.775334,8.71794192 18.775334,5.86666055 C18.775334,2.63962325 16.1768026,0 13,0 L13,0 Z M12.9999998,2.19999771 C15.0063443,2.19999771 16.6095839,3.82859001 16.6095839,5.86666055 C16.6095839,7.52644516 15.5508938,8.91385538 14.071595,9.3729069 C13.99526,8.77759028 13.4631728,8.35436769 12.8759203,8.42186622 C12.3828087,8.48076346 11.9922861,8.87273886 11.9284046,9.3729069 C10.4491059,8.91385538 9.39041606,7.52644516 9.39041606,5.86666055 C9.39041606,3.82859001 10.9936557,2.19999771 12.9999998,2.19999771 L12.9999998,2.19999771 Z M7.6307439,16.1333239 L12.9999998,16.1333239 L18.3692561,16.1333239 L23.3888335,30.7999752 L12.9999998,30.7999752 L2.61116648,30.7999752 L7.6307439,16.1333239 L7.6307439,16.1333239 Z\" id=\"Shape\"><\/path>\n                                        <\/g>\n                                    <\/g>\n                                <\/g>\n                            <\/g>\n                        <\/svg><p class=\"has-small-font-size\">Pes<\/p><p class=\"attribute\">2.6 kg<\/p><\/div><div class=\"wp-block-column\"><svg width=\"34px\" height=\"35px\" viewBox=\"0 0 34 35\" version=\"1.1\" xmlns=\"http:\/\/www.w3.org\/2000\/svg\" xmlns:xlink=\"http:\/\/www.w3.org\/1999\/xlink\">\n                            <g id=\"Page-1\" stroke=\"none\" stroke-width=\"1\" fill=\"none\" fill-rule=\"evenodd\" opacity=\"0.147770473\">\n                                <g id=\"24\" transform=\"translate(-471.000000, -1523.000000)\" fill=\"#000000\" fill-rule=\"nonzero\">\n                                    <g id=\"Group-3\" transform=\"translate(233.000000, 1504.000000)\">\n                                        <g id=\"Group-10\" transform=\"translate(238.000000, 19.000000)\">\n                                            <polygon id=\"Path\" points=\"0 9.72222222 2 9.72222222 2 33.0555556 0 33.0555556 0 35 6 35 6 33.0555556 4 33.0555556 4 9.72222222 6 9.72222222 6 7.77777778 0 7.77777778\"><\/polygon>\n                                            <polygon id=\"Path\" points=\"32 1.94444444 10 1.94444444 10 0 8 0 8 5.83333333 10 5.83333333 10 3.88888889 32 3.88888889 32 5.83333333 34 5.83333333 34 0 32 0\"><\/polygon>\n                                            <path d=\"M8,7.77777778 L8,30.1388889 L13,35 L33,35 L33,12.6388889 L28,7.77777778 L8,7.77777778 Z M11,10.6944444 L26,10.6944444 L26,28.1944444 L11,28.1944444 L11,10.6944444 Z M30,32.0833333 L14.24,32.0833333 L12.24,30.1388889 L28,30.1388889 L28,11.9 L30,13.8444444 L30,32.0833333 Z\" id=\"Shape\"><\/path>\n                                            <rect id=\"Rectangle\" x=\"13\" y=\"15.5555556\" width=\"11\" height=\"1.94444444\"><\/rect>\n                                            <rect id=\"Rectangle\" x=\"15\" y=\"19.4444444\" width=\"7\" height=\"1.94444444\"><\/rect>\n                                        <\/g>\n                                    <\/g>\n                                <\/g>\n                            <\/g>\n                        <\/svg><p class=\"has-small-font-size\">Dimensions<\/p><p class=\"attribute\">24 &times; 31 cm<\/p><\/div><div class=\"wp-block-column\"><svg width=\"26px\" height=\"30px\" viewBox=\"0 0 26 30\" version=\"1.1\" xmlns=\"http:\/\/www.w3.org\/2000\/svg\" xmlns:xlink=\"http:\/\/www.w3.org\/1999\/xlink\">\n                            <g id=\"Page-1\" stroke=\"none\" stroke-width=\"1\" fill=\"none\" fill-rule=\"evenodd\" opacity=\"0.147770473\">\n                                <g id=\"24\" transform=\"translate(-661.000000, -1528.000000)\" fill=\"#000000\" fill-rule=\"nonzero\">\n                                    <g id=\"Group-3\" transform=\"translate(233.000000, 1504.000000)\">\n                                        <g id=\"Group-12\" transform=\"translate(428.000000, 24.000000)\">\n                                            <path d=\"M0,0 L0,25.8333333 L4.19354839,30 L26,30 L26,4.16666667 L21.8064516,0 M2.01290323,2.5 L20.1290323,2.5 L20.1290323,24.1666667 L2.01290323,24.1666667 L2.01290323,2.5 Z M23.483871,27.5 L5.23354839,27.5 L3.55612903,25.8333333 L21.8064516,25.8333333 L21.8064516,3.53333333 L23.483871,5.2 L23.483871,27.5 Z\" id=\"Shape\"><\/path>\n                                            <rect id=\"Rectangle\" x=\"7.5483871\" y=\"8.33333333\" width=\"10.9032258\" height=\"1.66666667\"><\/rect>\n                                            <rect id=\"Rectangle\" x=\"7.5483871\" y=\"11.6666667\" width=\"10.9032258\" height=\"1.66666667\"><\/rect>\n                                            <rect id=\"Rectangle\" x=\"7.5483871\" y=\"15\" width=\"10.9032258\" height=\"1.66666667\"><\/rect>\n                                            <rect id=\"Rectangle\" x=\"7.5483871\" y=\"18.3333333\" width=\"5.87096774\" height=\"1.66666667\"><\/rect>\n                                        <\/g>\n                                    <\/g>\n                                <\/g>\n                            <\/g>\n                        <\/svg><p class=\"has-small-font-size\">Idioma<\/p><p class=\"attribute\">Angl\u00e8s<\/p><\/div><div class=\"wp-block-column\"><svg width=\"26px\" height=\"30px\" viewBox=\"0 0 26 30\" version=\"1.1\" xmlns=\"http:\/\/www.w3.org\/2000\/svg\" xmlns:xlink=\"http:\/\/www.w3.org\/1999\/xlink\">\n                            <g id=\"Page-1\" stroke=\"none\" stroke-width=\"1\" fill=\"none\" fill-rule=\"evenodd\" opacity=\"0.147770473\">\n                                <g id=\"24\" transform=\"translate(-849.000000, -1528.000000)\" fill=\"#000000\" fill-rule=\"nonzero\">\n                                    <g id=\"Group-3\" transform=\"translate(233.000000, 1504.000000)\">\n                                        <g id=\"Group-11\" transform=\"translate(616.000000, 24.000000)\">\n                                            <path d=\"M0,0 L0,25.8333333 L4.19354839,30 L26,30 L26,4.16666667 L21.8064516,0 L0,0 Z M2.51612903,2.5 L20.1290323,2.5 L20.1290323,24.1666667 L2.51612903,24.1666667 L2.51612903,2.5 Z M23.483871,27.5 L5.23354839,27.5 L3.55612903,25.8333333 L21.8064516,25.8333333 L21.8064516,3.53333333 L23.483871,5.2 L23.483871,27.5 Z\" id=\"Shape\"><\/path>\n                                            <path d=\"M5.03225806,13.3333333 L17.6129032,13.3333333 L17.6129032,5 L5.03225806,5 L5.03225806,13.3333333 Z M6.70967742,6.66666667 L15.9354839,6.66666667 L15.9354839,11.6666667 L6.70967742,11.6666667 L6.70967742,6.66666667 Z\" id=\"Shape\"><\/path>\n                                        <\/g>\n                                    <\/g>\n                                <\/g>\n                            <\/g>\n                        <\/svg><p class=\"has-small-font-size\">Format<\/p><p class=\"attribute\">Tapa dura<\/p><\/div><div class=\"wp-block-column\"><svg width=\"26px\" height=\"30px\" viewBox=\"0 0 26 30\" version=\"1.1\" xmlns=\"http:\/\/www.w3.org\/2000\/svg\" xmlns:xlink=\"http:\/\/www.w3.org\/1999\/xlink\">\n                            <g id=\"Page-1\" stroke=\"none\" stroke-width=\"1\" fill=\"none\" fill-rule=\"evenodd\" opacity=\"0.147770473\">\n                                <g id=\"24\" transform=\"translate(-661.000000, -1528.000000)\" fill=\"#000000\" fill-rule=\"nonzero\">\n                                    <g id=\"Group-3\" transform=\"translate(233.000000, 1504.000000)\">\n                                        <g id=\"Group-12\" transform=\"translate(428.000000, 24.000000)\">\n                                            <path d=\"M0,0 L0,25.8333333 L4.19354839,30 L26,30 L26,4.16666667 L21.8064516,0 M2.01290323,2.5 L20.1290323,2.5 L20.1290323,24.1666667 L2.01290323,24.1666667 L2.01290323,2.5 Z M23.483871,27.5 L5.23354839,27.5 L3.55612903,25.8333333 L21.8064516,25.8333333 L21.8064516,3.53333333 L23.483871,5.2 L23.483871,27.5 Z\" id=\"Shape\"><\/path>\n                                            <rect id=\"Rectangle\" x=\"7.5483871\" y=\"8.33333333\" width=\"10.9032258\" height=\"1.66666667\"><\/rect>\n                                            <rect id=\"Rectangle\" x=\"7.5483871\" y=\"11.6666667\" width=\"10.9032258\" height=\"1.66666667\"><\/rect>\n                                            <rect id=\"Rectangle\" x=\"7.5483871\" y=\"15\" width=\"10.9032258\" height=\"1.66666667\"><\/rect>\n                                            <rect id=\"Rectangle\" x=\"7.5483871\" y=\"18.3333333\" width=\"5.87096774\" height=\"1.66666667\"><\/rect>\n                                        <\/g>\n                                    <\/g>\n                                <\/g>\n                            <\/g>\n                        <\/svg><p class=\"has-small-font-size\">P\u00e0gines<\/p><p class=\"attribute\">445<\/p><\/div><div class=\"wp-block-column\"><svg width=\"26px\" height=\"30px\" viewBox=\"0 0 26 30\" version=\"1.1\" xmlns=\"http:\/\/www.w3.org\/2000\/svg\" xmlns:xlink=\"http:\/\/www.w3.org\/1999\/xlink\">\n                            <g id=\"Page-1\" stroke=\"none\" stroke-width=\"1\" fill=\"none\" fill-rule=\"evenodd\" opacity=\"0.147770473\">\n                                <g id=\"24\" transform=\"translate(-849.000000, -1528.000000)\" fill=\"#000000\" fill-rule=\"nonzero\">\n                                    <g id=\"Group-3\" transform=\"translate(233.000000, 1504.000000)\">\n                                        <g id=\"Group-11\" transform=\"translate(616.000000, 24.000000)\">\n                                            <path d=\"M0,0 L0,25.8333333 L4.19354839,30 L26,30 L26,4.16666667 L21.8064516,0 L0,0 Z M2.51612903,2.5 L20.1290323,2.5 L20.1290323,24.1666667 L2.51612903,24.1666667 L2.51612903,2.5 Z M23.483871,27.5 L5.23354839,27.5 L3.55612903,25.8333333 L21.8064516,25.8333333 L21.8064516,3.53333333 L23.483871,5.2 L23.483871,27.5 Z\" id=\"Shape\"><\/path>\n                                            <path d=\"M5.03225806,13.3333333 L17.6129032,13.3333333 L17.6129032,5 L5.03225806,5 L5.03225806,13.3333333 Z M6.70967742,6.66666667 L15.9354839,6.66666667 L15.9354839,11.6666667 L6.70967742,11.6666667 L6.70967742,6.66666667 Z\" id=\"Shape\"><\/path>\n                                        <\/g>\n                                    <\/g>\n                                <\/g>\n                            <\/g>\n                        <\/svg><p class=\"has-small-font-size\">Data de publicaci\u00f3<\/p><p class=\"attribute\">November 2020<\/p><\/div><div class=\"wp-block-column\"><svg width=\"26px\" height=\"30px\" viewBox=\"0 0 26 30\" version=\"1.1\" xmlns=\"http:\/\/www.w3.org\/2000\/svg\" xmlns:xlink=\"http:\/\/www.w3.org\/1999\/xlink\">\n                            <g id=\"Page-1\" stroke=\"none\" stroke-width=\"1\" fill=\"none\" fill-rule=\"evenodd\" opacity=\"0.147770473\">\n                                <g id=\"24\" transform=\"translate(-1222.000000, -1528.000000)\" fill=\"#000000\" fill-rule=\"nonzero\">\n                                    <g id=\"Group-3\" transform=\"translate(233.000000, 1504.000000)\">\n                                        <g id=\"Shape-2\" transform=\"translate(989.000000, 24.000000)\">\n                                            <path d=\"M0,0 L0,25.8333333 L4.19354839,30 L26,30 L26,4.16666667 L21.8064516,0 L0,0 Z M6.70967742,2.5 L10.0645161,2.5 L10.0645161,10.1 L8.38709677,9 L6.70967742,10.1 L6.70967742,2.5 Z M2.51612903,2.5 L5.03225806,2.5 L5.03225806,13.2333333 L8.38709677,11 L11.7419355,13.2333333 L11.7419355,2.5 L20.1290323,2.5 L20.1290323,24.1666667 L2.51612903,24.1666667 L2.51612903,2.5 Z M23.483871,27.5 L5.23354839,27.5 L3.55612903,25.8333333 L21.8064516,25.8333333 L21.8064516,3.53333333 L23.483871,5.2 L23.483871,27.5 Z\" id=\"Shape\"><\/path>\n                                        <\/g>\n                                    <\/g>\n                                <\/g>\n                            <\/g>\n                        <\/svg><p class=\"has-small-font-size\">Publicat per<\/p><p class=\"attribute\">Lynx Edicions<\/p><\/div><\/div><div id=\"professionals\" class=\"max-width padding-sides\"><h2>Editors<\/h2><div class=\"professionals-wrapper\"><p class=\"professional\"><a href=\"https:\/\/lynxnaturebooks.com\/ca\/professional\/jon-fjeldsa\/\">Jon Fjelds\u00e5<\/a><\/p><p class=\"professional\"><a href=\"https:\/\/lynxnaturebooks.com\/ca\/professional\/les-christidis\/\">Les Christidis<\/a><\/p><p class=\"professional\"><a href=\"https:\/\/lynxnaturebooks.com\/ca\/professional\/per-g-p-ericson\/\">Per G. P. Ericson<\/a><\/p><\/div><\/div>        <!-- <h2 id=\"autors\" class=\"has-text-align-center\"><\/h2>\n        <div class=\"product-autors max-width-narrow\">\n                    <\/div> -->\n    \n\n<div class=\"wp-block-group max-width-narrow max-height\"><div class=\"wp-block-group__inner-container is-layout-constrained wp-block-group-is-layout-constrained\">\n<h2 class=\"wp-block-heading has-text-align-center\">Descripci\u00f3<\/h2>\n\n\n\n<p>Amb m\u00e9s de 6.200 esp\u00e8cies, els ocells posats (o passeriformes) representen una de les proliferacions d&#8217;esp\u00e8cies m\u00e9s notablement r\u00e0pides. La classificaci\u00f3 tradicional dels ocells, que es basava principalment en estudis anat\u00f2mics comparatius realitzats fa m\u00e9s de 100 anys, no podia fer gaire per resoldre les relacions entre els passerells perqu\u00e8 generalment eren massa uniformes anat\u00f2micament. Per tant, la classificaci\u00f3 que es va utilitzar durant la major part del segle XX va ser una disposici\u00f3 pr\u00e0ctica, on els milers d&#8217;esp\u00e8cies es van acomodar en uns quants grups amplis basats principalment en adaptacions ecol\u00f2giques.<\/p>\n\n\n\n<p>Estudis recents d&#8217;ADN han canviat dr\u00e0sticament la comprensi\u00f3 de les relacions evolutives dels passerells. Pel que sembla, els passeriformes es van originar durant les primeres radiacions dels ocells moderns, als continents australs (Am\u00e8rica del Sud, Ant\u00e0rtida i Austr\u00e0lia), despr\u00e9s que una cat\u00e0strofe global hagu\u00e9s acabat amb la major part de la vida terrestre antiga, inclosos els grans dinosaures i els primers ocells.<\/p>\n\n\n\n<p>Aquest llibre revela la nova hist\u00f2ria notable de com els passerells es van diversificar i es van dispersar per tot el m\u00f3n. Tamb\u00e9 presenta i explica la nova classificaci\u00f3, que reflecteix la hist\u00f2ria filogen\u00e8tica. Els nous coneixements revelen que molts dels antics llinatges evolutius comprenen nom\u00e9s unes poques esp\u00e8cies que van romandre a la seva \u00e0rea d&#8217;origen o van patir una dispersi\u00f3 limitada. Nom\u00e9s un nombre redu\u00eft de grups van experimentar una proliferaci\u00f3 significativa de noves esp\u00e8cies i nom\u00e9s cinc (de 145) fam\u00edlies de passeriformes estan representades a tots els continents excepte a l&#8217;Ant\u00e0rtida. Tot i aix\u00ed, la variaci\u00f3 global de la riquesa d&#8217;esp\u00e8cies generalment es correlaciona b\u00e9 amb la variaci\u00f3 de la productivitat entre diferents entorns. Veiem com \u00e9s possible una taxa global d&#8217;evoluci\u00f3 aparentment constant de noves esp\u00e8cies a causa de la r\u00e0pida proliferaci\u00f3 en nous n\u00ednxols ecol\u00f2gics, inclosos els arxip\u00e8lags, i una extraordin\u00e0ria acumulaci\u00f3 d&#8217;esp\u00e8cies end\u00e8miques en determinades serralades tropicals.<\/p>\n\n\n\n<p>A m\u00e9s de descriure la hist\u00f2ria evolutiva revisada dels ocells paseriformes, els autors intenten identificar els canvis adaptatius, inclosos els canvis en les estrat\u00e8gies de la hist\u00f2ria de la vida, que s\u00f3n la base de les grans expansions evolutives. El seu objectiu \u00e9s fomentar el desenvolupament d&#8217;una teoria unificada per explicar com es genera la variaci\u00f3 prodigiosa de la biodiversitat de la Terra.<\/p>\n\n\n\n<p class=\"has-text-align-center button-link button-view-all\"><a href=\"#viewall\">Veure tot<\/a><\/p>\n<\/div><\/div>\n\n<div style=\"height:20px\" aria-hidden=\"true\" class=\"wp-block-spacer\"><\/div>\n\n<div class=\"wp-block-group max-width-narrow max-height\"><div class=\"wp-block-group__inner-container is-layout-constrained wp-block-group-is-layout-constrained\"><div class=\"wp-block-group max-width-narrow\"><\/div>\n\n\n\n<p class=\"has-text-align-center button-link button-view-all\"><a href=\"#viewall\">Veure tot<\/a><\/p>\n<\/div><\/div>\n","protected":false},"excerpt":{"rendered":"<p>Aquest llibre revela la nova hist\u00f2ria notable de com els passerells es van diversificar i es van dispersar per tot el m\u00f3n. Tamb\u00e9 presenta i explica la nova classificaci\u00f3, que reflecteix la hist\u00f2ria filogen\u00e8tica. Els nous coneixements revelen que molts dels antics llinatges evolutius comprenen nom\u00e9s unes poques esp\u00e8cies que van romandre a la seva \u00e0rea d&#8217;origen o van patir una dispersi\u00f3 limitada.<\/p>\n<p><span data-text-color=\"alert\">DISPONIBLE DE NOU!<\/span><\/p>\n","protected":false},"featured_media":83785,"comment_status":"open","ping_status":"closed","template":"","meta":[],"collection":[],"product_brand":[],"product_cat":[259,227,221],"product_tag":[],"class_list":{"0":"post-13285","1":"product","2":"type-product","3":"status-publish","4":"has-post-thumbnail","6":"product_cat-referencia","7":"product_cat-ocells","8":"product_cat-ofertes","10":"first","11":"instock","12":"sale","13":"shipping-taxable","14":"purchasable","15":"product-type-simple"},"_links":{"self":[{"href":"https:\/\/lynxnaturebooks.com\/ca\/wp-json\/wp\/v2\/product\/13285","targetHints":{"allow":["GET"]}}],"collection":[{"href":"https:\/\/lynxnaturebooks.com\/ca\/wp-json\/wp\/v2\/product"}],"about":[{"href":"https:\/\/lynxnaturebooks.com\/ca\/wp-json\/wp\/v2\/types\/product"}],"replies":[{"embeddable":true,"href":"https:\/\/lynxnaturebooks.com\/ca\/wp-json\/wp\/v2\/comments?post=13285"}],"wp:featuredmedia":[{"embeddable":true,"href":"https:\/\/lynxnaturebooks.com\/ca\/wp-json\/wp\/v2\/media\/83785"}],"wp:attachment":[{"href":"https:\/\/lynxnaturebooks.com\/ca\/wp-json\/wp\/v2\/media?parent=13285"}],"wp:term":[{"taxonomy":"collection","embeddable":true,"href":"https:\/\/lynxnaturebooks.com\/ca\/wp-json\/wp\/v2\/collection?post=13285"},{"taxonomy":"product_brand","embeddable":true,"href":"https:\/\/lynxnaturebooks.com\/ca\/wp-json\/wp\/v2\/product_brand?post=13285"},{"taxonomy":"product_cat","embeddable":true,"href":"https:\/\/lynxnaturebooks.com\/ca\/wp-json\/wp\/v2\/product_cat?post=13285"},{"taxonomy":"product_tag","embeddable":true,"href":"https:\/\/lynxnaturebooks.com\/ca\/wp-json\/wp\/v2\/product_tag?post=13285"}],"curies":[{"name":"wp","href":"https:\/\/api.w.org\/{rel}","templated":true}]}}