{"id":12505,"date":"2020-01-28T11:56:37","date_gmt":"2020-01-28T11:56:37","guid":{"rendered":"https:\/\/www.lynxeds.com\/?post_type=product&#038;p=12505"},"modified":"2025-06-02T00:00:11","modified_gmt":"2025-06-01T22:00:11","slug":"rewilding-iberia","status":"publish","type":"product","link":"https:\/\/lynxnaturebooks.com\/ca\/producte\/rewilding-iberia\/","title":{"rendered":"<span class=\"title\">Rewilding Iberia<\/span><span class=\"subtitle\">Explorando el potencial de la renaturalizaci\u00f3n en Espa\u00f1a<\/span>"},"content":{"rendered":"\n<div class=\"wp-block-group quote-group\"><div class=\"wp-block-group__inner-container is-layout-constrained wp-block-group-is-layout-constrained\">\n<p class=\"has-text-align-center has-medium-font-size\">\u201cEs tracta d\u2019un llibre amb un cert aire revelador que, mitjan\u00e7ant una redacci\u00f3 molt pedag\u00f2gica, ens aclareix la confusi\u00f3 que existeix entre alguns conceptes (renaturalitzaci\u00f3 versus restauraci\u00f3 ecol\u00f2gica), i fins a quin punt es pot o s\u2019hauria d\u2019iniciar un canvi de paradigma en la gesti\u00f3 del territori. Escrit gaireb\u00e9 al mateix temps que hem viscut la crisi de la covid-19 i el que aquesta est\u00e0 comportant avui dia, moltes de les reflexions que esquitxen l\u2019obra tenen una rellev\u00e0ncia especial per a la conservaci\u00f3 dels ocells. Aquest llibre tamb\u00e9 tracta el tema del <em>rewilding<\/em> a Espanya, cosa que el fa encara m\u00e9s interessant. Absolutament recomanable per a qualsevol persona interessada en els aspectes aplicats de la conservaci\u00f3 dels espais naturals\u201d.<\/p>\n\n\n\n<p class=\"has-text-align-center\">Jos\u00e9 Luis Copete, <a href=\"https:\/\/www.ardeola.org\/uploads\/articles\/docs\/book-reviews-ardeola-681_1609838785.pdf\" target=\"_blank\" rel=\"noreferrer noopener\"><strong><em>Ardeola<\/em><\/strong><\/a> 68(1), 2021, 262-264<\/p>\n<\/div><\/div>\n\n\n\n<div style=\"height:32px\" aria-hidden=\"true\" class=\"wp-block-spacer\"><\/div>\n\n\n<div class=\"wp-block-columns attributes-columns\"><div class=\"wp-block-column\"><svg width=\"28px\" height=\"35px\" viewBox=\"0 0 28 35\" version=\"1.1\" xmlns=\"http:\/\/www.w3.org\/2000\/svg\" xmlns:xlink=\"http:\/\/www.w3.org\/1999\/xlink\">\n                            <g id=\"Page-1\" stroke=\"none\" stroke-width=\"1\" fill=\"none\" fill-rule=\"evenodd\" opacity=\"0.147770473\">\n                                <g id=\"24\" transform=\"translate(-287.000000, -1522.000000)\" fill=\"#000000\" fill-rule=\"nonzero\" stroke=\"#000000\" stroke-width=\"0.799586777\">\n                                    <g id=\"Group-3\" transform=\"translate(233.000000, 1504.000000)\">\n                                        <g id=\"Shape-3\" transform=\"translate(55.000000, 19.000000)\">\n                                            <path d=\"M13,0 C9.82319737,0 7.22466566,2.63962325 7.22466566,5.86666055 C7.22466566,8.71794192 9.25407358,11.1008511 11.9171246,11.6187379 L11.9171246,13.9333188 L6.8637075,13.9333188 C6.8261332,13.9313284 6.78848231,13.9313284 6.75090801,13.9333188 C6.331882,13.9764915 5.97550223,14.2625282 5.83723204,14.6666514 L0.0618978813,31.5333078 C-0.0555594524,31.8709186 -0.00391373208,32.2454751 0.200335189,32.5373134 C0.40458411,32.8291517 0.7358774,33.0017525 1.08837297,32.9999866 L13,32.9999866 L24.9116267,32.9999866 C25.2641223,33.0017526 25.5954157,32.8291519 25.7996647,32.5373136 C26.0039137,32.2454752 26.0555595,31.8709186 25.9381021,31.5333078 L20.162768,14.6666514 C20.0091004,14.2252213 19.5972147,13.9309628 19.1362925,13.9333188 L14.082875,13.9333188 L14.082875,11.6187379 C16.7459261,11.1008511 18.775334,8.71794192 18.775334,5.86666055 C18.775334,2.63962325 16.1768026,0 13,0 L13,0 Z M12.9999998,2.19999771 C15.0063443,2.19999771 16.6095839,3.82859001 16.6095839,5.86666055 C16.6095839,7.52644516 15.5508938,8.91385538 14.071595,9.3729069 C13.99526,8.77759028 13.4631728,8.35436769 12.8759203,8.42186622 C12.3828087,8.48076346 11.9922861,8.87273886 11.9284046,9.3729069 C10.4491059,8.91385538 9.39041606,7.52644516 9.39041606,5.86666055 C9.39041606,3.82859001 10.9936557,2.19999771 12.9999998,2.19999771 L12.9999998,2.19999771 Z M7.6307439,16.1333239 L12.9999998,16.1333239 L18.3692561,16.1333239 L23.3888335,30.7999752 L12.9999998,30.7999752 L2.61116648,30.7999752 L7.6307439,16.1333239 L7.6307439,16.1333239 Z\" id=\"Shape\"><\/path>\n                                        <\/g>\n                                    <\/g>\n                                <\/g>\n                            <\/g>\n                        <\/svg><p class=\"has-small-font-size\">Pes<\/p><p class=\"attribute\">1 kg<\/p><\/div><div class=\"wp-block-column\"><svg width=\"34px\" height=\"35px\" viewBox=\"0 0 34 35\" version=\"1.1\" xmlns=\"http:\/\/www.w3.org\/2000\/svg\" xmlns:xlink=\"http:\/\/www.w3.org\/1999\/xlink\">\n                            <g id=\"Page-1\" stroke=\"none\" stroke-width=\"1\" fill=\"none\" fill-rule=\"evenodd\" opacity=\"0.147770473\">\n                                <g id=\"24\" transform=\"translate(-471.000000, -1523.000000)\" fill=\"#000000\" fill-rule=\"nonzero\">\n                                    <g id=\"Group-3\" transform=\"translate(233.000000, 1504.000000)\">\n                                        <g id=\"Group-10\" transform=\"translate(238.000000, 19.000000)\">\n                                            <polygon id=\"Path\" points=\"0 9.72222222 2 9.72222222 2 33.0555556 0 33.0555556 0 35 6 35 6 33.0555556 4 33.0555556 4 9.72222222 6 9.72222222 6 7.77777778 0 7.77777778\"><\/polygon>\n                                            <polygon id=\"Path\" points=\"32 1.94444444 10 1.94444444 10 0 8 0 8 5.83333333 10 5.83333333 10 3.88888889 32 3.88888889 32 5.83333333 34 5.83333333 34 0 32 0\"><\/polygon>\n                                            <path d=\"M8,7.77777778 L8,30.1388889 L13,35 L33,35 L33,12.6388889 L28,7.77777778 L8,7.77777778 Z M11,10.6944444 L26,10.6944444 L26,28.1944444 L11,28.1944444 L11,10.6944444 Z M30,32.0833333 L14.24,32.0833333 L12.24,30.1388889 L28,30.1388889 L28,11.9 L30,13.8444444 L30,32.0833333 Z\" id=\"Shape\"><\/path>\n                                            <rect id=\"Rectangle\" x=\"13\" y=\"15.5555556\" width=\"11\" height=\"1.94444444\"><\/rect>\n                                            <rect id=\"Rectangle\" x=\"15\" y=\"19.4444444\" width=\"7\" height=\"1.94444444\"><\/rect>\n                                        <\/g>\n                                    <\/g>\n                                <\/g>\n                            <\/g>\n                        <\/svg><p class=\"has-small-font-size\">Dimensions<\/p><p class=\"attribute\">16 &times; 23 cm<\/p><\/div><div class=\"wp-block-column\"><svg width=\"26px\" height=\"30px\" viewBox=\"0 0 26 30\" version=\"1.1\" xmlns=\"http:\/\/www.w3.org\/2000\/svg\" xmlns:xlink=\"http:\/\/www.w3.org\/1999\/xlink\">\n                            <g id=\"Page-1\" stroke=\"none\" stroke-width=\"1\" fill=\"none\" fill-rule=\"evenodd\" opacity=\"0.147770473\">\n                                <g id=\"24\" transform=\"translate(-661.000000, -1528.000000)\" fill=\"#000000\" fill-rule=\"nonzero\">\n                                    <g id=\"Group-3\" transform=\"translate(233.000000, 1504.000000)\">\n                                        <g id=\"Group-12\" transform=\"translate(428.000000, 24.000000)\">\n                                            <path d=\"M0,0 L0,25.8333333 L4.19354839,30 L26,30 L26,4.16666667 L21.8064516,0 M2.01290323,2.5 L20.1290323,2.5 L20.1290323,24.1666667 L2.01290323,24.1666667 L2.01290323,2.5 Z M23.483871,27.5 L5.23354839,27.5 L3.55612903,25.8333333 L21.8064516,25.8333333 L21.8064516,3.53333333 L23.483871,5.2 L23.483871,27.5 Z\" id=\"Shape\"><\/path>\n                                            <rect id=\"Rectangle\" x=\"7.5483871\" y=\"8.33333333\" width=\"10.9032258\" height=\"1.66666667\"><\/rect>\n                                            <rect id=\"Rectangle\" x=\"7.5483871\" y=\"11.6666667\" width=\"10.9032258\" height=\"1.66666667\"><\/rect>\n                                            <rect id=\"Rectangle\" x=\"7.5483871\" y=\"15\" width=\"10.9032258\" height=\"1.66666667\"><\/rect>\n                                            <rect id=\"Rectangle\" x=\"7.5483871\" y=\"18.3333333\" width=\"5.87096774\" height=\"1.66666667\"><\/rect>\n                                        <\/g>\n                                    <\/g>\n                                <\/g>\n                            <\/g>\n                        <\/svg><p class=\"has-small-font-size\">Idioma<\/p><p class=\"attribute\">Espanyol<\/p><\/div><div class=\"wp-block-column\"><svg width=\"26px\" height=\"30px\" viewBox=\"0 0 26 30\" version=\"1.1\" xmlns=\"http:\/\/www.w3.org\/2000\/svg\" xmlns:xlink=\"http:\/\/www.w3.org\/1999\/xlink\">\n                            <g id=\"Page-1\" stroke=\"none\" stroke-width=\"1\" fill=\"none\" fill-rule=\"evenodd\" opacity=\"0.147770473\">\n                                <g id=\"24\" transform=\"translate(-849.000000, -1528.000000)\" fill=\"#000000\" fill-rule=\"nonzero\">\n                                    <g id=\"Group-3\" transform=\"translate(233.000000, 1504.000000)\">\n                                        <g id=\"Group-11\" transform=\"translate(616.000000, 24.000000)\">\n                                            <path d=\"M0,0 L0,25.8333333 L4.19354839,30 L26,30 L26,4.16666667 L21.8064516,0 L0,0 Z M2.51612903,2.5 L20.1290323,2.5 L20.1290323,24.1666667 L2.51612903,24.1666667 L2.51612903,2.5 Z M23.483871,27.5 L5.23354839,27.5 L3.55612903,25.8333333 L21.8064516,25.8333333 L21.8064516,3.53333333 L23.483871,5.2 L23.483871,27.5 Z\" id=\"Shape\"><\/path>\n                                            <path d=\"M5.03225806,13.3333333 L17.6129032,13.3333333 L17.6129032,5 L5.03225806,5 L5.03225806,13.3333333 Z M6.70967742,6.66666667 L15.9354839,6.66666667 L15.9354839,11.6666667 L6.70967742,11.6666667 L6.70967742,6.66666667 Z\" id=\"Shape\"><\/path>\n                                        <\/g>\n                                    <\/g>\n                                <\/g>\n                            <\/g>\n                        <\/svg><p class=\"has-small-font-size\">Format<\/p><p class=\"attribute\">R\u00fastica<\/p><\/div><div class=\"wp-block-column\"><svg width=\"26px\" height=\"30px\" viewBox=\"0 0 26 30\" version=\"1.1\" xmlns=\"http:\/\/www.w3.org\/2000\/svg\" xmlns:xlink=\"http:\/\/www.w3.org\/1999\/xlink\">\n                            <g id=\"Page-1\" stroke=\"none\" stroke-width=\"1\" fill=\"none\" fill-rule=\"evenodd\" opacity=\"0.147770473\">\n                                <g id=\"24\" transform=\"translate(-661.000000, -1528.000000)\" fill=\"#000000\" fill-rule=\"nonzero\">\n                                    <g id=\"Group-3\" transform=\"translate(233.000000, 1504.000000)\">\n                                        <g id=\"Group-12\" transform=\"translate(428.000000, 24.000000)\">\n                                            <path d=\"M0,0 L0,25.8333333 L4.19354839,30 L26,30 L26,4.16666667 L21.8064516,0 M2.01290323,2.5 L20.1290323,2.5 L20.1290323,24.1666667 L2.01290323,24.1666667 L2.01290323,2.5 Z M23.483871,27.5 L5.23354839,27.5 L3.55612903,25.8333333 L21.8064516,25.8333333 L21.8064516,3.53333333 L23.483871,5.2 L23.483871,27.5 Z\" id=\"Shape\"><\/path>\n                                            <rect id=\"Rectangle\" x=\"7.5483871\" y=\"8.33333333\" width=\"10.9032258\" height=\"1.66666667\"><\/rect>\n                                            <rect id=\"Rectangle\" x=\"7.5483871\" y=\"11.6666667\" width=\"10.9032258\" height=\"1.66666667\"><\/rect>\n                                            <rect id=\"Rectangle\" x=\"7.5483871\" y=\"15\" width=\"10.9032258\" height=\"1.66666667\"><\/rect>\n                                            <rect id=\"Rectangle\" x=\"7.5483871\" y=\"18.3333333\" width=\"5.87096774\" height=\"1.66666667\"><\/rect>\n                                        <\/g>\n                                    <\/g>\n                                <\/g>\n                            <\/g>\n                        <\/svg><p class=\"has-small-font-size\">P\u00e0gines<\/p><p class=\"attribute\">388<\/p><\/div><div class=\"wp-block-column\"><svg width=\"26px\" height=\"30px\" viewBox=\"0 0 26 30\" version=\"1.1\" xmlns=\"http:\/\/www.w3.org\/2000\/svg\" xmlns:xlink=\"http:\/\/www.w3.org\/1999\/xlink\">\n                            <g id=\"Page-1\" stroke=\"none\" stroke-width=\"1\" fill=\"none\" fill-rule=\"evenodd\" opacity=\"0.147770473\">\n                                <g id=\"24\" transform=\"translate(-849.000000, -1528.000000)\" fill=\"#000000\" fill-rule=\"nonzero\">\n                                    <g id=\"Group-3\" transform=\"translate(233.000000, 1504.000000)\">\n                                        <g id=\"Group-11\" transform=\"translate(616.000000, 24.000000)\">\n                                            <path d=\"M0,0 L0,25.8333333 L4.19354839,30 L26,30 L26,4.16666667 L21.8064516,0 L0,0 Z M2.51612903,2.5 L20.1290323,2.5 L20.1290323,24.1666667 L2.51612903,24.1666667 L2.51612903,2.5 Z M23.483871,27.5 L5.23354839,27.5 L3.55612903,25.8333333 L21.8064516,25.8333333 L21.8064516,3.53333333 L23.483871,5.2 L23.483871,27.5 Z\" id=\"Shape\"><\/path>\n                                            <path d=\"M5.03225806,13.3333333 L17.6129032,13.3333333 L17.6129032,5 L5.03225806,5 L5.03225806,13.3333333 Z M6.70967742,6.66666667 L15.9354839,6.66666667 L15.9354839,11.6666667 L6.70967742,11.6666667 L6.70967742,6.66666667 Z\" id=\"Shape\"><\/path>\n                                        <\/g>\n                                    <\/g>\n                                <\/g>\n                            <\/g>\n                        <\/svg><p class=\"has-small-font-size\">Data de publicaci\u00f3<\/p><p class=\"attribute\">June 2020<\/p><\/div><div class=\"wp-block-column\"><svg width=\"26px\" height=\"30px\" viewBox=\"0 0 26 30\" version=\"1.1\" xmlns=\"http:\/\/www.w3.org\/2000\/svg\" xmlns:xlink=\"http:\/\/www.w3.org\/1999\/xlink\">\n                            <g id=\"Page-1\" stroke=\"none\" stroke-width=\"1\" fill=\"none\" fill-rule=\"evenodd\" opacity=\"0.147770473\">\n                                <g id=\"24\" transform=\"translate(-1222.000000, -1528.000000)\" fill=\"#000000\" fill-rule=\"nonzero\">\n                                    <g id=\"Group-3\" transform=\"translate(233.000000, 1504.000000)\">\n                                        <g id=\"Shape-2\" transform=\"translate(989.000000, 24.000000)\">\n                                            <path d=\"M0,0 L0,25.8333333 L4.19354839,30 L26,30 L26,4.16666667 L21.8064516,0 L0,0 Z M6.70967742,2.5 L10.0645161,2.5 L10.0645161,10.1 L8.38709677,9 L6.70967742,10.1 L6.70967742,2.5 Z M2.51612903,2.5 L5.03225806,2.5 L5.03225806,13.2333333 L8.38709677,11 L11.7419355,13.2333333 L11.7419355,2.5 L20.1290323,2.5 L20.1290323,24.1666667 L2.51612903,24.1666667 L2.51612903,2.5 Z M23.483871,27.5 L5.23354839,27.5 L3.55612903,25.8333333 L21.8064516,25.8333333 L21.8064516,3.53333333 L23.483871,5.2 L23.483871,27.5 Z\" id=\"Shape\"><\/path>\n                                        <\/g>\n                                    <\/g>\n                                <\/g>\n                            <\/g>\n                        <\/svg><p class=\"has-small-font-size\">Publicat per<\/p><p class=\"attribute\">Lynx Edicions<\/p><\/div><\/div><div id=\"professionals\" class=\"max-width padding-sides\"><h2>Autor\/a<\/h2><div class=\"professionals-wrapper\"><p class=\"professional\"><a href=\"https:\/\/lynxnaturebooks.com\/ca\/professional\/jordi-palau\/\">Jordi Palau<\/a><\/p><\/div><\/div>        <!-- <h2 id=\"autors\" class=\"has-text-align-center\"><\/h2>\n        <div class=\"product-autors max-width-narrow\">\n                    <\/div> -->\n    \n\n\n\n<div class=\"wp-block-group max-width-narrow max-height\"><div class=\"wp-block-group__inner-container is-layout-constrained wp-block-group-is-layout-constrained\">\n<h2 class=\"wp-block-heading has-text-align-center\">Descripci\u00f3<\/h2>\n\n\n\n<h3 class=\"wp-block-heading\"><strong>Una obra pionera sobre el rewilding a Espanya<\/strong><\/h3>\n\n\n\n<p><em>Rewilding Iberia \u2013 Explorando el potencial de la renaturalizaci\u00f3n en Espa\u00f1a<\/em> \u00e9s el primer llibre publicat en castell\u00e0 que analitza de manera integral el concepte de <em>rewilding<\/em> i la seva possible aplicaci\u00f3 en el context ecol\u00f2gic, geogr\u00e0fic i social de la pen\u00ednsula Ib\u00e8rica. El seu autor, <strong>Jordi Palau<\/strong>, enginyer de forests amb m\u00e9s de 20 anys d\u2019experi\u00e8ncia en la gesti\u00f3 d\u2019espais naturals, desenvolupa una proposta clara, rigorosa i fonamentada sobre com avan\u00e7ar cap a una restauraci\u00f3 funcional dels ecosistemes ib\u00e8rics.<\/p>\n\n\n\n<p>En un moment de crisi clim\u00e0tica, p\u00e8rdua de biodiversitat i despoblament rural, l\u2019enfocament del <em>rewilding<\/em> (o renaturalitzaci\u00f3) ofereix una via innovadora per recuperar processos ecol\u00f2gics, afavorir el retorn d\u2019esp\u00e8cies clau i contribuir al desenvolupament sostenible en zones abandonades o degradades. Aquest llibre \u00e9s una eina valuosa per entendre el concepte, les seves possibilitats reals a Espanya i com portar-lo a la pr\u00e0ctica amb criteris t\u00e8cnics, socials i cient\u00edfics.<\/p>\n\n\n\n<h4 class=\"wp-block-heading\"><strong>Fonaments ecol\u00f2gics, eines i propostes estrat\u00e8giques<\/strong><\/h4>\n\n\n\n<p>Al llarg de m\u00e9s de 380 p\u00e0gines, <em>Rewilding Iberia<\/em> explica amb claredat els principis del <em>rewilding<\/em>, la seva evoluci\u00f3 a Europa i el seu encaix en la planificaci\u00f3 territorial del nostre pa\u00eds. L\u2019autor analitza la viabilitat d\u2019aplicar aquesta estrat\u00e8gia en diferents ecosistemes espanyols, des de muntanyes i valls fluvials fins a estepes, serralades mediterr\u00e0nies o zones de transici\u00f3 abandonades. A trav\u00e9s de mapes tem\u00e0tics, esquemes conceptuals i una selecci\u00f3 acurada d\u2019imatges, el lector accedeix a una visi\u00f3 actualitzada del potencial de renaturalitzaci\u00f3 a Espanya.<\/p>\n\n\n\n<p>Entre els seus continguts destaquen:<\/p>\n\n\n\n<ul class=\"wp-block-list\">\n<li>La definici\u00f3 del concepte de <em>rewilding<\/em> i la seva difer\u00e8ncia respecte a altres formes de restauraci\u00f3.<\/li>\n\n\n\n<li>Una revisi\u00f3 d\u2019experi\u00e8ncies internacionals, especialment a Europa.<\/li>\n\n\n\n<li>El desenvolupament d\u2019una metodologia pr\u00f2pia per identificar zones priorit\u00e0ries.<\/li>\n\n\n\n<li>Criteris ecol\u00f2gics, socials i econ\u00f2mics per planificar intervencions de <em>rewilding<\/em> a Espanya.<\/li>\n\n\n\n<li>Propostes concretes per a zones pilot, amb justificaci\u00f3 cient\u00edfica.<\/li>\n\n\n\n<li>An\u00e0lisi de barreres legals, culturals o de governan\u00e7a, i com superar-les.<\/li>\n<\/ul>\n\n\n\n<p>Tot aix\u00f2 es presenta de forma accessible, per\u00f2 amb el suport d\u2019una s\u00f2lida base t\u00e8cnica i bibliogr\u00e0fica. S\u2019hi inclouen m\u00e9s de 100 fotografies originals, mapes en color, refer\u00e8ncies cient\u00edfiques i testimonis d\u2019experi\u00e8ncies reals de renaturalitzaci\u00f3.<\/p>\n\n\n\n<h4 class=\"wp-block-heading\"><strong>Per a professionals, gestors, naturalistes i lectors compromesos amb el futur<\/strong><\/h4>\n\n\n\n<p>Aquesta obra s\u2019adre\u00e7a tant a professionals del medi ambient \u2014t\u00e8cnics, gestors d\u2019espais protegits, investigadors, estudiants\u2014 com a naturalistes, responsables de pol\u00edtiques p\u00fabliques, col\u00b7lectius vinculats al desenvolupament rural o qualsevol lector comprom\u00e8s amb la restauraci\u00f3 de la natura al nostre territori. El seu llenguatge clar i els continguts aplicables la converteixen en una refer\u00e8ncia \u00fatil tant per al treball t\u00e8cnic com per a la reflexi\u00f3 estrat\u00e8gica.<\/p>\n\n\n\n<p><em>Rewilding Iberia<\/em> tamb\u00e9 destaca per la seva capacitat de connectar la conservaci\u00f3 amb les din\u00e0miques socials del medi rural, oferint un enfocament integrador i pr\u00e0ctic. Planteja el <em>rewilding<\/em> no com una utopia, sin\u00f3 com una eina viable per afrontar reptes actuals com l\u2019abandonament de terres, els incendis forestals, la p\u00e8rdua de biodiversitat, la fragmentaci\u00f3 del territori o el desarrelament rural.<\/p>\n\n\n\n<p>Publicat per Lynx Edicions en col\u00b7laboraci\u00f3 amb el Zoo de Barcelona i Rewilding Europe, aquest llibre representa una aportaci\u00f3 clau per al pensament ecol\u00f2gic a Espanya. Amb un enfocament positiu, rigor\u00f3s i esperan\u00e7ador, Jordi Palau convida a repensar la relaci\u00f3 entre societat i natura, i a explorar noves formes de conviv\u00e8ncia m\u00e9s resilients, funcionals i sostenibles.<\/p>\n\n\n\n<p><strong>Caracter\u00edstiques:<\/strong><\/p>\n\n\n\n<ul class=\"wp-block-list\">\n<li>110 fotografies<\/li>\n\n\n\n<li>18 taules<\/li>\n\n\n\n<li>20 il\u00b7lustracions<\/li>\n\n\n\n<li>7 mapes<\/li>\n\n\n\n<li>380 refer\u00e8ncies bibliogr\u00e0fiques<\/li>\n<\/ul>\n\n\n\n<p>\ud83d\udc49 <a href=\"https:\/\/rewildingeurope.com\/blog\/new-book-on-rewilding-in-spain-published\/\" target=\"_blank\" rel=\"noreferrer noopener\">Llegeix l&#8217;entrevista a Jordi Palau al blog de Rewilding Europe<\/a><br>\ud83d\udc49 <a href=\"https:\/\/truenaturefoundation.org\/news\/rewilding-iberia-a-new-perspective-for-conservation-in-the-spanish-geographic-context\/\" target=\"_blank\" rel=\"noreferrer noopener\">Llegeix l&#8217;entrevista a Jordi Palau per la Fundaci\u00f3 True Nature<\/a><br>\ud83d\udc49 <a href=\"https:\/\/www.rewilding-iberia.com\/\" target=\"_blank\" rel=\"noreferrer noopener\">M\u00e9s informaci\u00f3 sobre <em>Rewilding Iberia<\/em> al blog de l&#8217;autor<\/a><\/p>\n\n\n\n<p class=\"has-text-align-center button-link button-view-all\"><a href=\"#viewall\">Veure tot<\/a><\/p>\n<\/div><\/div>\n\n\n\n<div style=\"height:20px\" aria-hidden=\"true\" class=\"wp-block-spacer\"><\/div>\n\n\n\n<div class=\"wp-block-group max-width-narrow max-height\"><div class=\"wp-block-group__inner-container is-layout-constrained wp-block-group-is-layout-constrained\"><div class=\"wp-block-group max-width-narrow\"><\/div>\n\n\n\n<p class=\"has-text-align-center button-link button-view-all\"><a href=\"#viewall\">Veure tot<\/a><\/p>\n<\/div><\/div>\n","protected":false},"excerpt":{"rendered":"<article class=\"w-full text-token-text-primary\" dir=\"auto\" data-testid=\"conversation-turn-52\" data-scroll-anchor=\"true\">\n<div class=\"text-base my-auto mx-auto py-5 px-6\">\n<div class=\"mx-auto flex flex-1 text-base gap-4 md:gap-5 lg:gap-6 md:max-w-3xl lg:max-w-[40rem] xl:max-w-[48rem] group\/turn-messages focus-visible:outline-none\" tabindex=\"-1\">\n<div class=\"group\/conversation-turn relative flex w-full min-w-0 flex-col agent-turn @xs\/thread:px-0 @sm\/thread:px-1.5 @md\/thread:px-4\">\n<div class=\"relative flex-col gap-1 md:gap-3\">\n<div class=\"flex max-w-full flex-col flex-grow\">\n<div class=\"min-h-8 text-message relative flex w-full flex-col items-end gap-2 whitespace-normal break-words text-start [.text-message+&amp;]:mt-5\" dir=\"auto\" data-message-author-role=\"assistant\" data-message-id=\"c4b97b1b-b961-44a1-b6cb-d6fa3d2e43d4\" data-message-model-slug=\"gpt-4o\">\n<div class=\"flex w-full flex-col gap-1 empty:hidden first:pt-[3px]\">\n<div class=\"markdown prose w-full break-words dark:prose-invert light\">\n<p class=\"\" data-start=\"89\" data-end=\"276\">Una obra clara i rigorosa sobre el <em data-start=\"124\" data-end=\"135\">rewilding<\/em> a Espanya. Amb propostes, casos reals i eines per recuperar la funcionalitat ecol\u00f2gica dels ecosistemes i repensar la relaci\u00f3 amb la natura.<\/p>\n<p class=\"\" data-start=\"89\" data-end=\"276\"><strong><em>Text en castell\u00e0.<\/em><\/strong><\/p>\n<\/div>\n<\/div>\n<\/div>\n<\/div>\n<\/div>\n<\/div>\n<\/div>\n<\/div>\n<\/article>\n","protected":false},"featured_media":84593,"comment_status":"open","ping_status":"closed","template":"","meta":[],"collection":[],"product_brand":[],"product_cat":[607,187,179],"product_tag":[283,458],"class_list":{"0":"post-12505","1":"product","2":"type-product","3":"status-publish","4":"has-post-thumbnail","6":"product_cat-conservacio-i-biodiversitat-per-categoria","7":"product_cat-mamifers","8":"product_cat-paleartica-ca","9":"product_tag-espanya","10":"product_tag-rewilding-ca","12":"first","13":"instock","14":"shipping-taxable","15":"purchasable","16":"product-type-simple"},"_links":{"self":[{"href":"https:\/\/lynxnaturebooks.com\/ca\/wp-json\/wp\/v2\/product\/12505","targetHints":{"allow":["GET"]}}],"collection":[{"href":"https:\/\/lynxnaturebooks.com\/ca\/wp-json\/wp\/v2\/product"}],"about":[{"href":"https:\/\/lynxnaturebooks.com\/ca\/wp-json\/wp\/v2\/types\/product"}],"replies":[{"embeddable":true,"href":"https:\/\/lynxnaturebooks.com\/ca\/wp-json\/wp\/v2\/comments?post=12505"}],"wp:featuredmedia":[{"embeddable":true,"href":"https:\/\/lynxnaturebooks.com\/ca\/wp-json\/wp\/v2\/media\/84593"}],"wp:attachment":[{"href":"https:\/\/lynxnaturebooks.com\/ca\/wp-json\/wp\/v2\/media?parent=12505"}],"wp:term":[{"taxonomy":"collection","embeddable":true,"href":"https:\/\/lynxnaturebooks.com\/ca\/wp-json\/wp\/v2\/collection?post=12505"},{"taxonomy":"product_brand","embeddable":true,"href":"https:\/\/lynxnaturebooks.com\/ca\/wp-json\/wp\/v2\/product_brand?post=12505"},{"taxonomy":"product_cat","embeddable":true,"href":"https:\/\/lynxnaturebooks.com\/ca\/wp-json\/wp\/v2\/product_cat?post=12505"},{"taxonomy":"product_tag","embeddable":true,"href":"https:\/\/lynxnaturebooks.com\/ca\/wp-json\/wp\/v2\/product_tag?post=12505"}],"curies":[{"name":"wp","href":"https:\/\/api.w.org\/{rel}","templated":true}]}}