{"id":11395,"date":"2021-01-05T19:58:34","date_gmt":"2021-01-05T19:58:34","guid":{"rendered":"https:\/\/www.lynxeds.com\/?post_type=product&#038;p=11395"},"modified":"2026-04-14T02:14:16","modified_gmt":"2026-04-14T00:14:16","slug":"birds-of-colombia","status":"publish","type":"product","link":"https:\/\/lynxnaturebooks.com\/ca\/producte\/birds-of-colombia\/","title":{"rendered":"Birds of Colombia"},"content":{"rendered":"\n<div class=\"wp-block-group frases-slide\"><div class=\"wp-block-group__inner-container is-layout-constrained wp-block-group-is-layout-constrained\">\n<div class=\"wp-block-group quote-group slide\"><div class=\"wp-block-group__inner-container is-layout-constrained wp-block-group-is-layout-constrained\">\n<p class=\"has-text-align-center has-medium-font-size\">&#8220;El llibre proporciona informaci\u00f3 sobre noms (locals i nacionals), rang, mida, caracter\u00edstiques identificatives, veu, prefer\u00e8ncies altitudinals i estat. Cada esp\u00e8cie va acompanyada de boniques pintures que mostren esp\u00e8cies i, de vegades, subesp\u00e8cies si escau. Havent estat tres vegades a Col\u00f2mbia ara, jo mateix, em compraria aquest llibre? Absolutament s\u00ed. \u00c9s millor, m\u00e9s exhaustiu i actual que qualsevol altra cosa al mercat&#8221;.<\/p>\n\n\n\n<p class=\"has-text-align-center\">Geoff Carpentier, North Durham Nature Newsletter, volum 8, n\u00famero 4, p 9, octubre de 2021<\/p>\n<\/div><\/div>\n\n\n\n<div class=\"wp-block-group quote-group slide\"><div class=\"wp-block-group__inner-container is-layout-constrained wp-block-group-is-layout-constrained\">\n<p class=\"has-text-align-center has-medium-font-size\">\u201cCol\u00f2mbia \u00e9s, sense cap mena de dubte, un dels pa\u00efsos millors, m\u00e9s diversos i m\u00e9s emocionants per a la observaci\u00f3 d&#8217;ocells. De la mateixa manera, la s\u00e8rie Handbook of birds of the world, publicada per Lynx Edicions entre 1992 i 2013, \u00e9s una de les publicacions ornitol\u00f2giques m\u00e9s incre\u00efbles de la hist\u00f2ria. Combina els dos i aporta l&#8217;enorme experi\u00e8ncia i coneixements de l&#8217;autor, Steven Hilty, i hi ha una certa quantitat d&#8217;inevitable que estem guanyant&#8230; Aquesta \u00e9s realment una guia excel\u00b7lent, i seria absurd intentar-ho. trobar-hi culpa. En canvi, nom\u00e9s dir\u00e9 que no el puc recomanar prou i que m&#8217;agradaria haver-lo tingut amb mi en totes les meves visites a aquest gran pa\u00eds. Sens dubte, aquesta \u00e9s ara la guia de camp definitiva dels ocells de Col\u00f2mbia, i qualsevol observador d&#8217;ocells que planeja aventurar-s&#8217;hi sense haver de reconsiderar seriosament la seva llista d&#8217;embalatge!<\/p>\n\n\n\n<p class=\"has-text-align-center\">Pete Morris, Neotropical Birding 29, p\u00e0g. 76\u201377, agost de 2021<\/p>\n<\/div><\/div>\n\n\n\n<div class=\"wp-block-group quote-group slide\"><div class=\"wp-block-group__inner-container is-layout-constrained wp-block-group-is-layout-constrained\">\n<p class=\"has-text-align-center has-medium-font-size\">\u201cAquesta \u00e9s una obra d&#8217;immensa qualitat i devoci\u00f3 que segurament es convertir\u00e0 en el recurs de refer\u00e8ncia per als observadors d&#8217;ocells i ornit\u00f2legs que visiten i treballen a Col\u00f2mbia. \u00c9s probable que el treball de Hilty torni a establir nous est\u00e0ndards per a moltes m\u00e9s guies de camp neotropicals que vindran&#8221;.<\/p>\n\n\n\n<p class=\"has-text-align-center\">Sam Jones, <a href=\"https:\/\/www.birdguides.com\/reviews\/birds-of-colombia\/\" target=\"_blank\" rel=\"noreferrer noopener\">BirdGuides<\/a> , 31 de juliol de 2021<\/p>\n<\/div><\/div>\n\n\n\n<div class=\"wp-block-group quote-group slide\"><div class=\"wp-block-group__inner-container is-layout-constrained wp-block-group-is-layout-constrained\">\n<p class=\"has-text-align-center has-medium-font-size\">\u201cEl llibre de Hilty no \u00e9s l&#8217;\u00fanica guia de camp colombiana recent disponible. Des del 2010, hi ha una excel\u00b7lent guia de butxaca publicada per ProAves, la Guia de camp dels ocells de Col\u00f2mbia de Miles McMullan i Thomas Donegan (el 2014 es va publicar una segona edici\u00f3 molt actualitzada i despr\u00e9s una tercera edici\u00f3 el 2018). Aquesta guia de Lynx \u00e9s significativament m\u00e9s detallada i actualitzada, amb millors il\u00b7lustracions; encara que, \u00e9s clar, tamb\u00e9 \u00e9s molt m\u00e9s pesat. Tamb\u00e9 val la pena assenyalar que hi ha hagut molts canvis en l&#8217;estat taxon\u00f2mic dels ocells a la regi\u00f3 neotropical des del 2018, de manera que ara la guia d&#8217;Hilty \u00e9s preferible com a company de camp&#8221;.<\/p>\n\n\n\n<p class=\"has-text-align-center\">Frank Lambert, <a href=\"http:\/\/www.birderslibrary.com\/reviews\/books\/field\/birds_of_colombia.htm\" target=\"_blank\" rel=\"noreferrer noopener\">The Birder&#8217;s Library<\/a> , 9 de juny de 2021<\/p>\n<\/div><\/div>\n<\/div><\/div>\n\n<div style=\"height:38px\" aria-hidden=\"true\" class=\"wp-block-spacer\"><\/div>\n<div class=\"wp-block-columns attributes-columns\"><div class=\"wp-block-column\"><svg width=\"28px\" height=\"35px\" viewBox=\"0 0 28 35\" version=\"1.1\" xmlns=\"http:\/\/www.w3.org\/2000\/svg\" xmlns:xlink=\"http:\/\/www.w3.org\/1999\/xlink\">\n                            <g id=\"Page-1\" stroke=\"none\" stroke-width=\"1\" fill=\"none\" fill-rule=\"evenodd\" opacity=\"0.147770473\">\n                                <g id=\"24\" transform=\"translate(-287.000000, -1522.000000)\" fill=\"#000000\" fill-rule=\"nonzero\" stroke=\"#000000\" stroke-width=\"0.799586777\">\n                                    <g id=\"Group-3\" transform=\"translate(233.000000, 1504.000000)\">\n                                        <g id=\"Shape-3\" transform=\"translate(55.000000, 19.000000)\">\n                                            <path d=\"M13,0 C9.82319737,0 7.22466566,2.63962325 7.22466566,5.86666055 C7.22466566,8.71794192 9.25407358,11.1008511 11.9171246,11.6187379 L11.9171246,13.9333188 L6.8637075,13.9333188 C6.8261332,13.9313284 6.78848231,13.9313284 6.75090801,13.9333188 C6.331882,13.9764915 5.97550223,14.2625282 5.83723204,14.6666514 L0.0618978813,31.5333078 C-0.0555594524,31.8709186 -0.00391373208,32.2454751 0.200335189,32.5373134 C0.40458411,32.8291517 0.7358774,33.0017525 1.08837297,32.9999866 L13,32.9999866 L24.9116267,32.9999866 C25.2641223,33.0017526 25.5954157,32.8291519 25.7996647,32.5373136 C26.0039137,32.2454752 26.0555595,31.8709186 25.9381021,31.5333078 L20.162768,14.6666514 C20.0091004,14.2252213 19.5972147,13.9309628 19.1362925,13.9333188 L14.082875,13.9333188 L14.082875,11.6187379 C16.7459261,11.1008511 18.775334,8.71794192 18.775334,5.86666055 C18.775334,2.63962325 16.1768026,0 13,0 L13,0 Z M12.9999998,2.19999771 C15.0063443,2.19999771 16.6095839,3.82859001 16.6095839,5.86666055 C16.6095839,7.52644516 15.5508938,8.91385538 14.071595,9.3729069 C13.99526,8.77759028 13.4631728,8.35436769 12.8759203,8.42186622 C12.3828087,8.48076346 11.9922861,8.87273886 11.9284046,9.3729069 C10.4491059,8.91385538 9.39041606,7.52644516 9.39041606,5.86666055 C9.39041606,3.82859001 10.9936557,2.19999771 12.9999998,2.19999771 L12.9999998,2.19999771 Z M7.6307439,16.1333239 L12.9999998,16.1333239 L18.3692561,16.1333239 L23.3888335,30.7999752 L12.9999998,30.7999752 L2.61116648,30.7999752 L7.6307439,16.1333239 L7.6307439,16.1333239 Z\" id=\"Shape\"><\/path>\n                                        <\/g>\n                                    <\/g>\n                                <\/g>\n                            <\/g>\n                        <\/svg><p class=\"has-small-font-size\">Pes<\/p><p class=\"attribute\">1.2 kg<\/p><\/div><div class=\"wp-block-column\"><svg width=\"34px\" height=\"35px\" viewBox=\"0 0 34 35\" version=\"1.1\" xmlns=\"http:\/\/www.w3.org\/2000\/svg\" xmlns:xlink=\"http:\/\/www.w3.org\/1999\/xlink\">\n                            <g id=\"Page-1\" stroke=\"none\" stroke-width=\"1\" fill=\"none\" fill-rule=\"evenodd\" opacity=\"0.147770473\">\n                                <g id=\"24\" transform=\"translate(-471.000000, -1523.000000)\" fill=\"#000000\" fill-rule=\"nonzero\">\n                                    <g id=\"Group-3\" transform=\"translate(233.000000, 1504.000000)\">\n                                        <g id=\"Group-10\" transform=\"translate(238.000000, 19.000000)\">\n                                            <polygon id=\"Path\" points=\"0 9.72222222 2 9.72222222 2 33.0555556 0 33.0555556 0 35 6 35 6 33.0555556 4 33.0555556 4 9.72222222 6 9.72222222 6 7.77777778 0 7.77777778\"><\/polygon>\n                                            <polygon id=\"Path\" points=\"32 1.94444444 10 1.94444444 10 0 8 0 8 5.83333333 10 5.83333333 10 3.88888889 32 3.88888889 32 5.83333333 34 5.83333333 34 0 32 0\"><\/polygon>\n                                            <path d=\"M8,7.77777778 L8,30.1388889 L13,35 L33,35 L33,12.6388889 L28,7.77777778 L8,7.77777778 Z M11,10.6944444 L26,10.6944444 L26,28.1944444 L11,28.1944444 L11,10.6944444 Z M30,32.0833333 L14.24,32.0833333 L12.24,30.1388889 L28,30.1388889 L28,11.9 L30,13.8444444 L30,32.0833333 Z\" id=\"Shape\"><\/path>\n                                            <rect id=\"Rectangle\" x=\"13\" y=\"15.5555556\" width=\"11\" height=\"1.94444444\"><\/rect>\n                                            <rect id=\"Rectangle\" x=\"15\" y=\"19.4444444\" width=\"7\" height=\"1.94444444\"><\/rect>\n                                        <\/g>\n                                    <\/g>\n                                <\/g>\n                            <\/g>\n                        <\/svg><p class=\"has-small-font-size\">Dimensions<\/p><p class=\"attribute\">16 &times; 23 cm<\/p><\/div><div class=\"wp-block-column\"><svg width=\"26px\" height=\"30px\" viewBox=\"0 0 26 30\" version=\"1.1\" xmlns=\"http:\/\/www.w3.org\/2000\/svg\" xmlns:xlink=\"http:\/\/www.w3.org\/1999\/xlink\">\n                            <g id=\"Page-1\" stroke=\"none\" stroke-width=\"1\" fill=\"none\" fill-rule=\"evenodd\" opacity=\"0.147770473\">\n                                <g id=\"24\" transform=\"translate(-661.000000, -1528.000000)\" fill=\"#000000\" fill-rule=\"nonzero\">\n                                    <g id=\"Group-3\" transform=\"translate(233.000000, 1504.000000)\">\n                                        <g id=\"Group-12\" transform=\"translate(428.000000, 24.000000)\">\n                                            <path d=\"M0,0 L0,25.8333333 L4.19354839,30 L26,30 L26,4.16666667 L21.8064516,0 M2.01290323,2.5 L20.1290323,2.5 L20.1290323,24.1666667 L2.01290323,24.1666667 L2.01290323,2.5 Z M23.483871,27.5 L5.23354839,27.5 L3.55612903,25.8333333 L21.8064516,25.8333333 L21.8064516,3.53333333 L23.483871,5.2 L23.483871,27.5 Z\" id=\"Shape\"><\/path>\n                                            <rect id=\"Rectangle\" x=\"7.5483871\" y=\"8.33333333\" width=\"10.9032258\" height=\"1.66666667\"><\/rect>\n                                            <rect id=\"Rectangle\" x=\"7.5483871\" y=\"11.6666667\" width=\"10.9032258\" height=\"1.66666667\"><\/rect>\n                                            <rect id=\"Rectangle\" x=\"7.5483871\" y=\"15\" width=\"10.9032258\" height=\"1.66666667\"><\/rect>\n                                            <rect id=\"Rectangle\" x=\"7.5483871\" y=\"18.3333333\" width=\"5.87096774\" height=\"1.66666667\"><\/rect>\n                                        <\/g>\n                                    <\/g>\n                                <\/g>\n                            <\/g>\n                        <\/svg><p class=\"has-small-font-size\">Idioma<\/p><p class=\"attribute\">Angl\u00e8s<\/p><\/div><div class=\"wp-block-column\"><svg width=\"26px\" height=\"30px\" viewBox=\"0 0 26 30\" version=\"1.1\" xmlns=\"http:\/\/www.w3.org\/2000\/svg\" xmlns:xlink=\"http:\/\/www.w3.org\/1999\/xlink\">\n                            <g id=\"Page-1\" stroke=\"none\" stroke-width=\"1\" fill=\"none\" fill-rule=\"evenodd\" opacity=\"0.147770473\">\n                                <g id=\"24\" transform=\"translate(-849.000000, -1528.000000)\" fill=\"#000000\" fill-rule=\"nonzero\">\n                                    <g id=\"Group-3\" transform=\"translate(233.000000, 1504.000000)\">\n                                        <g id=\"Group-11\" transform=\"translate(616.000000, 24.000000)\">\n                                            <path d=\"M0,0 L0,25.8333333 L4.19354839,30 L26,30 L26,4.16666667 L21.8064516,0 L0,0 Z M2.51612903,2.5 L20.1290323,2.5 L20.1290323,24.1666667 L2.51612903,24.1666667 L2.51612903,2.5 Z M23.483871,27.5 L5.23354839,27.5 L3.55612903,25.8333333 L21.8064516,25.8333333 L21.8064516,3.53333333 L23.483871,5.2 L23.483871,27.5 Z\" id=\"Shape\"><\/path>\n                                            <path d=\"M5.03225806,13.3333333 L17.6129032,13.3333333 L17.6129032,5 L5.03225806,5 L5.03225806,13.3333333 Z M6.70967742,6.66666667 L15.9354839,6.66666667 L15.9354839,11.6666667 L6.70967742,11.6666667 L6.70967742,6.66666667 Z\" id=\"Shape\"><\/path>\n                                        <\/g>\n                                    <\/g>\n                                <\/g>\n                            <\/g>\n                        <\/svg><p class=\"has-small-font-size\">Format<\/p><p class=\"attribute\">Flexi-cover, Tapa dura<\/p><\/div><div class=\"wp-block-column\"><svg width=\"26px\" height=\"30px\" viewBox=\"0 0 26 30\" version=\"1.1\" xmlns=\"http:\/\/www.w3.org\/2000\/svg\" xmlns:xlink=\"http:\/\/www.w3.org\/1999\/xlink\">\n                            <g id=\"Page-1\" stroke=\"none\" stroke-width=\"1\" fill=\"none\" fill-rule=\"evenodd\" opacity=\"0.147770473\">\n                                <g id=\"24\" transform=\"translate(-661.000000, -1528.000000)\" fill=\"#000000\" fill-rule=\"nonzero\">\n                                    <g id=\"Group-3\" transform=\"translate(233.000000, 1504.000000)\">\n                                        <g id=\"Group-12\" transform=\"translate(428.000000, 24.000000)\">\n                                            <path d=\"M0,0 L0,25.8333333 L4.19354839,30 L26,30 L26,4.16666667 L21.8064516,0 M2.01290323,2.5 L20.1290323,2.5 L20.1290323,24.1666667 L2.01290323,24.1666667 L2.01290323,2.5 Z M23.483871,27.5 L5.23354839,27.5 L3.55612903,25.8333333 L21.8064516,25.8333333 L21.8064516,3.53333333 L23.483871,5.2 L23.483871,27.5 Z\" id=\"Shape\"><\/path>\n                                            <rect id=\"Rectangle\" x=\"7.5483871\" y=\"8.33333333\" width=\"10.9032258\" height=\"1.66666667\"><\/rect>\n                                            <rect id=\"Rectangle\" x=\"7.5483871\" y=\"11.6666667\" width=\"10.9032258\" height=\"1.66666667\"><\/rect>\n                                            <rect id=\"Rectangle\" x=\"7.5483871\" y=\"15\" width=\"10.9032258\" height=\"1.66666667\"><\/rect>\n                                            <rect id=\"Rectangle\" x=\"7.5483871\" y=\"18.3333333\" width=\"5.87096774\" height=\"1.66666667\"><\/rect>\n                                        <\/g>\n                                    <\/g>\n                                <\/g>\n                            <\/g>\n                        <\/svg><p class=\"has-small-font-size\">P\u00e0gines<\/p><p class=\"attribute\">608<\/p><\/div><div class=\"wp-block-column\"><svg width=\"26px\" height=\"30px\" viewBox=\"0 0 26 30\" version=\"1.1\" xmlns=\"http:\/\/www.w3.org\/2000\/svg\" xmlns:xlink=\"http:\/\/www.w3.org\/1999\/xlink\">\n                            <g id=\"Page-1\" stroke=\"none\" stroke-width=\"1\" fill=\"none\" fill-rule=\"evenodd\" opacity=\"0.147770473\">\n                                <g id=\"24\" transform=\"translate(-849.000000, -1528.000000)\" fill=\"#000000\" fill-rule=\"nonzero\">\n                                    <g id=\"Group-3\" transform=\"translate(233.000000, 1504.000000)\">\n                                        <g id=\"Group-11\" transform=\"translate(616.000000, 24.000000)\">\n                                            <path d=\"M0,0 L0,25.8333333 L4.19354839,30 L26,30 L26,4.16666667 L21.8064516,0 L0,0 Z M2.51612903,2.5 L20.1290323,2.5 L20.1290323,24.1666667 L2.51612903,24.1666667 L2.51612903,2.5 Z M23.483871,27.5 L5.23354839,27.5 L3.55612903,25.8333333 L21.8064516,25.8333333 L21.8064516,3.53333333 L23.483871,5.2 L23.483871,27.5 Z\" id=\"Shape\"><\/path>\n                                            <path d=\"M5.03225806,13.3333333 L17.6129032,13.3333333 L17.6129032,5 L5.03225806,5 L5.03225806,13.3333333 Z M6.70967742,6.66666667 L15.9354839,6.66666667 L15.9354839,11.6666667 L6.70967742,11.6666667 L6.70967742,6.66666667 Z\" id=\"Shape\"><\/path>\n                                        <\/g>\n                                    <\/g>\n                                <\/g>\n                            <\/g>\n                        <\/svg><p class=\"has-small-font-size\">Data de publicaci\u00f3<\/p><p class=\"attribute\">March 2021<\/p><\/div><div class=\"wp-block-column\"><svg width=\"26px\" height=\"30px\" viewBox=\"0 0 26 30\" version=\"1.1\" xmlns=\"http:\/\/www.w3.org\/2000\/svg\" xmlns:xlink=\"http:\/\/www.w3.org\/1999\/xlink\">\n                            <g id=\"Page-1\" stroke=\"none\" stroke-width=\"1\" fill=\"none\" fill-rule=\"evenodd\" opacity=\"0.147770473\">\n                                <g id=\"24\" transform=\"translate(-1222.000000, -1528.000000)\" fill=\"#000000\" fill-rule=\"nonzero\">\n                                    <g id=\"Group-3\" transform=\"translate(233.000000, 1504.000000)\">\n                                        <g id=\"Shape-2\" transform=\"translate(989.000000, 24.000000)\">\n                                            <path d=\"M0,0 L0,25.8333333 L4.19354839,30 L26,30 L26,4.16666667 L21.8064516,0 L0,0 Z M6.70967742,2.5 L10.0645161,2.5 L10.0645161,10.1 L8.38709677,9 L6.70967742,10.1 L6.70967742,2.5 Z M2.51612903,2.5 L5.03225806,2.5 L5.03225806,13.2333333 L8.38709677,11 L11.7419355,13.2333333 L11.7419355,2.5 L20.1290323,2.5 L20.1290323,24.1666667 L2.51612903,24.1666667 L2.51612903,2.5 Z M23.483871,27.5 L5.23354839,27.5 L3.55612903,25.8333333 L21.8064516,25.8333333 L21.8064516,3.53333333 L23.483871,5.2 L23.483871,27.5 Z\" id=\"Shape\"><\/path>\n                                        <\/g>\n                                    <\/g>\n                                <\/g>\n                            <\/g>\n                        <\/svg><p class=\"has-small-font-size\">Publicat per<\/p><p class=\"attribute\">Lynx Edicions<\/p><\/div><\/div><div id=\"professionals\" class=\"max-width padding-sides\"><h2>Autor\/a<\/h2><div class=\"professionals-wrapper\"><p class=\"professional\"><a href=\"https:\/\/lynxnaturebooks.com\/ca\/professional\/steven-l-hilty\/\">Steven L. Hilty<\/a><\/p><\/div><\/div>        <!-- <h2 id=\"autors\" class=\"has-text-align-center\"><\/h2>\n        <div class=\"product-autors max-width-narrow\">\n                    <\/div> -->\n    \n\n<div class=\"wp-block-group max-width-narrow max-height\"><div class=\"wp-block-group__inner-container is-layout-constrained wp-block-group-is-layout-constrained\">\n<h2 class=\"wp-block-heading has-text-align-center\">Descripci\u00f3<\/h2>\n\n\n\n<p>La guia de camp m\u00e9s completa i actualitzada dels ocells de Col\u00f2mbia.<\/p>\n\n\n\n<p>Per als observadors d&#8217;ocells, Col\u00f2mbia \u00e9s realment el n\u00famero u! No nom\u00e9s s&#8217;han registrat m\u00e9s esp\u00e8cies all\u00e0 que a cap altre pa\u00eds, sin\u00f3 que gaireb\u00e9 una cinquena part de les aus del m\u00f3n es troben a Col\u00f2mbia, empaquetades en una \u00e0rea lleugerament superior als 1.100.000 km <sup>2<\/sup> .<\/p>\n\n\n\n<p>S&#8217;estenen d&#8217;est a oest des del riu Orinoco fins a l&#8217;oce\u00e0 Pac\u00edfic, i de nord a sud des del Carib fins a les cap\u00e7aleres amaz\u00f2niques, la topografia del pa\u00eds \u00e9s notablement diversa. Aqu\u00ed, els Andes estan separats en tres serralades per dues valls importants, el Cauca i la Magdalena, i hi ha dos massissos molt importants, Santa Marta i Perij\u00e1, al nord del pa\u00eds; en particular, la serra de Santa Marta \u00e9s un dels els grans punts end\u00e8mics del m\u00f3n.<\/p>\n\n\n\n<p>En els darrers anys, ha evolucionat una s\u00e8rie de rutes est\u00e0ndard d&#8217;observaci\u00f3 d&#8217;ocells, moltes d&#8217;elles centrades en les \u00e0rees protegides de propietat p\u00fablica i privada del pa\u00eds, la qual cosa permet que els aficionats als ocells puguin veure gaireb\u00e9 tots els molts ocells especials de Col\u00f2mbia, des de lloros i colibr\u00eds amb plomatge extravagant fins a antpittas.<\/p>\n\n\n\n<p>No obstant aix\u00f2, a Am\u00e8rica del Sud la capacitat d&#8217;escapar dels camins trillats i fer noves troballes potser no \u00e9s millor que Col\u00f2mbia, com ho demostra el recent descobriment d&#8217;una esp\u00e8cie aparentment nova d&#8217;antpitta prop de la ciutat de Cali.<\/p>\n\n\n\n<ul class=\"wp-block-list\">\n<li>La taxonomia segueix principalment la <a href=\"https:\/\/www.lynxeds.com\/product\/hbw-and-birdlife-international-illustrated-checklist-of-the-birds-of-the-world-set-of-two-volumes\/\" target=\"_blank\" rel=\"noreferrer noopener\"><em>llista de verificaci\u00f3 il\u00b7lustrada de HBW i BirdLife International de les aus del m\u00f3n<\/em><\/a> amb actualitzacions en gran mesura per seguir les dades moleculars m\u00e9s recents adoptades per eBird\/Clements.<\/li>\n\n\n\n<li>Textos detallats que cobreixen l&#8217;estat, l&#8217;h\u00e0bitat i el comportament, l&#8217;edat, el sexe i la variaci\u00f3 geogr\u00e0fica, la veu i les esp\u00e8cies de confusi\u00f3.<\/li>\n\n\n\n<li>M\u00e9s de 3600 il\u00b7lustracions que cobreixen totes les esp\u00e8cies i subesp\u00e8cies distintives, ocells en vol, mascles i femelles, juvenils i plomatges no reproductors, si escau.<\/li>\n\n\n\n<li>Codi QR de cada esp\u00e8cie, vinculat a material audiovisual complementari.<\/li>\n\n\n\n<li>M\u00e9s de 2.000 mapes de distribuci\u00f3 a tot color per a totes les esp\u00e8cies que es troben habitualment.<\/li>\n\n\n\n<li>Els grups de subesp\u00e8cies ben marcats reben comptes complets i les distribucions de les subesp\u00e8cies que es reprodueixen a la regi\u00f3 estan clarament cartografiades.<\/li>\n\n\n\n<li>Noms d&#8217;esp\u00e8cies locals inclosos.<\/li>\n<\/ul>\n\n\n\n<h4 class=\"wp-block-heading\">Caracter\u00edstiques:<\/h4>\n\n\n\n<ul class=\"wp-block-list\">\n<li>1965 esp\u00e8cies; 94 end\u00e8mics, 101 gaireb\u00e9 end\u00e8mics, 4 introdu\u00efts, 42 vagabunds.<\/li>\n\n\n\n<li>M\u00e9s de 3600 il\u00b7lustracions i m\u00e9s de 2000 mapes de distribuci\u00f3.<\/li>\n<\/ul>\n\n\n\n<p class=\"has-text-align-center button-link button-view-all\"><a href=\"#viewall\">Veure tot<\/a><\/p>\n<\/div><\/div>\n\n<div style=\"height:20px\" aria-hidden=\"true\" class=\"wp-block-spacer\"><\/div>\n\n<div class=\"wp-block-group max-width-narrow max-height\"><div class=\"wp-block-group__inner-container is-layout-constrained wp-block-group-is-layout-constrained\"><div class=\"wp-block-group max-width-narrow\"><\/div>\n\n\n\n<p class=\"has-text-align-center button-link button-view-all\"><a href=\"#viewall\">Veure tot<\/a><\/p>\n<\/div><\/div>\n","protected":false},"excerpt":{"rendered":"<p>La guia de camp m\u00e9s completa i actualitzada sobre les aus de Col\u00f2mbia! Amb descripcions detallades de totes les esp\u00e8cies d&#8217;aus registrades a Col\u00f2mbia, que \u00e9s la llar de gaireb\u00e9 el 20% de les aus del m\u00f3n, aquesta guia ofereix una taxonomia exhaustiva basada en l&#8217;<a href=\"https:\/\/lynxnaturebooks.com\/ca\/producte\/hbw-and-birdlife-international-illustrated-checklist-of-the-birds-of-the-world-set-of-two-volumes\/\"><em>HBW and BirdLife International Illustrated Checklist of the Birds of the World<\/em><\/a>.<\/p>\n<p>Amb m\u00e9s de 3600 il\u00b7lustracions impressionants, 2000 mapes de distribuci\u00f3 a tot color i codis QR que enllacen amb material audiovisual, \u00e9s un recurs imprescindible per als observadors d&#8217;aus que exploren la biodiversitat incomparable de Col\u00f2mbia, des de lloros acolorits fins a esquius tororois. Ideal per identificar esp\u00e8cies, comprendre els seus h\u00e0bitats i planificar rutes d&#8217;observaci\u00f3.<\/p>\n","protected":false},"featured_media":83023,"comment_status":"open","ping_status":"closed","template":"","meta":[],"collection":[],"product_brand":[],"product_cat":[227,223,253,229],"product_tag":[315],"class_list":{"0":"post-11395","1":"product","2":"type-product","3":"status-publish","4":"has-post-thumbnail","6":"product_cat-ocells","7":"product_cat-lynx-and-birdlife-international-field-guides-ca","8":"product_cat-guies-de-camp","9":"product_cat-neotropical-ca","10":"product_tag-mes-venuts","12":"first","13":"instock","14":"shipping-taxable","15":"purchasable","16":"product-type-variable"},"_links":{"self":[{"href":"https:\/\/lynxnaturebooks.com\/ca\/wp-json\/wp\/v2\/product\/11395","targetHints":{"allow":["GET"]}}],"collection":[{"href":"https:\/\/lynxnaturebooks.com\/ca\/wp-json\/wp\/v2\/product"}],"about":[{"href":"https:\/\/lynxnaturebooks.com\/ca\/wp-json\/wp\/v2\/types\/product"}],"replies":[{"embeddable":true,"href":"https:\/\/lynxnaturebooks.com\/ca\/wp-json\/wp\/v2\/comments?post=11395"}],"wp:featuredmedia":[{"embeddable":true,"href":"https:\/\/lynxnaturebooks.com\/ca\/wp-json\/wp\/v2\/media\/83023"}],"wp:attachment":[{"href":"https:\/\/lynxnaturebooks.com\/ca\/wp-json\/wp\/v2\/media?parent=11395"}],"wp:term":[{"taxonomy":"collection","embeddable":true,"href":"https:\/\/lynxnaturebooks.com\/ca\/wp-json\/wp\/v2\/collection?post=11395"},{"taxonomy":"product_brand","embeddable":true,"href":"https:\/\/lynxnaturebooks.com\/ca\/wp-json\/wp\/v2\/product_brand?post=11395"},{"taxonomy":"product_cat","embeddable":true,"href":"https:\/\/lynxnaturebooks.com\/ca\/wp-json\/wp\/v2\/product_cat?post=11395"},{"taxonomy":"product_tag","embeddable":true,"href":"https:\/\/lynxnaturebooks.com\/ca\/wp-json\/wp\/v2\/product_tag?post=11395"}],"curies":[{"name":"wp","href":"https:\/\/api.w.org\/{rel}","templated":true}]}}