{"id":86665,"date":"2024-07-16T14:16:48","date_gmt":"2024-07-16T12:16:48","guid":{"rendered":"https:\/\/develop.genium.click\/lynxeds\/sobre-el-manual-dels-ocells-del-mon\/"},"modified":"2024-07-16T14:16:49","modified_gmt":"2024-07-16T12:16:49","slug":"sobre-el-manual-dels-ocells-del-mon","status":"publish","type":"page","link":"https:\/\/lynxnaturebooks.com\/ca\/sobre-el-manual-dels-ocells-del-mon\/","title":{"rendered":"Sobre el Manual dels ocells del m\u00f3n"},"content":{"rendered":"\n<h1 class=\"wp-block-heading\"><em>Manual dels ocells del m\u00f3n<\/em><\/h1>\n\n<h2 class=\"wp-block-heading\">La principal obra ornitol\u00f2gica del nostre temps.<\/h2>\n\n<p><img decoding=\"async\" src=\"https:\/\/www.lynxeds.com\/sites\/all\/themes\/lynxeds\/assets\/complete-HBW.jpg\" alt=\"Col&#xB7;lecci&#xF3; completa HBW\"\/><br\/>\u201cTenim una dita a Espanya: no pots estimar all\u00f2 que no coneixes. Si un ocell s&#8217;extingeix abans que ning\u00fa l&#8217;hagi fotografiat o escrit sobre ell, realment no t&#8217;importa. Per\u00f2 un cop has vist com de bonic i fascinant que \u00e9s, t&#8217;importa. Esperem que ara la gent tingui els fets, far\u00e0 alguna cosa per salvar l&#8217;esp\u00e8cie abans que sigui massa tard&#8221;.<\/p>\n\n<p>Josep del Hoyo<br\/>En una entrevista a la BBC Wildlife Magazine<\/p>\n\n<div style=\"height:30px\" aria-hidden=\"true\" class=\"wp-block-spacer\"><\/div>\n\n<h2 class=\"wp-block-heading\" id=\"introduction\">Introducci\u00f3<\/h2>\n\n<p>El <em>Manual dels ocells del m\u00f3n<\/em> (HBW) \u00e9s la primera obra que il\u00b7lustra i tracta detalladament totes les esp\u00e8cies vives d&#8217;ocells. L&#8217;enciclop\u00e8dia de 17 volums cont\u00e9 textos i il\u00b7lustracions de 277 autors i 33 il\u00b7lustradors de 40 pa\u00efsos.<\/p>\n\n<p>Aclamat com el projecte editorial m\u00e9s notable sobre ocells mai concebut i executat, tamb\u00e9 \u00e9s el primer treball que cobreix tota una classe del regne animal.<\/p>\n\n<p>La s\u00e8rie est\u00e0 recopilada per organitzacions cient\u00edfiques, observadors d&#8217;aus i entusiastes de la vida salvatge en m\u00e9s de 150 pa\u00efsos. Essencial per a biblioteques, universitats, ornit\u00f2legs i observadors d&#8217;ocells, HBW est\u00e0 en cam\u00ed de convertir-se en un valu\u00f3s article de col\u00b7leccionisme.<\/p>\n\n<p><strong>HBW EN N\u00daMEROS<\/strong><\/p>\n\n<figure class=\"wp-block-table\"><table><tbody><tr><td><strong>CARACTER\u00cdSTIQUES<\/strong><\/td><td><strong>PERSONES IMPLICADAS<\/strong><\/td><\/tr><tr><td>17 volums 1.030 l\u00e0mines 20.617 figures 7.075 fotos 10.200 mapes 13.367 p\u00e0gines c. 100.000 refer\u00e8ncies bibliogr\u00e0fiques<\/td><td>277 autors de 40 pa\u00efsos 33 artistes 1.151 fot\u00f2grafs de fauna salvatge 73 persones treballant en edici\u00f3 i administraci\u00f3<\/td><\/tr><\/tbody><\/table><\/figure>\n\n<p>El nostre comprom\u00eds amb la s\u00e8rie <em>Handbook of the Birds of the World<\/em> ha estat tractar i il\u00b7lustrar acuradament totes les esp\u00e8cies d&#8217;ocells del m\u00f3n. Aquesta tasca va durar des de l&#8217;any 1992, amb la publicaci\u00f3 del Volum 1, fins al 2011, amb la publicaci\u00f3 del Volum 16, que recull les darreres fam\u00edlies d&#8217;ocells. La s\u00e8rie s&#8217;ha complementat amb un volum especial (volum 17), publicat l&#8217;any 2013, que cobreix 69 esp\u00e8cies genu\u00efnament noves per a la ci\u00e8ncia que es van descriure despr\u00e9s de la publicaci\u00f3 dels seus respectius volums i, per tant, no figuraven en els 16 volums anteriors. Tamb\u00e9 inclou les descripcions cient\u00edfiques originals de 15 esp\u00e8cies, totes noves per a la ci\u00e8ncia, i un \u00edndex global de tota la s\u00e8rie.<\/p>\n\n<p>El material de cada volum s&#8217;organitza sistem\u00e0ticament per fam\u00edlies, amb un text introductori sobre els aspectes generals del grup, generosament il\u00b7lustrat amb fotografies en color. Seguidament, els comptes d&#8217;esp\u00e8cies individuals, amb els seus mapes de distribuci\u00f3 i plaques de colors que s&#8217;acompanyen, que il\u00b7lustren totes les esp\u00e8cies, incloses totes les difer\u00e8ncies sexuals i subespec\u00edfiques significatives. A m\u00e9s, cada volum cont\u00e9 un pr\u00f2leg sobre un tema ornitol\u00f2gic concret d&#8217;inter\u00e8s.<\/p>\n\n<p>Cada volum cobreix entre 300 i 800 esp\u00e8cies en 600-900 p\u00e0gines de contingut a tot color amb 45-81 l\u00e0mines d&#8217;il\u00b7lustracions, centenars de fotografies i mapes de distribuci\u00f3 i milers de refer\u00e8ncies.<\/p>\n\n<h2 class=\"wp-block-heading\" id=\"history\"><a><\/a>Hist\u00f2ria<\/h2>\n\n<p>Abans que aparegu\u00e9s el primer volum de HBW el 1992, la majoria de la gent li donava poques possibilitats d&#8217;\u00e8xit. El mercat estava saturat de llibres d&#8217;ocells, i la idea d&#8217;una editorial catalana desconeguda produint l&#8217;obra definitiva en angl\u00e8s sobre les aus semblava rid\u00edcula. De fet, el <em>Manual dels ocells del m\u00f3n<\/em> \u00e9s sens dubte l&#8217;empresa m\u00e9s ambiciosa que s&#8217;ha produ\u00eft mai en el camp de la publicaci\u00f3 d&#8217;hist\u00f2ria natural. La hist\u00f2ria de com va n\u00e9ixer \u00e9s un homenatge a la visi\u00f3 i la persist\u00e8ncia d&#8217;un equip molt unit.<\/p>\n\n<p><em>Un somni pren vol<\/em><\/p>\n\n<p>A principis dels anys 80, Josep del Hoyo, metge rural de Catalunya, va compartir amb el seu amic Jordi Sargatal una idea: elaborar un treball exhaustiu que cobreixi totes les aus del m\u00f3n. Despr\u00e9s de q\u00fcestionar inicialment la seny del seu amic, Sargatal finalment va acceptar assumir el projecte. Com que els dos homes no tenien els fons per a tal empresa, es van acostar a Ramon Mascort, un advocat i empresari amb gran inter\u00e8s pels llibres i la natura. Mascort els va prometre suport financer. Amb el reclutament de l&#8217;escoc\u00e8s Andy Elliott \u2014no nom\u00e9s un ornit\u00f2leg sin\u00f3 tamb\u00e9 un ling\u00fcista expert\u2014 el projecte \u00e8pic estava en marxa.<\/p>\n\n<p><em>Aclamaci\u00f3 internacional<\/em><\/p>\n\n<p>Quan es va filtrar la not\u00edcia del projecte a principis dels anys noranta, la majoria dels ocells es van mostrar francament esc\u00e8ptics, sobretot quan van saber que la s\u00e8rie seria produ\u00efda per una editorial desconeguda de Barcelona dirigida per dos catalans i un escoc\u00e8s.<\/p>\n\n<p>El cinisme, per\u00f2, es va convertir en sorpresa quan es va estrenar el primer volum el 1992. El m\u00f3n ornitol\u00f2gic va quedar sorpr\u00e8s i HBW va rebre excel\u00b7lents cr\u00edtiques a gaireb\u00e9 totes les revistes especialitzades del m\u00f3n. L&#8217;\u00e8xit de la s\u00e8rie s&#8217;ha atribu\u00eft als textos autoritzats i ben escrits, al rigor acad\u00e8mic generalitzat, a les impressionants fotografies i a les magn\u00edfices il\u00b7lustracions. Sigui quins siguin els factors implicats, el resultat va ser un prestigi internacional que va permetre la incorporaci\u00f3 de reconeguts experts d&#8217;arreu del m\u00f3n com a autors de futurs volums, la qual cosa, al seu torn, va donar lloc a millors i millors ressenyes per a cada nou volum. Gr\u00e0cies a la col\u00b7laboraci\u00f3 d&#8217;escriptors i artistes experts, HBW s&#8217;ha convertit en un projecte veritablement internacional, amb les contribucions de 277 especialistes destacats, 33 il\u00b7lustradors i 1.151 fot\u00f2grafs d&#8217;arreu del m\u00f3n.<\/p>\n\n<h2 class=\"wp-block-heading\" id=\"general-objectives\">Objectius generals<\/h2>\n\n<p>HBW pret\u00e9n ser una extensa obra de refer\u00e8ncia a la que probablement sigui la m\u00e9s coneguda de totes les Classes del Regne Animal. El treball mostra l&#8217;extraordin\u00e0ria diversitat d&#8217;ocells, abastant aspectes com les relacions taxon\u00f2mices, la hist\u00f2ria evolutiva, l&#8217;ecologia, els h\u00e0bits generals, les estrat\u00e8gies de cria i l&#8217;estat actual de les poblacions a nivell global. Un dels objectius principals \u00e9s donar una cobertura global global des d&#8217;un punt de vista genu\u00efnament internacional, millorant l&#8217;apreciaci\u00f3 de la diversitat de les aus a escala global, m\u00e9s que regional.<\/p>\n\n<p>D&#8217;acord amb l&#8217;estreta vinculaci\u00f3 amb BirdLife International, el treball tamb\u00e9 pret\u00e9n posar \u00e8mfasi en l&#8217;estat i la conservaci\u00f3 i aix\u00ed contribuir a la protecci\u00f3 de les aus i els seus h\u00e0bitats. Hi ha molts llibres que tracten el tema de la conservaci\u00f3, per\u00f2 HBW va un pas m\u00e9s enll\u00e0 analitzant l&#8217;estat i la conservaci\u00f3 de totes les esp\u00e8cies, no nom\u00e9s d&#8217;aquelles que se sap o es creu que estan amena\u00e7ades.<\/p>\n\n<h2 class=\"wp-block-heading\" id=\"classification\"><a><\/a>Classificaci\u00f3<\/h2>\n\n<p>Tenint en compte els grans desenvolupaments en el camp de la classificaci\u00f3 al llarg dels anys, incloses les proves d&#8217;ADN, la tasca de decidir el tractament taxon\u00f2mic a nivell familiar no va ser f\u00e0cil. En general, els editors d&#8217;HBW van optar per classificacions m\u00e9s tradicionals, tot i que les alternatives m\u00e9s significatives sempre reben consideraci\u00f3 en el text HBW.<\/p>\n\n<h2 class=\"wp-block-heading\" id=\"family-texts\"><a><\/a>Textos familiars<\/h2>\n\n<p>Els relats familiars s\u00f3n assajos \u00fatils, fiables i llegibles acompanyats d&#8217;un \u00fas gener\u00f3s de fotografies en color. \u00c9s accessible per al lector profe sense defugir les obligacions amb la ci\u00e8ncia. La profunditat de la informaci\u00f3 sobre cada fam\u00edlia, escrita per experts ben qualificats, \u00e9s comparable a la informaci\u00f3 proporcionada en moltes monografies familiars, i el resultat \u00e9s una rara combinaci\u00f3 d&#8217;estudis rigorosos amb un entusiasme contagi\u00f3s pel tema.<\/p>\n\n<p>Aquesta informaci\u00f3, separada dels textos dels relats de les esp\u00e8cies, ajuda el lector a emfatitzar les similituds entre les aus relacionades i tamb\u00e9 a mostrar el rang de variaci\u00f3. El text familiar inclou nombrosos exemples il\u00b7lustratius que donen una idea general dels membres de la fam\u00edlia, incloses aquelles esp\u00e8cies de les quals se sap molt poc.<\/p>\n\n<p>El text familiar est\u00e0 organitzat en diferents apartats que cobreixen els principals aspectes biol\u00f2gics dels ocells. Es tracta de <strong>Sistem\u00e0tica<\/strong> , <strong>Aspectes morfol\u00f2gics<\/strong> , <strong>H\u00e0bitat<\/strong> , <strong>H\u00e0bits generals<\/strong> , <strong>Veu<\/strong> , <strong>Alimentaci\u00f3 i alimentaci\u00f3<\/strong> , <strong>Cria<\/strong> , <strong>Moviments<\/strong> , <strong>Relaci\u00f3 amb l&#8217;home<\/strong> i <strong>Estat i conservaci\u00f3<\/strong> . El text familiar es tanca amb una <strong>Bibliografia general<\/strong> .<\/p>\n\n<h2 class=\"wp-block-heading\" id=\"photographs\"><a><\/a>Fotografies<\/h2>\n\n<p>Els textos familiars estan \u00e0mpliament il\u00b7lustrats amb impressionants fotografies a tot color que representen un gran nombre de les esp\u00e8cies cobertes, incloses moltes que poques vegades s&#8217;han fotografiat. No s&#8217;ha deixat cap pedra sense girar per seleccionar acuradament entre el millor treball de 1.151 professionals, i el resultat \u00e9s una varietat d&#8217;imatges visuals, informatives i art\u00edstiques a parts iguals. Les fotografies s&#8217;han seleccionat principalment amb l&#8217;objectiu d&#8217;il\u00b7lustrar aspectes de la biologia o l&#8217;ecologia que s&#8217;esmenten o expliquen en el text, com els m\u00e8todes de termoregulaci\u00f3, les t\u00e8cniques d&#8217;alimentaci\u00f3 o el comportament de cria. Les imatges van acompanyades de subt\u00edtols extensos i informatius.<\/p>\n\n<h2 class=\"wp-block-heading\" id=\"species-accounts\"><a><\/a>Comptes d&#8217;esp\u00e8cies<\/h2>\n\n<p>Els relats de les esp\u00e8cies ofereixen una descripci\u00f3 detallada de forma condensada dels temes tractats en el text familiar, tot i que estan dedicats exclusivament a cadascuna de les esp\u00e8cies que formen part de la fam\u00edlia en q\u00fcesti\u00f3. S&#8217;obren amb un encap\u00e7alament que cobreix la nomenclatura de l&#8217;esp\u00e8cie. Els noms tamb\u00e9 es donen en franc\u00e8s, alemany i espanyol. Les seccions restants s\u00f3n Taxonomia, Subesp\u00e8cies i Distribuci\u00f3, Notes descriptives, H\u00e0bitat, Alimentaci\u00f3 i Alimentaci\u00f3, Cria, Moviments i Estat i Conservaci\u00f3. S&#8217;inclou una secci\u00f3 de bibliografia al final de cada relat d&#8217;esp\u00e8cie.<\/p>\n\n<p>Sense excepci\u00f3, el relat de cada esp\u00e8cie va acompanyat d&#8217;un mapa de distribuci\u00f3, la funci\u00f3 del qual \u00e9s donar una idea aproximada de la distribuci\u00f3 de l&#8217;esp\u00e8cie.<\/p>\n\n<h2 class=\"wp-block-heading\" id=\"plates\"><a><\/a>Plaques<\/h2>\n\n<p>Els comptes d&#8217;esp\u00e8cies estan il\u00b7lustrats adequadament amb plaques que mostren totes les esp\u00e8cies, incloses totes les difer\u00e8ncies sexuals i subespec\u00edfiques significatives, de totes les fam\u00edlies cobertes. Com que HBW no t\u00e9 la intenci\u00f3 de funcionar com a guia de camp, la il\u00b7lustraci\u00f3 de la variaci\u00f3 del plomatge s&#8217;ha limitat als tipus principalment coneguts (mascle i femella, i importants variacions geogr\u00e0fiques) sense incloure plomatges immadurs i no reproductors.<\/p>\n\n<p>Tots els ocells que apareixen en un plat s&#8217;han pintat a la mateixa escala, i s&#8217;han col\u00b7locat estrat\u00e8gicament per correspondre amb l&#8217;ordre sistem\u00e0tic d&#8217;esp\u00e8cies en els comptes d&#8217;esp\u00e8cies per facilitar la comparaci\u00f3 directa.<\/p>\n\n<p>\u00c9s inevitable que un equip d&#8217;artistes sigui necessari per a un projecte d&#8217;aquesta envergadura, per\u00f2, tot i que s\u00f3n evidents lleus difer\u00e8ncies d&#8217;estil, cap ha caigut per sota d&#8217;un est\u00e0ndard molt acceptable, sobretot tenint en compte que moltes de les esp\u00e8cies il\u00b7lustrades a HBW mai han estat il\u00b7lustrat abans. Les 1.030 l\u00e0mines, amb 20.617 figures, en 17 volums seran un monument viu a tots els ocells del m\u00f3n.<\/p>\n\n<h2 class=\"wp-block-heading\" id=\"references\"><a><\/a>Refer\u00e8ncies<\/h2>\n\n<p>La secci\u00f3 de Refer\u00e8ncies al final de cada volum consta de dues parts. El primer, titulat \u201cRefer\u00e8ncies de descripcions cient\u00edfiques\u201d, cont\u00e9 els detalls bibliogr\u00e0fics de les descripcions originals de cada g\u00e8nere, esp\u00e8cie i subesp\u00e8cie acceptades a HBW. L&#8217;altra part, la \u201cLlista general de refer\u00e8ncies\u201d, inclou les refer\u00e8ncies completes de totes les cites que apareixen al llibre.<\/p>\n\n<h2 class=\"wp-block-heading\" id=\"index\"><a><\/a>\u00cdndex<\/h2>\n\n<p>Cada volum conclou amb un \u00edndex que enumera els noms anglesos i cient\u00edfics amb n\u00fameros de p\u00e0gina per a tots els ordres, fam\u00edlies, g\u00e8neres, esp\u00e8cies i subesp\u00e8cies tractades al volum. Aix\u00ed mateix, s&#8217;inclouen els n\u00fameros de p\u00e0gina de les fotografies i estan especialment marcats en aquest \u00edndex.<\/p>\n\n<p><em>Alguns llibres d&#8217;ocells estan dissenyats per donar consells pr\u00e0ctics, mentre que altres serveixen com a obres de refer\u00e8ncia o simplement s\u00f3n una font de pur plaer. D&#8217;una manera o altra, HBW supera les expectatives a tots els nivells. Continua mantenint el seu lloc com a obra publicada definitiva sobre l&#8217;avifauna mundial.<\/em><\/p>\n","protected":false},"excerpt":{"rendered":"<p>Manual dels ocells del m\u00f3n La principal obra ornitol\u00f2gica del nostre temps. \u201cTenim una dita a Espanya: no pots estimar all\u00f2 que no coneixes. Si un ocell s&#8217;extingeix abans que [&hellip;]<\/p>\n","protected":false},"author":25123,"featured_media":0,"parent":0,"menu_order":0,"comment_status":"closed","ping_status":"closed","template":"","meta":{"footnotes":""},"class_list":["post-86665","page","type-page","status-publish","hentry"],"_links":{"self":[{"href":"https:\/\/lynxnaturebooks.com\/ca\/wp-json\/wp\/v2\/pages\/86665","targetHints":{"allow":["GET"]}}],"collection":[{"href":"https:\/\/lynxnaturebooks.com\/ca\/wp-json\/wp\/v2\/pages"}],"about":[{"href":"https:\/\/lynxnaturebooks.com\/ca\/wp-json\/wp\/v2\/types\/page"}],"author":[{"embeddable":true,"href":"https:\/\/lynxnaturebooks.com\/ca\/wp-json\/wp\/v2\/users\/25123"}],"replies":[{"embeddable":true,"href":"https:\/\/lynxnaturebooks.com\/ca\/wp-json\/wp\/v2\/comments?post=86665"}],"version-history":[{"count":1,"href":"https:\/\/lynxnaturebooks.com\/ca\/wp-json\/wp\/v2\/pages\/86665\/revisions"}],"predecessor-version":[{"id":86666,"href":"https:\/\/lynxnaturebooks.com\/ca\/wp-json\/wp\/v2\/pages\/86665\/revisions\/86666"}],"wp:attachment":[{"href":"https:\/\/lynxnaturebooks.com\/ca\/wp-json\/wp\/v2\/media?parent=86665"}],"curies":[{"name":"wp","href":"https:\/\/api.w.org\/{rel}","templated":true}]}}