{"id":85085,"date":"2018-09-10T13:44:41","date_gmt":"2018-09-10T11:44:41","guid":{"rendered":"https:\/\/develop.genium.click\/lynxeds\/introduccio-a-hmw-volum-4-mamifers-marins\/"},"modified":"2025-03-25T11:17:06","modified_gmt":"2025-03-25T10:17:06","slug":"introduccio-a-hmw-volum-4-mamifers-marins","status":"publish","type":"page","link":"https:\/\/lynxnaturebooks.com\/ca\/introduccio-a-hmw-volum-4-mamifers-marins\/","title":{"rendered":"Introducci\u00f3 a HMW Volum 4: Mam\u00edfers marins"},"content":{"rendered":"\n<h1 class=\"wp-block-heading\">Introducci\u00f3 a HMW Volum 4: Mam\u00edfers marins<\/h1>\n\n\n\n<p>El volum 4 del <em>Handbook of the Mammals of the World<\/em> (HMW) abasta 19 fam\u00edlies en tres ordres. Tot i que aqu\u00ed es presenten conjuntament, la seva agrupaci\u00f3 sota el terme \u00abmam\u00edfers marins\u00bb respon m\u00e9s a criteris pr\u00e0ctics que no pas filogen\u00e8tics. Tradicionalment, els mam\u00edfers que habiten en ambients oce\u00e0nics s\u2019han tractat de forma conjunta, i per aix\u00f2 en aquest volum hem reunit les tres fam\u00edlies que inclouen les foques sense orelles, les foques amb orelles i la morsa (<em>Odobenus rosmarus<\/em>), comunament anomenats pinn\u00edpedes \u2014del llat\u00ed <em>pinnipedia<\/em>, que significa \u00abpeus en forma d\u2019aleta\u00bb\u2014, amb els sirenis (manat\u00eds, <em>Trichechus spp.<\/em>, i el dugong, <em>Dugong dugon<\/em>) i els cetacis. Filogen\u00e8ticament, els pinn\u00edpedes pertanyen a l\u2019ordre Carnivora, que ja es va tractar al Volum 1 d\u2019aquesta s\u00e8rie. Els sirenis, per la seva banda, estan evolutivament m\u00e9s allunyats tant dels pinn\u00edpedes com dels cetacis, per\u00f2 les similituds ecol\u00f2giques entre els tres grups justifiquen el seu tractament conjunt en aquest volum.<\/p>\n\n\n\n<p>Comencem el volum amb un cap\u00edtol especial dedicat als mam\u00edfers marins i la seva conservaci\u00f3, en el context m\u00e9s ampli de la conservaci\u00f3 marina i el canvi clim\u00e0tic, q\u00fcestions cada vegada m\u00e9s preocupants. Un altre tema que genera preocupaci\u00f3, i una considerable controv\u00e8rsia, \u00e9s la classificaci\u00f3 de l\u2019ordre Cetacea. Hem seguit la disposici\u00f3 tradicional exemplificada per la tercera edici\u00f3 de <em>Mammal Species of the World<\/em> (MSW), publicada el 2005. Tot i aix\u00ed, hem introdu\u00eft diverses millores i actualitzacions. En aquest volum s\u2019han incorporat les opinions dels autors, tots ells autoritats reconegudes en els seus camps. S\u2019han afegit descripcions de noves esp\u00e8cies i revisions sistem\u00e0tiques en curs, que continuen ampliant el nostre coneixement sobre les relacions filogen\u00e8tiques de les fam\u00edlies tractades. La secci\u00f3 de Sistem\u00e0tica a cada fitxa familiar repassa els treballs taxon\u00f2mics en desenvolupament i la recerca recent amb noves t\u00e8cniques moleculars, que han revolucionat la nostra capacitat d\u2019analitzar les relacions evolutives.<\/p>\n\n\n\n<p>Recentment, hi ha proves moleculars s\u00f2lides de la relaci\u00f3 evolutiva estreta entre els cetacis i la fam\u00edlia Hippopotamidae de l\u2019ordre tradicional Artiodactyla. Aix\u00f2 ha donat lloc a arguments ben fonamentats per combinar ambd\u00f3s grups en un \u00fanic ordre, Cetartiodactyla. Creiem que a la majoria dels nostres lectors els resultar\u00e0 m\u00e9s senzill utilitzar el volum tal com est\u00e0 disposat, tot i l\u2019advertiment que podria acceptar-se ben aviat una classificaci\u00f3 \u00e0mpliament modificada de les categories superiors dels mam\u00edfers. Per con\u00e8ixer les versions m\u00e9s actualitzades d\u2019aquest estudi en curs sobre les relacions filogen\u00e8tiques de tots els mam\u00edfers marins, recomanem visitar el lloc web de la <em><a href=\"http:\/\/www.marinemammalscience.org\" target=\"_blank\" rel=\"noopener\">Society for Marine Mammalogy<\/a><\/em>.<\/p>\n\n\n\n<p>Els pinn\u00edpedes es troben a aig\u00fces costaneres d\u2019arreu del m\u00f3n. Les foques amb orelles de la fam\u00edlia Otariidae inclouen les foques peleteres i els lleons marins. Habiten tots els oceans excepte l\u2019Atl\u00e0ntic Nord i estan millor adaptades al despla\u00e7ament per terra que els seus parents f\u00f3cids, ja que poden girar les aletes posteriors cap a sota del cos. Com els f\u00f3cids, duen un estil de vida amfibi: es reprodueixen a terra, per\u00f2 passen la major part del temps a l\u2019aigua. S\u00f3n carn\u00edvors altament especialitzats que s\u2019alimenten de peixos, crustacis i cefal\u00f2podes, i s\u2019han adaptat a una gran varietat d\u2019h\u00e0bitats marins costaners.<\/p>\n\n\n\n<p>La fam\u00edlia Odobenidae \u00e9s potser la m\u00e9s especialitzada, amb una sola esp\u00e8cie viva, la morsa, que habita les aig\u00fces \u00e0rtiques i sub\u00e0rtiques de l\u2019hemisferi nord. Les morses s\u00f3n enormes, amb cossos gaireb\u00e9 tan amples com llargs i caps petits assentats al damunt. Ambd\u00f3s sexes tenen els canins allargats que formen els caracter\u00edstics ullals. Quan neden, fan servir les aletes posteriors per impulsar-se mentre cerquen aliment al fons mar\u00ed. A terra, poden caminar sobre les quatre extremitats, i fan servir els ullals per ajudar-se a moure els seus cossos pesants. Igual que els f\u00f3cids, no tenen pavellons auditius externs. A difer\u00e8ncia dels mascles ot\u00e0rids i f\u00f3cids, els mascles adults de morsa estan gaireb\u00e9 completament nus, amb nom\u00e9s alguns p\u00e8ls escampats pel cos. No obstant aix\u00f2, la seva pell \u00e9s molt gruixuda, fet que els proporciona protecci\u00f3 durant les lluites.<\/p>\n\n\n\n<p>L\u2019\u00faltima de les fam\u00edlies de pinn\u00edpedes, les foques sense orelles de la fam\u00edlia Phocidae, \u00e9s m\u00e9s comuna en aig\u00fces temperades i polars que no pas en mars tropicals. Aquestes foques veritables, com tamb\u00e9 es coneixen, estan m\u00e9s adaptades a la vida oce\u00e0nica que els seus parents ot\u00e0rids i les foques peleteres. Poden nedar llargues dist\u00e0ncies, submergir-se profundament durant per\u00edodes llargs i, en general, es mouen molt millor dins l\u2019aigua que a terra.<\/p>\n\n\n\n<p>La major part del volum est\u00e0 dedicada als cetacis, amb difer\u00e8ncia el grup m\u00e9s nombr\u00f3s de mam\u00edfers que habita de forma permanent els oceans. Les balenes franques pertanyen a la fam\u00edlia Balaenidae, que consta de quatre esp\u00e8cies repartides en dos g\u00e8neres i que habiten totes les aig\u00fces excepte les tropicals. Un dels g\u00e8neres cont\u00e9 nom\u00e9s la balena de Groenl\u00e0ndia (<em>Balaena mysticetus<\/em>), mentre que les tres esp\u00e8cies de balenes franques veritables pertanyen al g\u00e8nere <em>Eubalaena<\/em>. La seva mand\u00edbula superior, curiosament arquejada, alberga unes barbes excepcionalment llargues, que fan servir per filtrar krill i petits crustacis de l\u2019aigua. El seu aspecte robust i els caps grans els donen una aparen\u00e7a distintiva entre els grans cetacis. El nom de balena franca prov\u00e9 dels primers baleners, que les consideraven l\u2019esp\u00e8cie \u201cadequada\u201d per ca\u00e7ar.<\/p>\n\n\n\n<p>L\u2019\u00fanic membre de la fam\u00edlia Neobalaenidae, la balena franca pigmea (<em>Caperea marginata<\/em>), nom\u00e9s comparteix el nom amb les balenes franques, ja que est\u00e0 relacionada amb un grup f\u00f2ssil conegut com a cetoteris i probablement t\u00e9 m\u00e9s parentiu amb els rorquals i la balena grisa (<em>Eschrichtius robustus<\/em>) que amb les balenes franques. La seva distribuci\u00f3 es limita a l\u2019Oce\u00e0 Austral i entra en contacte amb els extrems dels continents meridionals. \u00c9s, amb difer\u00e8ncia, la m\u00e9s petita de les balenes amb barbes.<\/p>\n\n\n\n<p>Una altra fam\u00edlia monot\u00edpica, Eschrichtiidae, cont\u00e9 \u00fanicament la balena grisa. Actualment es troba restringida al nord de l\u2019oce\u00e0 Pac\u00edfic, on \u00e9s una migrant habitual al llarg de la costa occidental de Nord-am\u00e8rica. La seva distribuci\u00f3 s\u2019est\u00e9n per l\u2019\u00c0rtic fins a una poblaci\u00f3 en perill a l\u2019oest del Pac\u00edfic, davant les costes d\u2019\u00c0sia. La poblaci\u00f3 del Pac\u00edfic oriental es reprodueix davant les costes de M\u00e8xic, on \u00e9s molt popular entre els observadors de balenes.<\/p>\n\n\n\n<p>Els cetacis de major mida pertanyen a la fam\u00edlia Balaenopteridae, present a tots els mars del m\u00f3n. Inclou set esp\u00e8cies de rorquals (<em>Balaenoptera<\/em> spp.) o grans balenes amb barbes, a m\u00e9s de la balena geperuda (<em>Megaptera novaeangliae<\/em>). Aquesta fam\u00edlia cont\u00e9 el mam\u00edfer m\u00e9s gran que ha existit mai, la balena blava (<em>B. musculus<\/em>), que pot arribar fins a 150 tones. Va ser una de les m\u00e9s afectades per la ind\u00fastria balenera del segle XIX i diverses de les seves esp\u00e8cies estan actualment classificades com a amena\u00e7ades a la Llista Vermella de la UICN.<\/p>\n\n\n\n<p>El magn\u00edfic catxalot (<em>Physeter macrocephalus<\/em>) \u00e9s l\u2019\u00fanica esp\u00e8cie de la fam\u00edlia Physeteridae. Va ser objecte d\u2019una ca\u00e7a intensiva al segle XIX per l\u2019\u00e0mbar gris i l\u2019oli d\u2019esperma. La mand\u00edbula inferior cont\u00e9 grans dents molt valorades en moltes cultures. Moby Dick, el c\u00e8lebre personatge de la novel\u00b7la de Herman Melville, era un catxalot. De fet, eren entre les balenes m\u00e9s perilloses de ca\u00e7ar. Tot i la seva persecuci\u00f3, el catxalot encara \u00e9s present en tots els oceans profunds del m\u00f3n.<\/p>\n\n\n\n<p>El catxalot pigmeu (<em>Kogia breviceps<\/em>) i el catxalot nan (<em>K. simus<\/em>) es van incloure anteriorment dins la fam\u00edlia <em>Physeteridae<\/em>, per\u00f2 actualment es consideren una fam\u00edlia separada: Kogiidae. S\u00f3n molt m\u00e9s petits i morfol\u00f2gicament molt diferents dels catxalots. Aquesta fam\u00edlia t\u00e9 una distribuci\u00f3 cosmopolita, present tant en oceans temperats com tropicals. Una caracter\u00edstica que s\u00ed comparteixen amb el seu parent m\u00e9s gran \u00e9s la pres\u00e8ncia d\u2019un \u00f2rgan d\u2019espermaceti.<\/p>\n\n\n\n<p>Amb 22 esp\u00e8cies repartides en sis g\u00e8neres, la gran i pel\u00e0gica fam\u00edlia Ziphiidae, o z\u00edfids, es troba entre les m\u00e9s diverses dels cetacis. Tot i representar aproximadament una quarta part de les esp\u00e8cies conegudes de cetacis, continuen sent un dels grups menys coneguts a causa dels seus h\u00e0bits pel\u00e0gics. El seu estat de conservaci\u00f3 \u00e9s especialment dif\u00edcil d\u2019avaluar perqu\u00e8 la major part del que se sap prov\u00e9 d\u2019individus varats ocasionalment a la costa. Un exemple d\u2019esp\u00e8cie reconeguda recentment \u00e9s <em>Mesoplodon hotaula<\/em>, un nom ressuscitat de la sinon\u00edmia de <em>Mesoplodon ginkgodens<\/em> per a set exemplars trobats en illes disperses dels oceans \u00cdndic i Pac\u00edfic. Va ser descrita com a esp\u00e8cie nova l\u2019any 1963 simplement perqu\u00e8 l\u2019autor no coneixia la descripci\u00f3 anterior de <em>M. ginkgodens<\/em>, i va resultar ser una descripci\u00f3 sorprenentment premonit\u00f2ria, ja que estudis moleculars recents han confirmat l\u2019exist\u00e8ncia de totes dues esp\u00e8cies.<\/p>\n\n\n\n<p>Curiosament, diverses esp\u00e8cies de dofins s\u2019han adaptat a h\u00e0bitats d\u2019aigua dol\u00e7a en regions molt separades del m\u00f3n, i troben els seus parents m\u00e9s pr\u00f2xims entre els z\u00edfids pel\u00e0gics de distribuci\u00f3 \u00e0mplia. Anteriorment es pensava que pertanyien a dues fam\u00edlies, Platanistidae i Iniidae, per\u00f2 actualment es reconeixen quatre fam\u00edlies conegudes col\u00b7lectivament com a dofins de riu.<\/p>\n\n\n\n<p>Platanistidae cont\u00e9 una sola esp\u00e8cie, el dof\u00ed del riu del sud d\u2019\u00c0sia (<em>Platanista gangetica<\/em>), que habita els rius Ganges i Indus. Aquests dofins s\u00f3n gaireb\u00e9 cecs i probablement depenen en gran mesura de l\u2019ecolocalitzaci\u00f3 per orientar-se i trobar aliment.<\/p>\n\n\n\n<p>La fam\u00edlia Iniidae ofereix una il\u00b7lustraci\u00f3 sorprenent de com fins i tot esp\u00e8cies aparentment ben conegudes poden resultar ser compostes. Es pensava que els dofins del riu Amazones pertanyien a una sola esp\u00e8cie, <em>Inia geoffrensis<\/em> (la classificaci\u00f3 seguida per MSW), o m\u00e9s recentment, a dues esp\u00e8cies, reconeixent tamb\u00e9 el boto bolivi\u00e0 (<em>I. boliviensis<\/em>). No obstant aix\u00f2, el 2014 es va descriure una tercera esp\u00e8cie, el boto de l\u2019Araguaia (<em>I. araguaiaensis<\/em>), procedent d\u2019un riu a\u00efllat del centre del Brasil. Com que els dofins de riu es troben entre els mam\u00edfers m\u00e9s rars i amena\u00e7ats del m\u00f3n, el descobriment d\u2019una nova esp\u00e8cie constitueix una not\u00edcia realment emocionant.<\/p>\n\n\n\n<p>La fam\u00edlia Lipotidae cont\u00e9 una sola esp\u00e8cie, el Baiji (<em>Lipotes vexillifer<\/em>), que es troba als trams mitj\u00e0 i inferior del riu Iang-Ts\u00e9, a la Xina. El Baiji est\u00e0 en perill cr\u00edtic a causa del desenvolupament industrial, la contaminaci\u00f3 dels rius i la pesca comercial. En un estudi recent no es van registrar albiraments d\u2019aquesta esp\u00e8cie, i \u00e9s possible que s\u2019hagi extingit.<\/p>\n\n\n\n<p>Completant les fam\u00edlies de dofins de riu, la fam\u00edlia Pontoporiidae inclou \u00fanicament la franciscana (<em>Pontoporia blainvillei<\/em>). Aquesta esp\u00e8cie no \u00e9s un veritable dof\u00ed d\u2019aigua dol\u00e7a, tot i que penetra al riu de la Plata i el seu estuari. \u00c9s principalment una esp\u00e8cie marina costanera, que s\u2019est\u00e9n fins a uns 50 quil\u00f2metres mar endins al llarg de la costa oriental de Sud-am\u00e8rica.<\/p>\n\n\n\n<p>Dos dels cetacis m\u00e9s curiosos, el narval (<em>Monodon monoceros<\/em>) i la beluga (<em>Delphinapterus leucas<\/em>), formen la fam\u00edlia Monodontidae. Ambdues esp\u00e8cies es troben restringides a les aig\u00fces \u00e0rtiques i sub\u00e0rtiques de l\u2019hemisferi nord. Els narvals s\u00f3n els unicorns del mar, i els mascles tenen un \u00fanic ullal llarg que s\u2019est\u00e9n en espiral des del musell. Les belugues s\u00f3n les \u00faniques balenes completament blanques i es desplacen en grups de fins a diversos centenars d\u2019individus.<\/p>\n\n\n\n<p>Amb 36 esp\u00e8cies repartides en 17 g\u00e8neres, Delphinidae \u00e9s clarament la fam\u00edlia m\u00e9s diversa dels cetacis. Tamb\u00e9 pot considerar-se la m\u00e9s complexa des del punt de vista taxon\u00f2mic. Aquesta fam\u00edlia de dofins oce\u00e0nics inclou alguns dels cetacis m\u00e9s coneguts, com els dofins mulars (<em>Tursiops<\/em> spp.) i l\u2019orca (<em>Orcinus orca<\/em>). Els delf\u00ednids ocupen pr\u00e0cticament totes les aig\u00fces marines, des de zones costaneres fins a h\u00e0bitats d\u2019aig\u00fces profundes. Tot i que aqu\u00ed presentem la disposici\u00f3 consensuada actual de les esp\u00e8cies, aquesta fam\u00edlia \u00e9s una de les m\u00e9s susceptibles a canvis en la seva classificaci\u00f3 en un futur proper.<\/p>\n\n\n\n<p>La fam\u00edlia Phocoenidae, les marsopes, inclou set esp\u00e8cies repartides en quatre g\u00e8neres. Les marsopes s\u00f3n animals principalment costaners que es troben a tots els oceans de l\u2019hemisferi nord, al llarg de la costa de Sud-am\u00e8rica i en aig\u00fces circumant\u00e0rtiques. Tamb\u00e9 arriben al sud-est asi\u00e0tic, on algunes penetren en sistemes fluvials. Tot i que les esp\u00e8cies m\u00e9s conegudes, com la marsopa comuna (<em>Phocoena phocoena<\/em>), habiten principalment badies i estuaris, algunes s\u2019endinsen en aig\u00fces profundes.<\/p>\n\n\n\n<p>Finalment, els sirenis s\u00f3n potser els mam\u00edfers marins m\u00e9s inusuals. Com el seu nom suggereix, evoquen antigues hist\u00f2ries sobre criatures marines m\u00edtiques. La fam\u00edlia Trichechidae, els manat\u00eds, cont\u00e9 tres esp\u00e8cies \u00e0mpliament separades entre poblacions del Carib, l\u2019Amazones i l\u2019\u00c0frica occidental. L\u2019altra fam\u00edlia, Dugongidae, inclou \u00fanicament una esp\u00e8cie viva, el dugong, que es troba sobretot en aig\u00fces australianes i de l\u2019Indopac\u00edfic. Una esp\u00e8cie recentment extinta, la vaca marina de Steller (<em>Hydrodamalis gigas<\/em>), estava restringida a les aig\u00fces del Pac\u00edfic Nord. Tots els sirenis vius s\u00f3n criatures pac\u00edfiques i de moviments lents que s\u2019alimenten de pastures marines en aig\u00fces costaneres poc profundes i rius.<\/p>\n\n\n\n<p>Finalment, volem dir unes paraules sobre algunes convencions pr\u00f2pies d\u2019aquest volum, ja que els mam\u00edfers marins presenten caracter\u00edstiques \u00faniques en comparaci\u00f3 amb la resta de mam\u00edfers. En volums anteriors, hem utilitzat sistem\u00e0ticament la longitud cap-cos, per\u00f2 en el cas dels cetacis, la mesura m\u00e9s habitual \u00e9s la longitud total, que es pren des de la punta de la mand\u00edbula superior fins a la fissura de les aletes caudals. Igualment, cal fer una advert\u00e8ncia sobre els mapes de distribuci\u00f3. En el cas dels mam\u00edfers terrestres, tenim m\u00e9s confian\u00e7a en les seves distribucions perqu\u00e8 normalment s\u2019ajusten a determinats h\u00e0bitats dins d\u2019\u00e0rees relativament petites. Per a les esp\u00e8cies oce\u00e0niques, presentem les distribucions com a formes que abasten vastes extensions d\u2019aig\u00fces oce\u00e0niques, tot i que suposem que els animals no es distribueixen de manera uniforme dins aquestes zones. Moltes de les distribucions dels mam\u00edfers marins es coneixen principalment a partir d\u2019observacions al llarg de les costes o d\u2019exemplars varats a les platges. Els albiraments pel\u00e0gics suggereixen distribucions \u00e0mplies per a moltes esp\u00e8cies, per\u00f2 els detalls continuen sent escassos per a una bona part d\u2019elles.<\/p>\n\n\n\n<p><strong>Don E. Wilson<\/strong><\/p>\n","protected":false},"excerpt":{"rendered":"<p>Introducci\u00f3 a HMW Volum 4: Mam\u00edfers marins El volum 4 del Handbook of the Mammals of the World (HMW) abasta 19 fam\u00edlies en tres ordres. Tot i que aqu\u00ed es [&hellip;]<\/p>\n","protected":false},"author":25123,"featured_media":0,"parent":0,"menu_order":0,"comment_status":"closed","ping_status":"closed","template":"","meta":{"footnotes":""},"class_list":["post-85085","page","type-page","status-publish","hentry"],"_links":{"self":[{"href":"https:\/\/lynxnaturebooks.com\/ca\/wp-json\/wp\/v2\/pages\/85085","targetHints":{"allow":["GET"]}}],"collection":[{"href":"https:\/\/lynxnaturebooks.com\/ca\/wp-json\/wp\/v2\/pages"}],"about":[{"href":"https:\/\/lynxnaturebooks.com\/ca\/wp-json\/wp\/v2\/types\/page"}],"author":[{"embeddable":true,"href":"https:\/\/lynxnaturebooks.com\/ca\/wp-json\/wp\/v2\/users\/25123"}],"replies":[{"embeddable":true,"href":"https:\/\/lynxnaturebooks.com\/ca\/wp-json\/wp\/v2\/comments?post=85085"}],"version-history":[{"count":3,"href":"https:\/\/lynxnaturebooks.com\/ca\/wp-json\/wp\/v2\/pages\/85085\/revisions"}],"predecessor-version":[{"id":94578,"href":"https:\/\/lynxnaturebooks.com\/ca\/wp-json\/wp\/v2\/pages\/85085\/revisions\/94578"}],"wp:attachment":[{"href":"https:\/\/lynxnaturebooks.com\/ca\/wp-json\/wp\/v2\/media?parent=85085"}],"curies":[{"name":"wp","href":"https:\/\/api.w.org\/{rel}","templated":true}]}}