{"id":6093,"date":"2019-02-18T16:22:24","date_gmt":"2019-02-18T15:22:24","guid":{"rendered":"https:\/\/www.lynxeds.com\/?page_id=6093"},"modified":"2024-10-18T11:45:17","modified_gmt":"2024-10-18T09:45:17","slug":"contacte","status":"publish","type":"page","link":"https:\/\/lynxnaturebooks.com\/ca\/contacte\/","title":{"rendered":"Contacta amb nosaltres"},"content":{"rendered":"\n<h2 class=\"wp-block-heading\">Contacta amb nosaltres<\/h2>\n\n<h3 class=\"wp-block-heading\"><strong>Correu electr\u00f2nic:<\/strong><\/h3>\n\n<p><a href=\"mailto:lynx@lynxnaturebooks.com\">lynx@lynxnaturebooks.com<\/a><\/p>\n\n<hr class=\"wp-block-separator has-alpha-channel-opacity\"\/>\n\n<h3 class=\"wp-block-heading\"><strong>Tel\u00e8fon:  <\/strong><\/h3>\n\n<p>+34 93 404 43 53<\/p>\n\n<p>Horari de contacte telef\u00f2nic: <strong>de dilluns a divendres<\/strong><br\/>9:00 h \u2013 15:00 h (UTC+02:00)<\/p>\n\n<hr class=\"wp-block-separator has-alpha-channel-opacity\"\/>\n\n<h3 class=\"wp-block-heading\"><strong>Adre\u00e7a:<\/strong><\/h3>\n\n<p>Alada Books, SL<br\/>Tamarit, 144\u2013146, Entl. 1B<br\/>E-08015 Barcelona<br\/>Espanya<\/p>\n","protected":false},"excerpt":{"rendered":"<p>Contacta amb nosaltres Correu electr\u00f2nic: lynx@lynxnaturebooks.com Tel\u00e8fon: +34 93 404 43 53 Horari de contacte telef\u00f2nic: de dilluns a divendres9:00 h \u2013 15:00 h (UTC+02:00) Adre\u00e7a: Alada Books, SLTamarit, 144\u2013146, [&hellip;]<\/p>\n","protected":false},"author":25123,"featured_media":0,"parent":0,"menu_order":0,"comment_status":"closed","ping_status":"closed","template":"","meta":{"footnotes":""},"class_list":["post-6093","page","type-page","status-publish","hentry"],"_links":{"self":[{"href":"https:\/\/lynxnaturebooks.com\/ca\/wp-json\/wp\/v2\/pages\/6093","targetHints":{"allow":["GET"]}}],"collection":[{"href":"https:\/\/lynxnaturebooks.com\/ca\/wp-json\/wp\/v2\/pages"}],"about":[{"href":"https:\/\/lynxnaturebooks.com\/ca\/wp-json\/wp\/v2\/types\/page"}],"author":[{"embeddable":true,"href":"https:\/\/lynxnaturebooks.com\/ca\/wp-json\/wp\/v2\/users\/25123"}],"replies":[{"embeddable":true,"href":"https:\/\/lynxnaturebooks.com\/ca\/wp-json\/wp\/v2\/comments?post=6093"}],"version-history":[{"count":4,"href":"https:\/\/lynxnaturebooks.com\/ca\/wp-json\/wp\/v2\/pages\/6093\/revisions"}],"predecessor-version":[{"id":91491,"href":"https:\/\/lynxnaturebooks.com\/ca\/wp-json\/wp\/v2\/pages\/6093\/revisions\/91491"}],"wp:attachment":[{"href":"https:\/\/lynxnaturebooks.com\/ca\/wp-json\/wp\/v2\/media?parent=6093"}],"curies":[{"name":"wp","href":"https:\/\/api.w.org\/{rel}","templated":true}]}}