{"id":6044,"date":"2019-02-18T15:01:17","date_gmt":"2019-02-18T14:01:17","guid":{"rendered":"https:\/\/www.lynxeds.com\/?page_id=6044"},"modified":"2024-07-16T08:21:53","modified_gmt":"2024-07-16T06:21:53","slug":"avis-legal","status":"publish","type":"page","link":"https:\/\/lynxnaturebooks.com\/ca\/avis-legal\/","title":{"rendered":"Av\u00eds legal"},"content":{"rendered":"\n<h1 class=\"wp-block-heading\">Av\u00eds legal<\/h1>\n\n<p>D&#8217;acord amb la Llei 34\/2002, d&#8217;11 <sup>de<\/sup> juliol, de la Societat de la Informaci\u00f3 i el Comer\u00e7 Electr\u00f2nic (LSSICE), es fan constar les condicions legals seg\u00fcents:<\/p>\n\n<p><strong>Lloc web:<\/strong><br\/><a href=\"https:\/\/www.lynxeds.com\/\" target=\"_blank\" rel=\"noreferrer noopener\">https:\/\/www.lynxeds.com\/<\/a><\/p>\n\n<p><strong>Propietari del lloc web:<\/strong><br\/>Alada Books, SL<\/p>\n\n<p><strong>Adre\u00e7a:<\/strong><br\/>Tamarit, 144\u2013146, Entl. 1B, E-08015 Barcelona, \u200b\u200bEspanya<\/p>\n\n<p><strong>Correu electr\u00f2nic:<\/strong><br\/>lynx@lynxeds.com<\/p>\n\n<p><strong>Tel\u00e8fon:<\/strong><br\/>Tel. +34 93 404 43 53<\/p>\n\n<p><strong>N\u00famero d&#8217;IVA:<\/strong><br\/>ES-B05486980<\/p>\n\n<p><strong>Informaci\u00f3 del registre:<\/strong><br\/>Alada Books, SL est\u00e0 inscrita al <em>Registre Mercantil de Barcelona<\/em> , \u200b\u200bTom 47852, Full 61, Folio 564289. El domini <a href=\"https:\/\/www.lynxeds.com\/\" target=\"_blank\" rel=\"noreferrer noopener\">lynxeds.com<\/a> tamb\u00e9 est\u00e0 inscrit al <em>Registre Mercantil de Barcelona<\/em> , n\u00famero 7056\/03, Volum 28946, Full 63, P\u00e0gina B 33099, Inscripci\u00f3 11.<\/p>\n","protected":false},"excerpt":{"rendered":"<p>Av\u00eds legal D&#8217;acord amb la Llei 34\/2002, d&#8217;11 de juliol, de la Societat de la Informaci\u00f3 i el Comer\u00e7 Electr\u00f2nic (LSSICE), es fan constar les condicions legals seg\u00fcents: Lloc web:https:\/\/www.lynxeds.com\/ [&hellip;]<\/p>\n","protected":false},"author":25123,"featured_media":0,"parent":0,"menu_order":0,"comment_status":"closed","ping_status":"closed","template":"","meta":{"footnotes":""},"class_list":["post-6044","page","type-page","status-publish","hentry"],"_links":{"self":[{"href":"https:\/\/lynxnaturebooks.com\/ca\/wp-json\/wp\/v2\/pages\/6044","targetHints":{"allow":["GET"]}}],"collection":[{"href":"https:\/\/lynxnaturebooks.com\/ca\/wp-json\/wp\/v2\/pages"}],"about":[{"href":"https:\/\/lynxnaturebooks.com\/ca\/wp-json\/wp\/v2\/types\/page"}],"author":[{"embeddable":true,"href":"https:\/\/lynxnaturebooks.com\/ca\/wp-json\/wp\/v2\/users\/25123"}],"replies":[{"embeddable":true,"href":"https:\/\/lynxnaturebooks.com\/ca\/wp-json\/wp\/v2\/comments?post=6044"}],"version-history":[{"count":2,"href":"https:\/\/lynxnaturebooks.com\/ca\/wp-json\/wp\/v2\/pages\/6044\/revisions"}],"predecessor-version":[{"id":84799,"href":"https:\/\/lynxnaturebooks.com\/ca\/wp-json\/wp\/v2\/pages\/6044\/revisions\/84799"}],"wp:attachment":[{"href":"https:\/\/lynxnaturebooks.com\/ca\/wp-json\/wp\/v2\/media?parent=6044"}],"curies":[{"name":"wp","href":"https:\/\/api.w.org\/{rel}","templated":true}]}}