{"id":6018,"date":"2019-02-18T10:48:25","date_gmt":"2019-02-18T09:48:25","guid":{"rendered":"https:\/\/www.lynxeds.com\/?page_id=6018"},"modified":"2024-10-18T11:45:09","modified_gmt":"2024-10-18T09:45:09","slug":"politica-de-privacitat","status":"publish","type":"page","link":"https:\/\/lynxnaturebooks.com\/ca\/politica-de-privacitat\/","title":{"rendered":"Pol\u00edtica de privacitat"},"content":{"rendered":"\n<h1 class=\"wp-block-heading\">Pol\u00edtica de privacitat<\/h1>\n\n<p><strong>ACCEPTACI\u00d3 DE L&#8217;USUARI<\/strong><\/p>\n\n<p>The purpose of this document (hereafter \u201cData Privacy Policy\u201d) is to regulate the use of the website which Alada Books, S.L. places at the disposition of the public (<a href=\"http:\/\/lynxnaturebooks.com\">lynxnaturebooks.com<\/a>).<\/p>\n\n<p>Els drets de propietat intel\u00b7lectual d&#8217;aquest lloc web, juntament amb el seu codi font, bases de dades i altres elements s\u00f3n propietat d&#8217;Alada Books, SL, que conserva els drets d&#8217;explotaci\u00f3 exclusius sobre aquests elements, en particular els de reproducci\u00f3, distribuci\u00f3, comunicaci\u00f3 p\u00fablica, manteniment i adaptaci\u00f3. .<\/p>\n\n<p>L&#8217;\u00fas del lloc web per part de tercers els atribueix la condici\u00f3 d&#8217;usuari, i implica la seva total acceptaci\u00f3 de totes les condicions previstes en aquesta Pol\u00edtica de Privacitat de Dades.<\/p>\n\n<p><strong>\u00daS CORRECTE DEL LLOC WEB  <\/strong><\/p>\n\n<p>L&#8217;usuari es compromet a utilitzar aquest lloc, juntament amb els seus continguts i serveis d&#8217;acord amb la llei, aquesta Pol\u00edtica de Privacitat de Dades, les bones pr\u00e0ctiques i els interessos de l&#8217;ordre p\u00fablic. Aix\u00ed mateix, l&#8217;usuari es compromet a no utilitzar el lloc web o els serveis que presta amb finalitats il\u00b7l\u00edcites, aquells que siguin contraris al contingut d&#8217;aquesta Pol\u00edtica de Privacitat de Dades, aquells que puguin vulnerar els interessos o drets de tercers, o que puguin danyar, desactivar o degradar el lloc o els seus serveis, o impedir l&#8217;\u00fas correcte del lloc per part d&#8217;altres persones.<\/p>\n\n<p>Aix\u00ed mateix, l&#8217;usuari es compromet expressament a no destruir, modificar, inutilitzar o danyar de cap manera les dades, programes o documents electr\u00f2nics o qualsevol altre element contingut en aquest lloc web.<\/p>\n\n<p>L&#8217;usuari es compromet a no obstaculitzar l&#8217;acc\u00e9s d&#8217;altres usuaris al servei mitjan\u00e7ant el consum massiu dels recursos del sistema a trav\u00e9s dels quals Alada Books, SL presta els seus serveis, ni a realitzar cap actuaci\u00f3 que pugui danyar, interrompre o generar errors en aquests. sistemes.<\/p>\n\n<p>L&#8217;usuari es compromet a no introduir programes, virus, macros, miniaplicacions, controls de cap mena o qualsevol altre dispositiu l\u00f2gic o seq\u00fc\u00e8ncia de car\u00e0cters que provoqui, o pugui provocar, cap tipus d&#8217;alteraci\u00f3 en els sistemes inform\u00e0tics d&#8217;Alada Books, SL o de tercers. parts, o vulnerar els drets de propietat intel\u00b7lectual o industrial.<\/p>\n\n<p>L&#8217;usuari es compromet a no fer un mal \u00fas de la informaci\u00f3, missatges, gr\u00e0fics, il\u00b7lustracions, arxius de so i imatges, fotografies, programes o qualsevol altre material accessible a trav\u00e9s d&#8217;aquest lloc web, ni dels serveis que ofereix.<\/p>\n\n<p>Alada Books, SL declina qualsevol responsabilitat derivada dels danys o perjudicis inferits per qualsevol visitant d&#8217;aquest lloc web als seus recursos tecnol\u00f2gics (informatitzats o telem\u00e0tics) com a conseq\u00fc\u00e8ncia de les circumst\u00e0ncies o esdeveniments esmentats en els apartats anteriors. Tampoc Alada Books, SL garanteix que el lloc web i el servidor estiguin lliures de virus i no es fa responsable dels danys produ\u00efts com a conseq\u00fc\u00e8ncia de l&#8217;acc\u00e9s al lloc web o per la impossibilitat d&#8217;accedir-hi.<\/p>\n\n<p>Alada Books, SL no es fa responsable de la informaci\u00f3 que es pugui obtenir mitjan\u00e7ant enlla\u00e7os a sistemes externs disponibles en aquest lloc web.<\/p>\n\n<p><strong>PROPIETAT INTEL\u00b7LECTUAL I INDUSTRIAL<\/strong><\/p>\n\n<p>Aquest lloc web i tot el seu contingut, inclosos els textos, documents, fotografies, il\u00b7lustracions, gr\u00e0fics, bases de dades i programes inform\u00e0tics, juntament amb els logotips, marques, noms comercials i altres signes distintius s\u00f3n propietat d&#8217;Alada Books, SL o de tercers que n&#8217;han autoritzat. utilitzar.<\/p>\n\n<p>Tots els drets estan reservats.<\/p>\n\n<p><strong>\u00c0MBIT DE RESPONSABILITAT  <\/strong><\/p>\n\n<p>Responsabilitat d&#8217;Alada Books, SL <u>per l&#8217;\u00fas d&#8217;aquest lloc web.<\/u><\/p>\n\n<p>Cada usuari \u00e9s l&#8217;\u00fanic responsable de les infraccions que pugui cometre o dels danys que es puguin ocasionar o patir per la utilitzaci\u00f3 del lloc web. Alada Books, SL queda exempta de qualsevol forma de responsabilitat derivada de les accions de l&#8217;usuari.<\/p>\n\n<p>L&#8217;usuari ser\u00e0 l&#8217;\u00fanic responsable de qualsevol reclamaci\u00f3 o acci\u00f3 legal, judicial o extrajudicial iniciada per tercers contra Alada Books, SL en funci\u00f3 de la utilitzaci\u00f3 del lloc web per part de l&#8217;usuari. En aquests casos, l&#8217;usuari assumir\u00e0 les despeses, costos o indemnitzacions reclamades a Alada Books, SL per accions legals iniciades contra l&#8217;empresa.<\/p>\n\n<p>Responsabilitat d&#8217;Alada Books, SL <u>pel funcionament del lloc web.<\/u><\/p>\n\n<p>Alada Books, SL declina qualsevol responsabilitat derivada de transfer\u00e8ncies, omissions, interrupcions, intrusions no desitjades, defici\u00e8ncies de telecomunicacions, virus inform\u00e0tics, mal funcionament telef\u00f2nic o desconnexi\u00f3 de les funcions operatives dels sistemes electr\u00f2nics derivades per causes alienes al seu control.<\/p>\n\n<p>Responsabilitat d&#8217;Alada Books, SL <u>pels enlla\u00e7os al lloc web.<\/u><\/p>\n\n<p>Alada Books, SL declina qualsevol responsabilitat respecte als continguts o riscos (danys t\u00e8cnics, morals o econ\u00f2mics) que puguin existir m\u00e9s enll\u00e0 dels l\u00edmits del lloc web i als quals es pugui accedir mitjan\u00e7ant enlla\u00e7os del lloc, at\u00e8s que la funci\u00f3 dels enlla\u00e7os \u00e9s \u00fanicament per informar sobre un tema determinat.<\/p>\n\n<p><strong>COMPROM\u00cdS AMB LA PROTECCI\u00d3 DE DADES I EL CUMPLIMENT DE LA LLEI ESPANYOLA (LSSICE)<\/strong><\/p>\n\n<p>En compliment de la legislaci\u00f3 espanyola de protecci\u00f3 de dades de car\u00e0cter personal (LOPD) Alada Books, SL informa als usuaris que les dades personals que facilitin en emplenar formularis o per requisits contractuals s&#8217;emmagatzemaran en fitxers propietat d&#8217;Alada Books, SL i seran utilitzats per a la \u00fanic objectiu de proporcionar informaci\u00f3 sobre serveis i productes oferts per Alada Books, SL. Aquestes dades no seran cedides ni comunicades a tercers. Omplir un formulari indica que l&#8217;usuari reconeix que la informaci\u00f3 i les dades personals facilitades pertanyen a l&#8217;usuari i s\u00f3n exactes i certes.<\/p>\n\n<p>Registered users retain at all times the possibility of exercising their rights of access, rectification, opposition, suppression, limitation, portability or opposition with respect to their data. Furthermore, and in compliance with Spanish Law 34\/2002, on Services of Information Society and Electronic Commerce (&#8220;LSSICE&#8221;), they may revoke at any time their consent to the reception of commercial communications. In case of any doubt, or to exercise these rights, users should email Alada Books, S.L. at <a href=\"mailto:lynx@lynxnaturebooks.com\">lynx@lynxnaturebooks.com<\/a>, or send a letter to: Alada Books, S.L., Tamarit, 144\u2013146, Entl. 1B, E-08015 Barcelona, Spain.<\/p>\n\n<p><strong>LEGISLACI\u00d3 APLICABLE I JURISDICCI\u00d3<\/strong><\/p>\n\n<p>Qualsevol controv\u00e8rsia derivada de la interpretaci\u00f3 o aplicaci\u00f3 d&#8217;aquesta Pol\u00edtica de Privacitat de Dades es resoldr\u00e0 d&#8217;acord amb la legislaci\u00f3 espanyola. Alada Books, SL a trav\u00e9s de la seva representaci\u00f3 legal, i l&#8217;usuari, renuncien expressament a qualsevol altre fur i se sotmeten als Jutjats i Tribunals del domicili d&#8217;Alada Books, SL per a la resoluci\u00f3 de qualsevol controv\u00e8rsia que pogu\u00e9s sorgir. En el cas d&#8217;un usuari domiciliat fora d&#8217;Espanya, Alada Books, SL i l&#8217;usuari es sotmetran als Jutjats i Tribunals de l&#8217;Ajuntament de Barcelona, \u200b\u200bEspanya.<\/p>\n","protected":false},"excerpt":{"rendered":"<p>Pol\u00edtica de privacitat ACCEPTACI\u00d3 DE L&#8217;USUARI The purpose of this document (hereafter \u201cData Privacy Policy\u201d) is to regulate the use of the website which Alada Books, S.L. places at the [&hellip;]<\/p>\n","protected":false},"author":25123,"featured_media":0,"parent":0,"menu_order":0,"comment_status":"closed","ping_status":"closed","template":"","meta":{"footnotes":""},"class_list":["post-6018","page","type-page","status-publish","hentry"],"_links":{"self":[{"href":"https:\/\/lynxnaturebooks.com\/ca\/wp-json\/wp\/v2\/pages\/6018","targetHints":{"allow":["GET"]}}],"collection":[{"href":"https:\/\/lynxnaturebooks.com\/ca\/wp-json\/wp\/v2\/pages"}],"about":[{"href":"https:\/\/lynxnaturebooks.com\/ca\/wp-json\/wp\/v2\/types\/page"}],"author":[{"embeddable":true,"href":"https:\/\/lynxnaturebooks.com\/ca\/wp-json\/wp\/v2\/users\/25123"}],"replies":[{"embeddable":true,"href":"https:\/\/lynxnaturebooks.com\/ca\/wp-json\/wp\/v2\/comments?post=6018"}],"version-history":[{"count":3,"href":"https:\/\/lynxnaturebooks.com\/ca\/wp-json\/wp\/v2\/pages\/6018\/revisions"}],"predecessor-version":[{"id":91489,"href":"https:\/\/lynxnaturebooks.com\/ca\/wp-json\/wp\/v2\/pages\/6018\/revisions\/91489"}],"wp:attachment":[{"href":"https:\/\/lynxnaturebooks.com\/ca\/wp-json\/wp\/v2\/media?parent=6018"}],"curies":[{"name":"wp","href":"https:\/\/api.w.org\/{rel}","templated":true}]}}