{"id":5159,"date":"2019-01-31T11:45:01","date_gmt":"2019-01-31T10:45:01","guid":{"rendered":"https:\/\/www.lynxeds.com\/?page_id=5159"},"modified":"2024-07-16T08:28:46","modified_gmt":"2024-07-16T06:28:46","slug":"descarregar-catalegs","status":"publish","type":"page","link":"https:\/\/lynxnaturebooks.com\/ca\/descarregar-catalegs\/","title":{"rendered":"Descarrega els cat\u00e0legs"},"content":{"rendered":"\n<h2 class=\"wp-block-heading\">Cat\u00e0leg de llibres de natura Lynx<\/h2>\n\n<p>Baixeu el nostre cat\u00e0leg per explorar t\u00edtols, llegir descripcions de llibres i trobar informaci\u00f3 sobre l&#8217;ISBN i els preus.<\/p>\n\n<p><strong>Per a consultes sobre drets estrangers:<\/strong><\/p>\n\n<p>Sou un editor interessat a traduir i distribuir t\u00edtols de Lynx Nature Books al vostre territori? Us animem a explorar les possibilitats emocionants! Si us plau, poseu-vos en contacte amb la nostra gerent de drets estrangers, Marina Huguet, a <a href=\"mailto:mhuguet@aladabooks.com\">mhuguet@aladabooks.com<\/a> per obtenir m\u00e9s informaci\u00f3 i per parlar de possibles oportunitats de llic\u00e8ncia.<\/p>\n\n<div style=\"height:19px\" aria-hidden=\"true\" class=\"wp-block-spacer\"><\/div>\n<div class=\"wp-block-image\">\n<figure class=\"aligncenter size-large is-resized\"><a href=\"https:\/\/lynxnaturebooks.com\/wp-content\/uploads\/2024\/06\/Catalogue_Lynx_2024_English.pdf\"><img loading=\"lazy\" decoding=\"async\" width=\"724\" height=\"1024\" src=\"https:\/\/lynxnaturebooks.com\/wp-content\/uploads\/2024\/06\/Catalogue_Lynx_2024_cover-1448x2048-1-724x1024.webp\" alt=\"\" class=\"wp-image-83233\" style=\"width:auto;height:400px\" srcset=\"https:\/\/lynxnaturebooks.com\/wp-content\/uploads\/2024\/06\/Catalogue_Lynx_2024_cover-1448x2048-1-724x1024.webp 724w, https:\/\/lynxnaturebooks.com\/wp-content\/uploads\/2024\/06\/Catalogue_Lynx_2024_cover-1448x2048-1-900x1273.webp 900w, https:\/\/lynxnaturebooks.com\/wp-content\/uploads\/2024\/06\/Catalogue_Lynx_2024_cover-1448x2048-1-212x300.webp 212w, https:\/\/lynxnaturebooks.com\/wp-content\/uploads\/2024\/06\/Catalogue_Lynx_2024_cover-1448x2048-1-768x1086.webp 768w, https:\/\/lynxnaturebooks.com\/wp-content\/uploads\/2024\/06\/Catalogue_Lynx_2024_cover-1448x2048-1-1086x1536.webp 1086w, https:\/\/lynxnaturebooks.com\/wp-content\/uploads\/2024\/06\/Catalogue_Lynx_2024_cover-1448x2048-1.webp 1448w\" sizes=\"auto, (max-width: 724px) 100vw, 724px\" \/><\/a><\/figure>\n<\/div>\n<p class=\"has-text-align-center button-link\"><br\/><a href=\"https:\/\/lynxnaturebooks.com\/wp-content\/uploads\/2024\/06\/Catalogue_Lynx_2024_English.pdf\">Descarrega el cat\u00e0leg<\/a><br\/><\/p>\n","protected":false},"excerpt":{"rendered":"<p>Cat\u00e0leg de llibres de natura Lynx Baixeu el nostre cat\u00e0leg per explorar t\u00edtols, llegir descripcions de llibres i trobar informaci\u00f3 sobre l&#8217;ISBN i els preus. Per a consultes sobre drets [&hellip;]<\/p>\n","protected":false},"author":25123,"featured_media":62083,"parent":0,"menu_order":0,"comment_status":"closed","ping_status":"closed","template":"","meta":{"footnotes":""},"class_list":["post-5159","page","type-page","status-publish","has-post-thumbnail","hentry"],"_links":{"self":[{"href":"https:\/\/lynxnaturebooks.com\/ca\/wp-json\/wp\/v2\/pages\/5159","targetHints":{"allow":["GET"]}}],"collection":[{"href":"https:\/\/lynxnaturebooks.com\/ca\/wp-json\/wp\/v2\/pages"}],"about":[{"href":"https:\/\/lynxnaturebooks.com\/ca\/wp-json\/wp\/v2\/types\/page"}],"author":[{"embeddable":true,"href":"https:\/\/lynxnaturebooks.com\/ca\/wp-json\/wp\/v2\/users\/25123"}],"replies":[{"embeddable":true,"href":"https:\/\/lynxnaturebooks.com\/ca\/wp-json\/wp\/v2\/comments?post=5159"}],"version-history":[{"count":2,"href":"https:\/\/lynxnaturebooks.com\/ca\/wp-json\/wp\/v2\/pages\/5159\/revisions"}],"predecessor-version":[{"id":85124,"href":"https:\/\/lynxnaturebooks.com\/ca\/wp-json\/wp\/v2\/pages\/5159\/revisions\/85124"}],"wp:featuredmedia":[{"embeddable":true,"href":"https:\/\/lynxnaturebooks.com\/ca\/wp-json\/wp\/v2\/media\/62083"}],"wp:attachment":[{"href":"https:\/\/lynxnaturebooks.com\/ca\/wp-json\/wp\/v2\/media?parent=5159"}],"curies":[{"name":"wp","href":"https:\/\/api.w.org\/{rel}","templated":true}]}}