{"id":5124,"date":"2019-01-25T10:53:16","date_gmt":"2019-01-25T09:53:16","guid":{"rendered":"https:\/\/www.lynxeds.com\/?page_id=5124"},"modified":"2025-03-20T15:29:42","modified_gmt":"2025-03-20T14:29:42","slug":"trade-info-cat","status":"publish","type":"page","link":"https:\/\/lynxnaturebooks.com\/ca\/trade-info-cat\/","title":{"rendered":"Distribuci\u00f3"},"content":{"rendered":"\n<h1 class=\"wp-block-heading has-text-align-center\"><strong>Informaci\u00f3 per a llibreries<\/strong><\/h1>\n\n\n\n<div style=\"height:16px\" aria-hidden=\"true\" class=\"wp-block-spacer\"><\/div>\n\n\n\n<p>Llibreries en territori espanyol:<\/p>\n\n\n\n<p>Si us plau, dirigiu les vostres comandes a la distribu\u00efdora corresponent segons la zona.<\/p>\n\n\n\n<h2 class=\"wp-block-heading\"><strong>Catalunya<\/strong><\/h2>\n\n\n\n<p><strong>NORDEST DISTRIBUCIONS (NORDEST LLIBRES, S.L.)<\/strong><\/p>\n\n\n\n<p>Alemanya, 19<br>17600 Figueres<br>Girona<br>Tel.: 972 672 354<br>nordest@nordest.es<\/p>\n\n\n\n<h2 class=\"wp-block-heading\"><strong>Arag\u00f3, La Rioja, Euskadi, Navarra<\/strong><\/h2>\n\n\n\n<p><strong>ICARO DISTRIBUIDORA (ICARO DISTRIBUIDORA S.L.)<\/strong><\/p>\n\n\n\n<p>Pol\u00edgono Industrial El Plano Calle A &#8211; Nave 39<br>50430 Mar\u00eda de Huerva<br>Saragossa<br>Tel.: 976 126 333<br>icaro@icaro.es<\/p>\n\n\n\n<h2 class=\"wp-block-heading\"><strong>Val\u00e8ncia, Castell\u00f3<\/strong><\/h2>\n\n\n\n<p><strong>AZETA (AZETA LIBROS Y PAPELER\u00cdA, S.L.)<\/strong><\/p>\n\n\n\n<p>Camino Bajo S\/N<br>18100 Armilla<br>Granada<br>Tel.: 661 777 063<br>info@azeta.es<\/p>\n\n\n\n<h2 class=\"wp-block-heading\"><strong>Madrid, Castella-la Manxa, Castella-Lle\u00f3<\/strong><\/h2>\n\n\n\n<p><strong>DISTRIFER LIBROS (DISTRIFER LIBROS S.L.)<\/strong><\/p>\n\n\n\n<p>Valle de Tobalina, 32 &#8211; Naves 5 y 6<br>28021 Madrid<br>Tel.: 917 962 709<br>distrifer@distriferlibros.es<\/p>\n\n\n\n<h2 class=\"wp-block-heading\"><strong>Andalusia, Extremadura<\/strong><\/h2>\n\n\n\n<p><strong>CAL M\u00c1LAGA (CAL M\u00c1LAGA, S.L.)<\/strong><\/p>\n\n\n\n<p>Bodegueros, 43 &#8211; Nave 3<br>29006 M\u00e0laga<br>Tel.: 952 251 004<br>calmalaga@calmalaga.es<\/p>\n\n\n\n<h2 class=\"wp-block-heading\"><strong>Alacant, M\u00farcia, Albacete<\/strong><\/h2>\n\n\n\n<p><strong>LA TIERRA LIBROS, S.L.<\/strong><\/p>\n\n\n\n<p>Sagitario, 4 &#8211; Nave B<br>03006 Alacant<br>Tel.: 965 107 881<br>administracion.tierra@delibros.es<\/p>\n\n\n\n<h2 class=\"wp-block-heading\"><strong>Ast\u00faries, Cant\u00e0bria<\/strong><\/h2>\n\n\n\n<p><strong>ASTURARCO (ASTURARCO 2012, S.L.)<\/strong><\/p>\n\n\n\n<p>Pe\u00f1a Brava, 22<br>33192 Llanera<br>Ast\u00faries<br>Tel.: 985 263 552<br>pedidos@arbesu.com<\/p>\n\n\n\n<h2 class=\"wp-block-heading\"><strong>Gal\u00edcia<\/strong><\/h2>\n\n\n\n<p><strong>ALONSO LIBROS (M. ALONSO ESTRAVIS DISTRIBUIDORA S.L.)<\/strong> <\/p>\n\n\n\n<p>Pol\u00edgono del Tambre V\u00eda Faraday, 41bis<br>15890 Santiago de Compostela<br>A Coru\u00f1a<br>Tel.: 981 588 600<br>alonsolibros@infonegocio.com<\/p>\n\n\n\n<h2 class=\"wp-block-heading\"><strong>Balears<\/strong><\/h2>\n\n\n\n<p><strong>AZETA (AZETA LIBROS Y PAPELER\u00cdA, S.L.)<\/strong><\/p>\n\n\n\n<p>Camino Bajo S\/N<br>18100 Armilla<br>Granada<br>Tel.: 661 777 063<br>info@azeta.es<\/p>\n\n\n\n<h2 class=\"wp-block-heading\"><strong>Can\u00e0ries<\/strong><\/h2>\n\n\n\n<p><strong>GRUPO DISMALIBRO (DISMALIBRO, S.L.)<\/strong><\/p>\n\n\n\n<p>Bodegueros, 50<br>Carretera de C\u00e1diz<br>29006 M\u00e0laga<br>Tel. 910 10 00 99<br>gestioncomercial@grupodismalibro.com<\/p>\n","protected":false},"excerpt":{"rendered":"<p>Informaci\u00f3 per a llibreries Llibreries en territori espanyol: Si us plau, dirigiu les vostres comandes a la distribu\u00efdora corresponent segons la zona. Catalunya NORDEST DISTRIBUCIONS (NORDEST LLIBRES, S.L.) Alemanya, 1917600 [&hellip;]<\/p>\n","protected":false},"author":25123,"featured_media":0,"parent":0,"menu_order":0,"comment_status":"closed","ping_status":"closed","template":"","meta":{"footnotes":""},"class_list":["post-5124","page","type-page","status-publish","hentry"],"_links":{"self":[{"href":"https:\/\/lynxnaturebooks.com\/ca\/wp-json\/wp\/v2\/pages\/5124","targetHints":{"allow":["GET"]}}],"collection":[{"href":"https:\/\/lynxnaturebooks.com\/ca\/wp-json\/wp\/v2\/pages"}],"about":[{"href":"https:\/\/lynxnaturebooks.com\/ca\/wp-json\/wp\/v2\/types\/page"}],"author":[{"embeddable":true,"href":"https:\/\/lynxnaturebooks.com\/ca\/wp-json\/wp\/v2\/users\/25123"}],"replies":[{"embeddable":true,"href":"https:\/\/lynxnaturebooks.com\/ca\/wp-json\/wp\/v2\/comments?post=5124"}],"version-history":[{"count":20,"href":"https:\/\/lynxnaturebooks.com\/ca\/wp-json\/wp\/v2\/pages\/5124\/revisions"}],"predecessor-version":[{"id":94533,"href":"https:\/\/lynxnaturebooks.com\/ca\/wp-json\/wp\/v2\/pages\/5124\/revisions\/94533"}],"wp:attachment":[{"href":"https:\/\/lynxnaturebooks.com\/ca\/wp-json\/wp\/v2\/media?parent=5124"}],"curies":[{"name":"wp","href":"https:\/\/api.w.org\/{rel}","templated":true}]}}