{"id":5102,"date":"2019-01-31T09:59:41","date_gmt":"2019-01-31T08:59:41","guid":{"rendered":"https:\/\/www.lynxeds.com\/?page_id=5102"},"modified":"2024-07-16T08:28:29","modified_gmt":"2024-07-16T06:28:29","slug":"premsa","status":"publish","type":"page","link":"https:\/\/lynxnaturebooks.com\/ca\/premsa\/","title":{"rendered":"Mitjans de comunicaci\u00f3"},"content":{"rendered":"\n<h1 class=\"wp-block-heading\">M\u00e8dia<\/h1>\n\n<h3 class=\"wp-block-heading\">Josep del Hoyo i Lynx Edicions apareixen a la televisi\u00f3!<\/h3>\n\n<p><strong>Octubre de 2012.<\/strong><\/p>\n\n<p>Josep del Hoyo, metge i ornit\u00f2leg, acaba de rebre el passat mes de setembre el Premi a la Conservaci\u00f3 de la Biodiversitat, atorgat per la Fundaci\u00f3 BBVA, per la seva tasca com a redactor del Manual de les aus del m\u00f3n,  <span class=\"\">l&#8217;enciclop\u00e8dia d&#8217;ocells m\u00e9s completa del m\u00f3n, obra clau sobre ornitologia.<\/span> <span class=\"\">La seva qualitat editorial l&#8217;ha convertit en un \u00e8xit de cr\u00edtica i p\u00fablic.<\/span> <span class=\"\">En aquest reportatge us mostrem la traject\u00f2ria professional de Josep del Hoyo, que l&#8217;ha portat per tot el m\u00f3n per buscar ocells, i per crear l&#8217;editorial Lynx.<\/span> <span class=\"\">Juntament amb els testimonis del seu company i amic, Jordi Sargatal, entrarem a Lynx i coneixerem els nous reptes que l&#8217;editorial s&#8217;enfrontar\u00e0 en el futur, com el &#8220;Manual Viu&#8221;, la &#8220;Col\u00b7lecci\u00f3 d&#8217;ocells d&#8217;Internet&#8221; i una nova col\u00b7lecci\u00f3 sobre mam\u00edfers. del m\u00f3n.<\/span><\/p>\n<div class=\"wp-block-image\">\n<figure class=\"aligncenter\"><a href=\"http:\/\/rtve.es\/v\/1577347\" target=\"_blank\" rel=\"noopener\"><img loading=\"lazy\" decoding=\"async\" width=\"360\" height=\"204\" src=\"https:\/\/lynxnaturebooks.com\/wp-content\/uploads\/2018\/10\/lynx-at-tv2.gif\" alt=\"\" class=\"wp-image-4054\"\/><\/a><\/figure>\n<\/div>\n<p class=\"has-text-align-center\"><br\/>Mira el v\u00eddeo a <a href=\"http:\/\/rtve.es\/v\/1577347\" target=\"_blank\" rel=\"noopener\">http:\/\/rtve.es\/v\/1577347<\/a><\/p>\n","protected":false},"excerpt":{"rendered":"<p>M\u00e8dia Josep del Hoyo i Lynx Edicions apareixen a la televisi\u00f3! Octubre de 2012. Josep del Hoyo, metge i ornit\u00f2leg, acaba de rebre el passat mes de setembre el Premi [&hellip;]<\/p>\n","protected":false},"author":25123,"featured_media":0,"parent":0,"menu_order":0,"comment_status":"closed","ping_status":"closed","template":"","meta":{"footnotes":""},"class_list":["post-5102","page","type-page","status-publish","hentry"],"_links":{"self":[{"href":"https:\/\/lynxnaturebooks.com\/ca\/wp-json\/wp\/v2\/pages\/5102","targetHints":{"allow":["GET"]}}],"collection":[{"href":"https:\/\/lynxnaturebooks.com\/ca\/wp-json\/wp\/v2\/pages"}],"about":[{"href":"https:\/\/lynxnaturebooks.com\/ca\/wp-json\/wp\/v2\/types\/page"}],"author":[{"embeddable":true,"href":"https:\/\/lynxnaturebooks.com\/ca\/wp-json\/wp\/v2\/users\/25123"}],"replies":[{"embeddable":true,"href":"https:\/\/lynxnaturebooks.com\/ca\/wp-json\/wp\/v2\/comments?post=5102"}],"version-history":[{"count":2,"href":"https:\/\/lynxnaturebooks.com\/ca\/wp-json\/wp\/v2\/pages\/5102\/revisions"}],"predecessor-version":[{"id":85099,"href":"https:\/\/lynxnaturebooks.com\/ca\/wp-json\/wp\/v2\/pages\/5102\/revisions\/85099"}],"wp:attachment":[{"href":"https:\/\/lynxnaturebooks.com\/ca\/wp-json\/wp\/v2\/media?parent=5102"}],"curies":[{"name":"wp","href":"https:\/\/api.w.org\/{rel}","templated":true}]}}