{"id":5097,"date":"2018-05-10T14:17:01","date_gmt":"2018-05-10T12:17:01","guid":{"rendered":"https:\/\/www.lynxeds.com\/?page_id=5097"},"modified":"2025-10-23T08:58:43","modified_gmt":"2025-10-23T06:58:43","slug":"qui-som","status":"publish","type":"page","link":"https:\/\/lynxnaturebooks.com\/ca\/qui-som\/","title":{"rendered":"Sobre nosaltres"},"content":{"rendered":"\n<h1 class=\"wp-block-heading has-text-align-center\"><strong>Lynx Nature Books<\/strong><\/h1>\n\n\n\n<div class=\"wp-block-columns are-vertically-aligned-center max-width is-layout-flex wp-container-core-columns-is-layout-9d6595d7 wp-block-columns-is-layout-flex\">\n<div class=\"wp-block-column is-vertically-aligned-center is-layout-flow wp-block-column-is-layout-flow\">\n<p class=\"has-medium-font-size\">Lynx Nature Books \u00e9s l\u2019editorial de refer\u00e8ncia en ornitologia i natura a nivell internacional. Som els editors del <em>Handbook of the Birds of the World<\/em>, la primera enciclop\u00e8dia que aborda i il\u00b7lustra totes els ocells del m\u00f3n: una obra \u00fanica que uneix rigor cient\u00edfic, divulgaci\u00f3 i bellesa art\u00edstica.<\/p>\n\n\n\n<p>A Lynx Nature Books, anteriorment coneguda com Lynx Edicions, seguim compromesos amb la conservaci\u00f3 de la natura i la biodiversitat, i amb la nostra passi\u00f3 per la transmissi\u00f3 del coneixement. Publiquem des d\u2019obres enciclop\u00e8diques fins a pr\u00e0ctiques guies de camp, checklists i monografies.<\/p>\n<\/div>\n\n\n\n<div class=\"wp-block-column is-vertically-aligned-center is-layout-flow wp-block-column-is-layout-flow\">\n<figure class=\"wp-block-image\"><img decoding=\"async\" src=\"blob:https:\/\/develop.genium.click\/b0eeb2ef-1e89-4797-86ff-43f8d55b2fac\" alt=\"\"\/><\/figure>\n<\/div>\n<\/div>\n\n\n\n<div style=\"height:10px\" aria-hidden=\"true\" class=\"wp-block-spacer\"><\/div>\n\n\n\n<h2 class=\"wp-block-heading has-text-align-center\"><strong>Prop\u00f2sit, missi\u00f3 i valors<\/strong><\/h2>\n\n\n\n<p>Compartim un prop\u00f2sit amb vosaltres: deixar aquest m\u00f3n millor del que el vam trobar.<\/p>\n\n\n\n<p>Aix\u00f2 ens porta a la nostra missi\u00f3: oferir coneixement i recursos sobre la natura per al m\u00f3n cient\u00edfic i per a tothom interessant en estudiar i protegir l\u2019entorn natural.<\/p>\n\n\n\n<p>Aquests s\u00f3n els nostres valors: sensibilitat i comprom\u00eds amb la natura, excel\u00b7l\u00e8ncia en el contingut i atenci\u00f3 als detalls.<\/p>\n\n\n\n<blockquote class=\"wp-block-quote is-layout-flow wp-block-quote-is-layout-flow\">\n<p>\u00ab<em>El <\/em>Handbook of the Birds of the World<em> \u00e9s una obra en la qual han participat molts autors, prop de 300. Amb l\u2019equip editorial, els il\u00b7lustradors i els fot\u00f2grafs, m\u00e9s de 1.000 persones hi han participat. El que fa \u00fanic aquest projecte \u00e9s que representa la primera vegada que s\u2019ha fet un treball detallat a nivell global sobre cadascuna de les m\u00e9s de 10.000 esp\u00e8cies d\u2019ocell conegudes al m\u00f3n. I, per descomptat, tantes esp\u00e8cies han requerit molts volums (17), p\u00e0gines (unes 13.000), il\u00b7lustracions (m\u00e9s de 20.000 en 1.030 l\u00e0mines), fotografies (m\u00e9s de 7.000) i refer\u00e8ncies bibliogr\u00e0fiques (m\u00e9s de 100.000)<\/em>\u00bb.<\/p>\n\n\n\n<p>Josep del Hoyo, cofundador de Lynx Edicions<\/p>\n<\/blockquote>\n\n\n\n<div style=\"height:10px\" aria-hidden=\"true\" class=\"wp-block-spacer\"><\/div>\n\n\n\n<h2 class=\"wp-block-heading has-text-align-center\"><strong>Lynx Nature Books: del talent dels autors<br>a la perfecci\u00f3 dels llibres<\/strong><\/h2>\n\n\n\n<p>Treballem amb els millors professionals en cada \u00e0mbit: autors, il\u00b7lustradors, fot\u00f2grafs, editors experts, dissenyadors, maquetadors i impressors especialitzats. Des de les primeres etapes del proc\u00e9s editorial fins a la presentaci\u00f3 final, apliquem la nostra \u00e0mplia experi\u00e8ncia i un rigor\u00f3s control de qualitat per garantir que cada llibre sigui una eina de divulgaci\u00f3 \u00fanica i una obra d\u2019art que captivi els nostres lectors. El nostre comprom\u00eds amb l\u2019excel\u00b7l\u00e8ncia i l\u2019atenci\u00f3 als detalls es reflecteix en cada p\u00e0gina.<\/p>\n\n\n\n<p class=\"has-text-align-center has-medium-font-size\">Uneix-te a nosaltres en la nostra missi\u00f3 de conservar la natura,<br>llibre a llibre.<\/p>\n","protected":false},"excerpt":{"rendered":"<p>Lynx Nature Books Lynx Nature Books \u00e9s l\u2019editorial de refer\u00e8ncia en ornitologia i natura a nivell internacional. Som els editors del Handbook of the Birds of the World, la primera [&hellip;]<\/p>\n","protected":false},"author":25123,"featured_media":0,"parent":0,"menu_order":0,"comment_status":"closed","ping_status":"closed","template":"","meta":{"footnotes":""},"class_list":["post-5097","page","type-page","status-publish","hentry"],"_links":{"self":[{"href":"https:\/\/lynxnaturebooks.com\/ca\/wp-json\/wp\/v2\/pages\/5097","targetHints":{"allow":["GET"]}}],"collection":[{"href":"https:\/\/lynxnaturebooks.com\/ca\/wp-json\/wp\/v2\/pages"}],"about":[{"href":"https:\/\/lynxnaturebooks.com\/ca\/wp-json\/wp\/v2\/types\/page"}],"author":[{"embeddable":true,"href":"https:\/\/lynxnaturebooks.com\/ca\/wp-json\/wp\/v2\/users\/25123"}],"replies":[{"embeddable":true,"href":"https:\/\/lynxnaturebooks.com\/ca\/wp-json\/wp\/v2\/comments?post=5097"}],"version-history":[{"count":14,"href":"https:\/\/lynxnaturebooks.com\/ca\/wp-json\/wp\/v2\/pages\/5097\/revisions"}],"predecessor-version":[{"id":98425,"href":"https:\/\/lynxnaturebooks.com\/ca\/wp-json\/wp\/v2\/pages\/5097\/revisions\/98425"}],"wp:attachment":[{"href":"https:\/\/lynxnaturebooks.com\/ca\/wp-json\/wp\/v2\/media?parent=5097"}],"curies":[{"name":"wp","href":"https:\/\/api.w.org\/{rel}","templated":true}]}}