{"id":5094,"date":"2019-01-25T11:19:26","date_gmt":"2019-01-25T10:19:26","guid":{"rendered":"https:\/\/www.lynxeds.com\/awards\/"},"modified":"2024-07-16T08:23:39","modified_gmt":"2024-07-16T06:23:39","slug":"awards","status":"publish","type":"page","link":"https:\/\/lynxnaturebooks.com\/ca\/awards\/","title":{"rendered":"Premis"},"content":{"rendered":"\n<h1 class=\"wp-block-heading\">Premis<\/h1>\n\n<p class=\"has-medium-font-size\">Al llarg dels anys <em>Handbook of the Birds of the World<\/em> , Lynx Edicions i Josep del Hoyo, Editor de la s\u00e8rie, han rebut nombrosos premis de diverses institucions i revistes internacionals.<\/p>\n\n<div style=\"height:10px\" aria-hidden=\"true\" class=\"wp-block-spacer\"><\/div>\n\n<ul class=\"wp-block-list\">\n<li><strong>HBW Vol. 1: <a href=\"https:\/\/www.lynxeds.com\/wp-content\/uploads\/2019\/02\/Premi_Birdwatch_1992.pdf\" target=\"_blank\" rel=\"noreferrer noopener\">Llibre dels ocells de l&#8217;any 1992<\/a><\/strong> <em>\u2013 Observaci\u00f3 d&#8217;ocells<\/em> .<\/li>\n\n\n\n<li><strong>HBW Vol. 1: <a href=\"https:\/\/www.lynxeds.com\/wp-content\/uploads\/2019\/02\/Premi_British_Birds_1993.jpg\" target=\"_blank\" rel=\"noreferrer noopener\">Millor llibre d&#8217;ocells de l&#8217;any 1993<\/a><\/strong>  \u2013 <em>British Birds<\/em> \/British Trust for Ornithology.<\/li>\n\n\n\n<li><strong>HBW Vol. 5: <a href=\"https:\/\/www.lynxeds.com\/wp-content\/uploads\/2019\/02\/Choice_2000.pdf\" target=\"_blank\" rel=\"noreferrer noopener\">T\u00edtol acad\u00e8mic destacat 2000<\/a> <\/strong>\u2013 &#8216;Elecci\u00f3: cr\u00edtiques actuals per a biblioteques acad\u00e8miques&#8217;. <em>Choice<\/em> publica una llista de t\u00edtols acad\u00e8mics destacats que es van revisar durant l&#8217;any natural anterior. Aquesta prestigiosa llista reflecteix el millor en t\u00edtols acad\u00e8mics revisats per <em>Choice<\/em> i porta amb si l&#8217;extraordinari reconeixement de la comunitat de biblioteques acad\u00e8mics.<\/li>\n\n\n\n<li><strong>Lynx Edicions:<\/strong> <strong>Premi a la Internacionalitzaci\u00f3 de l&#8217;Economia Catalana de <em>la Generalitat de Catalunya<\/em> , 2002<\/strong> , atorgat en reconeixement a la contribuci\u00f3 del projecte HBW a la internacionalitzaci\u00f3 de l&#8217;economia catalana.<\/li>\n\n\n\n<li><strong>HBW Vol. 7: <a href=\"https:\/\/www.lynxeds.com\/wp-content\/uploads\/2019\/02\/BB-BTO_Best_Bird_Book_2002.pdf\" target=\"_blank\" rel=\"noreferrer noopener\">Millor llibre d&#8217;ocells de l&#8217;any 2002<\/a><\/strong>  \u2013 <em>British Birds<\/em> \/British Trust for Ornithology.<\/li>\n\n\n\n<li><strong>HBW Vol. 7: <a href=\"http:\/\/www.worldtwitch.com\/awards_2002.htm\" target=\"_blank\" rel=\"noopener\">Millor llibre de refer\u00e8ncia d&#8217;ocells<\/a><\/strong> <a href=\"http:\/\/www.worldtwitch.com\/awards_2002.htm\" target=\"_blank\" rel=\"noreferrer noopener\"><strong>2002<\/strong><\/a> &#8211; <em>WorldTwitch<\/em> .<\/li>\n\n\n\n<li><strong>HBW Vol. 8: <a href=\"http:\/\/www.worldtwitch.com\/awards_2003.htm\" target=\"_blank\" rel=\"noopener\">Millor llibre de refer\u00e8ncia d&#8217;ocells<\/a><\/strong> <a href=\"http:\/\/www.worldtwitch.com\/awards_2003.htm\" target=\"_blank\" rel=\"noreferrer noopener\"><strong>2003<\/strong><\/a> &#8211; <em>WorldTwitch<\/em> .<\/li>\n\n\n\n<li><strong>HBW Vol. 9<\/strong> <strong>: <a href=\"https:\/\/www.lynxeds.com\/wp-content\/uploads\/2019\/02\/WorldTwitch_2004.pdf\" target=\"_blank\" rel=\"noreferrer noopener\">Millor llibre de refer\u00e8ncia d&#8217;ocells 2004<\/a><\/strong> \u2013 <em>WorldTwitch<\/em> .<\/li>\n\n\n\n<li><strong>Josep del Hoyo:<\/strong> <strong>2010<\/strong> \u2013 El seu cognom va ser escollit pel tax\u00f2nom alemany Norbert Bahr per descriure el t\u00e0xon <strong><em>Buteo albicollis delhoyoi<\/em><\/strong> , \u201cel nou nom fa honor a l&#8217;ornit\u00f2leg espanyol Josep del Hoyo, iniciador i editor del monumental i magn\u00edfic <em>Manual de las aves de la m\u00f3n<\/em> , per la seva destacada contribuci\u00f3 a la conservaci\u00f3 de les aus i a la ci\u00e8ncia ornitol\u00f2gica&#8221;.<\/li>\n\n\n\n<li><strong>Josep del Hoyo: <a href=\"https:\/\/www.biophilia-fbbva.es\/galardonados\/josep-del-hoyo-calduch\/\" target=\"_blank\" rel=\"noreferrer noopener\">Fundaci\u00f3 BBVA 2010<\/a><\/strong> . Premi a la Difusi\u00f3 del Coneixement i la Sensibilitzaci\u00f3 sobre la Conservaci\u00f3 de la Biodiversitat.<\/li>\n\n\n\n<li><strong>Trogons. Una hist\u00f2ria natural dels trog\u00f2nids:<\/strong>  Guanyador en la categoria de Millor Disseny d&#8217;Interiors dels <strong><a href=\"http:\/\/www.internationalbookawards.com\/home.html\" target=\"_blank\" rel=\"noopener\">International Book Awards<\/a><\/strong> 2010 : Finalista guardonat en la categoria de Millor Disseny de Portada dels <strong><a href=\"http:\/\/www.internationalbookawards.com\/home.html\" target=\"_blank\" rel=\"noopener\">International Book Awards<\/a> 2010 .<\/strong><\/li>\n\n\n\n<li><strong>Lynx Edicions: Premi a la Divulgaci\u00f3 del M\u00f3n Natural ( <a href=\"http:\/\/www.edcnatura.com\/premis-edcnatura\/premis_edcn_2011.php\" target=\"_blank\" rel=\"noreferrer noopener\">Premio a la Divulgaci\u00f3 de la Naturaleza<\/a> ), 2011<\/strong> , atorgat per l&#8217;Associaci\u00f3 per a la Divulgaci\u00f3 i Conservaci\u00f3 de la Natura OMACHA (EDC NATURA).<\/li>\n\n\n\n<li><strong>Josep del Hoyo: SEO\/BirdLife<\/strong> \u2013 <strong>Bernis Lifetime Achievement Award 2012<\/strong> ( <strong><a href=\"https:\/\/www.seo.org\/2012\/12\/09\/premios-bernis-de-ornitologia-v-edicion\/\" target=\"_blank\" rel=\"noreferrer noopener\">Premio Bernis a la Trayectoria Personal 2012<\/a><\/strong> ).\u201cMarcant la finalitzaci\u00f3 de l&#8217;enciclop\u00e8dia <em>Handbook of the Birds of the World<\/em> , SEO\/Birdlife ha expressat el seu agra\u00efment i admiraci\u00f3 per l&#8217;editor. d&#8217;aquesta excepcional publicaci\u00f3, Josep del Hoyo, en atorgar-li el Premi Francisco Bernis d&#8217;Ornitologia en la categoria de traject\u00f2ria professional.\u201d<\/li>\n\n\n\n<li><strong>Volum especial HBW: Noves esp\u00e8cies i \u00edndex global: <a href=\"https:\/\/www.lynxeds.com\/wp-content\/uploads\/2019\/02\/Choice_outstanding_academic_title_2014.pdf\" target=\"_blank\" rel=\"noreferrer noopener\">T\u00edtol acad\u00e8mic destacat 2014<\/a><\/strong> &#8211; &#8216;Elecci\u00f3: cr\u00edtiques actuals per a biblioteques acad\u00e8miques&#8217;.<\/li>\n\n\n\n<li><strong>Josep del Hoyo:<\/strong> SGE- Sociedad Geogr\u00e1fica Espa\u00f1ola ( <em>Sociedad Geogr\u00e1fica Espa\u00f1ola<\/em> ). <a href=\"https:\/\/sge.org\/premios-sge\/premios-2014\/premio-sge-investigacion-josep-del-hoyo\/\" target=\"_blank\" rel=\"noreferrer noopener\"><strong>Premio a la investigaci\u00f3n 2014 ( <em>Premi d&#8217;Investigaci\u00f3 2014<\/em> )<\/strong><\/a> .<\/li>\n\n\n\n<li><strong>HMW Vol.5: Guanyador de la Medalla Whitley 2016<\/strong> : Els <a href=\"https:\/\/www.rzsnsw.org.au\/single-post\/2016\/09\/16\/Whitley-Awards-2016\" target=\"_blank\" rel=\"noopener\"><strong>Premis Whitley<\/strong><\/a> busquen i aclaman les millors publicacions publicades durant els 12 mesos anteriors relacionades amb la zoologia d&#8217;Austral\u00e0sia i la fauna \u00fanica de la regi\u00f3. La Medalla Whitley i la Menci\u00f3 Especial s\u00f3n els premis m\u00e9s sol\u00b7licitats a la publicaci\u00f3 zool\u00f2gica australiana.<\/li>\n\n\n\n<li><strong>Birds of New Guinea: Guanyador del premi Whitley 2017.<\/strong>  Certificat de Menci\u00f3 pel MILLOR LLIBRE en la categoria de GUIA DE CAMP.<\/li>\n\n\n\n<li><strong>HMW Vol.9: Bats: <a href=\"https:\/\/www.lynxeds.com\/wp-content\/uploads\/2020\/12\/Choice-Award-2020-HMW9.pdf\" target=\"_blank\" rel=\"noopener\">T\u00edtol acad\u00e8mic destacat 2020<\/a><\/strong> &#8211; &#8220;Elecci\u00f3: cr\u00edtiques actuals per a biblioteques acad\u00e8miques&#8221;.<\/li>\n\n\n\n<li><strong>Josep del Hoyo:<\/strong> <strong>2022<\/strong> \u2013 El seu cognom va ser escollit per descriure el t\u00e0xon <a href=\"https:\/\/doi.org\/10.25226\/bboc.v142i4.2022.a10\" target=\"_blank\" rel=\"noopener\"><strong><em>Apaloderma camerunense delhoyoi<\/em><\/strong><\/a> , amb el seg\u00fcent comentari dels autors de la pon\u00e8ncia: \u201cEn concebre, crear y editar el incomparable y immenso <em>Manual de los ocells del mundo<\/em> (1992\u20122013) Josep del Hoyo va fer una de les majors contribucions a l&#8217;ornitologia mundial de qualsevol \u00e9sser hum\u00e0&#8221;.<\/li>\n<\/ul>\n","protected":false},"excerpt":{"rendered":"<p>Premis Al llarg dels anys Handbook of the Birds of the World , Lynx Edicions i Josep del Hoyo, Editor de la s\u00e8rie, han rebut nombrosos premis de diverses institucions [&hellip;]<\/p>\n","protected":false},"author":25123,"featured_media":0,"parent":0,"menu_order":0,"comment_status":"closed","ping_status":"closed","template":"","meta":{"footnotes":""},"class_list":["post-5094","page","type-page","status-publish","hentry"],"_links":{"self":[{"href":"https:\/\/lynxnaturebooks.com\/ca\/wp-json\/wp\/v2\/pages\/5094","targetHints":{"allow":["GET"]}}],"collection":[{"href":"https:\/\/lynxnaturebooks.com\/ca\/wp-json\/wp\/v2\/pages"}],"about":[{"href":"https:\/\/lynxnaturebooks.com\/ca\/wp-json\/wp\/v2\/types\/page"}],"author":[{"embeddable":true,"href":"https:\/\/lynxnaturebooks.com\/ca\/wp-json\/wp\/v2\/users\/25123"}],"replies":[{"embeddable":true,"href":"https:\/\/lynxnaturebooks.com\/ca\/wp-json\/wp\/v2\/comments?post=5094"}],"version-history":[{"count":2,"href":"https:\/\/lynxnaturebooks.com\/ca\/wp-json\/wp\/v2\/pages\/5094\/revisions"}],"predecessor-version":[{"id":84960,"href":"https:\/\/lynxnaturebooks.com\/ca\/wp-json\/wp\/v2\/pages\/5094\/revisions\/84960"}],"wp:attachment":[{"href":"https:\/\/lynxnaturebooks.com\/ca\/wp-json\/wp\/v2\/media?parent=5094"}],"curies":[{"name":"wp","href":"https:\/\/api.w.org\/{rel}","templated":true}]}}