{"id":5029,"date":"2019-01-30T16:46:28","date_gmt":"2019-01-30T15:46:28","guid":{"rendered":"https:\/\/www.lynxeds.com\/?page_id=5029"},"modified":"2024-07-16T08:22:01","modified_gmt":"2024-07-16T06:22:01","slug":"poster-filogenetic-dels-ocells-del-mon","status":"publish","type":"page","link":"https:\/\/lynxnaturebooks.com\/ca\/poster-filogenetic-dels-ocells-del-mon\/","title":{"rendered":"Cartell Ordres i Fam\u00edlies dels Ocells del M\u00f3n"},"content":{"rendered":"\n<h1 class=\"wp-block-heading\">Cartell Ordres i Fam\u00edlies dels Ocells del M\u00f3n<\/h1>\n\n<h3 class=\"wp-block-heading\">Cartell de filog\u00e8nia d&#8217;ocells<\/h3>\n\n<h4 class=\"wp-block-heading\">Imprescindible per entendre la macrosistem\u00e0tica actual de les Classes Aves!<\/h4>\n\n<p>Arbre filogen\u00e8tic totalment actualitzat, incorporant els estudis moleculars m\u00e9s recents que han revolucionat la nostra comprensi\u00f3 de les relacions entre i entre els ordres i fam\u00edlies dels ocells del m\u00f3n.<\/p>\n\n<p>A partir de la classificaci\u00f3 presentada a <a href=\"https:\/\/lynxnaturebooks.com\/ca\/producte\/bird-families-of-the-world\/\" target=\"_blank\" rel=\"noreferrer noopener\"><em>Bird Families of the World<\/em><\/a> (Winkler, DW <em>et al<\/em> . 2015) i el  <a href=\"https:\/\/lynxnaturebooks.com\/ca\/producte\/hbw-and-birdlife-international-illustrated-checklist-of-the-birds-of-the-world-set-of-two-volumes\/\" target=\"_blank\" rel=\"noreferrer noopener\"><em>HBW i BirdLife International Illustrated Checklist of the Birds of the World, Vols. 1 i 2<\/em><\/a>  (del Hoyo, J. &amp; Collar, NJ 2014, 2016), amb diverses actualitzacions.<\/p>\n\n<p><strong>Especificacions t\u00e8cniques:<\/strong><\/p>\n\n<ul class=\"wp-block-list\">\n<li><span class=\"detail\">Idioma:<\/span> angl\u00e8s<\/li>\n\n\n\n<li><span class=\"detail\">Data de publicaci\u00f3:<\/span> juliol de 2017<\/li>\n\n\n\n<li><span class=\"detail\">Format:<\/span> 93,3 x 48 cm desplegat; 24 x 31,5 cm plegat<\/li>\n\n\n\n<li>Paper mat, 115 g\/m2<\/li>\n<\/ul>\n\n<p>Aquest p\u00f2ster gratu\u00eft s&#8217;envia plegat en 6.<\/p>\n\n<figure class=\"wp-block-image\"><img loading=\"lazy\" decoding=\"async\" width=\"780\" height=\"734\" src=\"https:\/\/lynxnaturebooks.com\/wp-content\/uploads\/2016\/12\/poster_zoom.png\" alt=\"\" class=\"wp-image-4957\" srcset=\"https:\/\/lynxnaturebooks.com\/wp-content\/uploads\/2016\/12\/poster_zoom.png 780w, https:\/\/lynxnaturebooks.com\/wp-content\/uploads\/2016\/12\/poster_zoom-510x480.png 510w, https:\/\/lynxnaturebooks.com\/wp-content\/uploads\/2016\/12\/poster_zoom-300x282.png 300w, https:\/\/lynxnaturebooks.com\/wp-content\/uploads\/2016\/12\/poster_zoom-768x723.png 768w\" sizes=\"auto, (max-width: 780px) 100vw, 780px\" \/><\/figure>\n\n<p><strong>Llegenda d&#8217;aquests primers plans:<\/strong><\/p>\n\n<p>184. Locustellidae (Aus herba i aliats) &#8211; 64 spp (\u20201) \u2022 185. Donacobiidae (Donacobius) &#8211; 1 sp \u2022 186. Bernieridae (Tetrakas) &#8211; 11 spp<\/p>\n\n<p>ESTRIGIFORMES: 79. Strigidae (mussols t\u00edpics) &#8211; 225 spp (\u20205) \u2022 80. Tytonidae (mussols) &#8211; 16 spp \u2022 COLIIFORMES: 81. Coliidae (Ocells ratolins) &#8211; 6 spp<span style=\"color: #696969;\"><strong> <\/strong><\/span><\/p>\n","protected":false},"excerpt":{"rendered":"<p>Cartell Ordres i Fam\u00edlies dels Ocells del M\u00f3n Cartell de filog\u00e8nia d&#8217;ocells Imprescindible per entendre la macrosistem\u00e0tica actual de les Classes Aves! Arbre filogen\u00e8tic totalment actualitzat, incorporant els estudis moleculars [&hellip;]<\/p>\n","protected":false},"author":25123,"featured_media":0,"parent":0,"menu_order":0,"comment_status":"closed","ping_status":"closed","template":"","meta":{"footnotes":""},"class_list":["post-5029","page","type-page","status-publish","hentry"],"_links":{"self":[{"href":"https:\/\/lynxnaturebooks.com\/ca\/wp-json\/wp\/v2\/pages\/5029","targetHints":{"allow":["GET"]}}],"collection":[{"href":"https:\/\/lynxnaturebooks.com\/ca\/wp-json\/wp\/v2\/pages"}],"about":[{"href":"https:\/\/lynxnaturebooks.com\/ca\/wp-json\/wp\/v2\/types\/page"}],"author":[{"embeddable":true,"href":"https:\/\/lynxnaturebooks.com\/ca\/wp-json\/wp\/v2\/users\/25123"}],"replies":[{"embeddable":true,"href":"https:\/\/lynxnaturebooks.com\/ca\/wp-json\/wp\/v2\/comments?post=5029"}],"version-history":[{"count":2,"href":"https:\/\/lynxnaturebooks.com\/ca\/wp-json\/wp\/v2\/pages\/5029\/revisions"}],"predecessor-version":[{"id":84815,"href":"https:\/\/lynxnaturebooks.com\/ca\/wp-json\/wp\/v2\/pages\/5029\/revisions\/84815"}],"wp:attachment":[{"href":"https:\/\/lynxnaturebooks.com\/ca\/wp-json\/wp\/v2\/media?parent=5029"}],"curies":[{"name":"wp","href":"https:\/\/api.w.org\/{rel}","templated":true}]}}