{"id":46984,"date":"2021-01-18T08:50:56","date_gmt":"2021-01-18T07:50:56","guid":{"rendered":"https:\/\/www.lynxeds.com\/?page_id=46984"},"modified":"2024-07-16T08:22:42","modified_gmt":"2024-07-16T06:22:42","slug":"abw-per-haring-ibon","status":"publish","type":"page","link":"https:\/\/lynxnaturebooks.com\/ca\/abw-per-haring-ibon\/","title":{"rendered":"ABW de Haring Ibon"},"content":{"rendered":"\n<h2 class=\"wp-block-heading has-text-align-center\">ABW de Haring Ibon<\/h2>\n\n<p class=\"has-text-align-left\"><span lang=\"EN-US\">Moltes gr\u00e0cies als nostres companys de <a href=\"https:\/\/haringibon.com\/\" target=\"_blank\" rel=\"noopener\">Haring Ibon<\/a> per produir aquest fant\u00e0stic <a href=\"https:\/\/www.youtube.com\/watch?v=_BQaPdPBKrk&amp;ab_channel=HaringIbonPH\" target=\"_blank\" rel=\"noopener\">v\u00eddeo promocional<\/a> de <i>Tots els ocells del m\u00f3n<\/i> per a Filipines.<\/span><\/p>\n\n<p class=\"has-text-align-left\"><span lang=\"EN-US\">Alain Pascua, el talent\u00f3s fot\u00f2graf darrere de la foto de portada d&#8217;ABW, ha creat art\u00edsticament un v\u00eddeo que destaca diverses caracter\u00edstiques del llibre, comen\u00e7ant per la magn\u00edfica esp\u00e8cie d&#8217;ocell que adorna la portada: l&#8217;\u00e0guila filipina!<\/span><\/p>\n\n<div style=\"height:25px\" aria-hidden=\"true\" class=\"wp-block-spacer\"><\/div>\n\n<figure class=\"wp-block-embed is-type-video is-provider-youtube wp-block-embed-youtube wp-embed-aspect-16-9 wp-has-aspect-ratio\"><div class=\"wp-block-embed__wrapper\">\n<iframe loading=\"lazy\" title=\"ABW by Haring Ibon\" width=\"500\" height=\"281\" src=\"https:\/\/www.youtube.com\/embed\/u0rBd-v-PkU?feature=oembed\" frameborder=\"0\" allow=\"accelerometer; autoplay; clipboard-write; encrypted-media; gyroscope; picture-in-picture; web-share\" referrerpolicy=\"strict-origin-when-cross-origin\" allowfullscreen><\/iframe>\n<\/div><\/figure>\n","protected":false},"excerpt":{"rendered":"<p>ABW de Haring Ibon Moltes gr\u00e0cies als nostres companys de Haring Ibon per produir aquest fant\u00e0stic v\u00eddeo promocional de Tots els ocells del m\u00f3n per a Filipines. Alain Pascua, el [&hellip;]<\/p>\n","protected":false},"author":25123,"featured_media":0,"parent":0,"menu_order":0,"comment_status":"closed","ping_status":"closed","template":"","meta":{"footnotes":""},"class_list":["post-46984","page","type-page","status-publish","hentry"],"_links":{"self":[{"href":"https:\/\/lynxnaturebooks.com\/ca\/wp-json\/wp\/v2\/pages\/46984","targetHints":{"allow":["GET"]}}],"collection":[{"href":"https:\/\/lynxnaturebooks.com\/ca\/wp-json\/wp\/v2\/pages"}],"about":[{"href":"https:\/\/lynxnaturebooks.com\/ca\/wp-json\/wp\/v2\/types\/page"}],"author":[{"embeddable":true,"href":"https:\/\/lynxnaturebooks.com\/ca\/wp-json\/wp\/v2\/users\/25123"}],"replies":[{"embeddable":true,"href":"https:\/\/lynxnaturebooks.com\/ca\/wp-json\/wp\/v2\/comments?post=46984"}],"version-history":[{"count":2,"href":"https:\/\/lynxnaturebooks.com\/ca\/wp-json\/wp\/v2\/pages\/46984\/revisions"}],"predecessor-version":[{"id":84879,"href":"https:\/\/lynxnaturebooks.com\/ca\/wp-json\/wp\/v2\/pages\/46984\/revisions\/84879"}],"wp:attachment":[{"href":"https:\/\/lynxnaturebooks.com\/ca\/wp-json\/wp\/v2\/media?parent=46984"}],"curies":[{"name":"wp","href":"https:\/\/api.w.org\/{rel}","templated":true}]}}