{"id":3323,"date":"2018-08-30T12:57:43","date_gmt":"2018-08-30T10:57:43","guid":{"rendered":"https:\/\/www.lynxeds.com\/?page_id=3323"},"modified":"2024-07-16T08:27:50","modified_gmt":"2024-07-16T06:27:50","slug":"drets","status":"publish","type":"page","link":"https:\/\/lynxnaturebooks.com\/ca\/drets\/","title":{"rendered":"Drets"},"content":{"rendered":"\n<h1 class=\"wp-block-heading\">Drets<\/h1>\n\n<p>Benvinguts a la secci\u00f3 de Drets en l\u00ednia de Lynx Edicions. Aqu\u00ed podeu estar al dia de les \u00faltimes not\u00edcies sobre drets dels nostres llibres i il\u00b7lustracions<\/p>\n\n<ul class=\"wp-block-list\">\n<li><a href=\"https:\/\/lynxnaturebooks.com\/book-rights\/\"><\/a><a href=\"https:\/\/lynxnaturebooks.com\/book-rights\/\">Llibres<\/a><\/li>\n\n\n\n<li><a href=\"https:\/\/lynxnaturebooks.com\/ca\/drets-illustracions\/\"><\/a><a href=\"https:\/\/lynxnaturebooks.com\/ca\/drets-illustracions\/\">Il\u00b7lustracions<\/a><\/li>\n<\/ul>\n","protected":false},"excerpt":{"rendered":"<p>Drets Benvinguts a la secci\u00f3 de Drets en l\u00ednia de Lynx Edicions. Aqu\u00ed podeu estar al dia de les \u00faltimes not\u00edcies sobre drets dels nostres llibres i il\u00b7lustracions<\/p>\n","protected":false},"author":25123,"featured_media":0,"parent":0,"menu_order":0,"comment_status":"closed","ping_status":"closed","template":"","meta":{"footnotes":""},"class_list":["post-3323","page","type-page","status-publish","hentry"],"_links":{"self":[{"href":"https:\/\/lynxnaturebooks.com\/ca\/wp-json\/wp\/v2\/pages\/3323","targetHints":{"allow":["GET"]}}],"collection":[{"href":"https:\/\/lynxnaturebooks.com\/ca\/wp-json\/wp\/v2\/pages"}],"about":[{"href":"https:\/\/lynxnaturebooks.com\/ca\/wp-json\/wp\/v2\/types\/page"}],"author":[{"embeddable":true,"href":"https:\/\/lynxnaturebooks.com\/ca\/wp-json\/wp\/v2\/users\/25123"}],"replies":[{"embeddable":true,"href":"https:\/\/lynxnaturebooks.com\/ca\/wp-json\/wp\/v2\/comments?post=3323"}],"version-history":[{"count":2,"href":"https:\/\/lynxnaturebooks.com\/ca\/wp-json\/wp\/v2\/pages\/3323\/revisions"}],"predecessor-version":[{"id":85053,"href":"https:\/\/lynxnaturebooks.com\/ca\/wp-json\/wp\/v2\/pages\/3323\/revisions\/85053"}],"wp:attachment":[{"href":"https:\/\/lynxnaturebooks.com\/ca\/wp-json\/wp\/v2\/media?parent=3323"}],"curies":[{"name":"wp","href":"https:\/\/api.w.org\/{rel}","templated":true}]}}