{"id":3309,"date":"2018-08-30T12:38:54","date_gmt":"2018-08-30T10:38:54","guid":{"rendered":"https:\/\/www.lynxeds.com\/?page_id=3309"},"modified":"2024-10-10T07:48:31","modified_gmt":"2024-10-10T05:48:31","slug":"drets-illustracions","status":"publish","type":"page","link":"https:\/\/lynxnaturebooks.com\/ca\/drets-illustracions\/","title":{"rendered":"Drets d&#8217;il\u00b7lustraci\u00f3"},"content":{"rendered":"\n<h1 class=\"wp-block-heading\">Drets d&#8217;il\u00b7lustraci\u00f3<\/h1>\n\n\n\n<h4 class=\"wp-block-heading\">Il\u00b7lustracions del <em>Manual dels mam\u00edfers del m\u00f3n<\/em><\/h4>\n\n\n\n<p><strong>L&#8217;autoritzaci\u00f3 de reproducci\u00f3 s&#8217;ofereix amb les condicions seg\u00fcents:<\/strong><\/p>\n\n\n\n<p>1. El perm\u00eds es concedeix per a <strong>un \u00fas \u00fanic nom\u00e9s per a la finalitat espec\u00edfica indicada<\/strong> ; i les il\u00b7lustracions no es poden reproduir per separat d&#8217;aquest contingut.<\/p>\n\n\n\n<p>Els drets de reproducci\u00f3 atorgats s\u00f3n personals del client i no poden ser cedits a tercers. No donem perm\u00eds per publicar les nostres il\u00b7lustracions sota una llic\u00e8ncia Creative Commons d&#8217;acc\u00e9s obert.<\/p>\n\n\n\n<p>Qualsevol reproducci\u00f3 addicional (incloses les reimpressions) requerir\u00e0 una nova sol\u00b7licitud, perm\u00eds per escrit de nx Edicions i una tarifa addicional.<\/p>\n\n\n\n<p>2. No es poden fer modificacions, canvis o alteracions a les il\u00b7lustracions ni a cap part d&#8217;aquestes sense el consentiment previ per escrit de Lynx Nature Books. Nom\u00e9s es pot modificar l&#8217;escala.<\/p>\n\n\n\n<p>3. La l\u00ednia de cr\u00e8dit completa ha d&#8217;apar\u00e8ixer exactament tal com especifica Lynx Edicions. S&#8217;ha d&#8217;ubicar a proximitat immediata de la reproducci\u00f3 de la(s) il\u00b7lustraci\u00f3(s); no nom\u00e9s en les seccions d&#8217;agra\u00efments o citacions.<\/p>\n\n\n\n<ul class=\"wp-block-list\">\n<li>En el cas d&#8217;impresos, \u00e9s preferible que el cr\u00e8dit aparegui a la mateixa p\u00e0gina o al davant de la il\u00b7lustraci\u00f3.<\/li>\n\n\n\n<li>Amb les pel\u00b7l\u00edcules i les tires de pel\u00b7l\u00edcula, \u00e9s preferible que el cr\u00e8dit aparegui amb les altres &#8220;Fonts d&#8217;il\u00b7lustracions&#8221;.<\/li>\n\n\n\n<li>Amb exposicions i exposicions p\u00fabliques, \u00e9s preferible que el cr\u00e8dit aparegui dins de la zona d&#8217;exposici\u00f3\/exposici\u00f3.<\/li>\n<\/ul>\n\n\n\n<p>4. Lynx Nature Books es reserva el dret de denegar l&#8217;\u00fas de les il\u00b7lustracions de la seva col\u00b7lecci\u00f3 a qualsevol sol\u00b7licitant.<\/p>\n\n\n\n<p>5. No es concedir\u00e0 l&#8217;autoritzaci\u00f3 fins que no s&#8217;hagi pagat la taxa requerida.<\/p>\n\n\n\n<p>6. Un cop publicat el material, s&#8217;hauran d&#8217;enviar a Lynx Nature Books dos (2) exemplars del llibre on apareix la il\u00b7lustraci\u00f3(es). Si la reproducci\u00f3 apareix en qualsevol altre tipus de format (p. ex. p\u00f2ster cient\u00edfic o paper), n&#8217;hi ha prou amb un enlla\u00e7 o fitxer PDF de la p\u00e0gina o p\u00e0gines.<\/p>\n\n\n\n<p>Alada Books, SL<br>A l&#8217;atenci\u00f3 de: Autoritzacions d&#8217;il\u00b7lustraci\u00f3<br>Tamarit, 144\u2013146, Entl. 1B<br>E-08015 Barcelona<br><a href=\"mailto:lynx@lynxnaturebooks.com\">lynx@lynxnaturebooks.com<\/a><\/p>\n\n\n\n<p>Un cop enviada i pagada la teva comanda, t&#8217;enviarem els fitxers d&#8217;il\u00b7lustraci\u00f3 en els seg\u00fcents 7 dies h\u00e0bils.<\/p>\n","protected":false},"excerpt":{"rendered":"<p>Drets d&#8217;il\u00b7lustraci\u00f3 Il\u00b7lustracions del Manual dels mam\u00edfers del m\u00f3n L&#8217;autoritzaci\u00f3 de reproducci\u00f3 s&#8217;ofereix amb les condicions seg\u00fcents: 1. El perm\u00eds es concedeix per a un \u00fas \u00fanic nom\u00e9s per a [&hellip;]<\/p>\n","protected":false},"author":25123,"featured_media":0,"parent":0,"menu_order":0,"comment_status":"closed","ping_status":"closed","template":"","meta":{"footnotes":""},"class_list":["post-3309","page","type-page","status-publish","hentry"],"_links":{"self":[{"href":"https:\/\/lynxnaturebooks.com\/ca\/wp-json\/wp\/v2\/pages\/3309","targetHints":{"allow":["GET"]}}],"collection":[{"href":"https:\/\/lynxnaturebooks.com\/ca\/wp-json\/wp\/v2\/pages"}],"about":[{"href":"https:\/\/lynxnaturebooks.com\/ca\/wp-json\/wp\/v2\/types\/page"}],"author":[{"embeddable":true,"href":"https:\/\/lynxnaturebooks.com\/ca\/wp-json\/wp\/v2\/users\/25123"}],"replies":[{"embeddable":true,"href":"https:\/\/lynxnaturebooks.com\/ca\/wp-json\/wp\/v2\/comments?post=3309"}],"version-history":[{"count":5,"href":"https:\/\/lynxnaturebooks.com\/ca\/wp-json\/wp\/v2\/pages\/3309\/revisions"}],"predecessor-version":[{"id":90879,"href":"https:\/\/lynxnaturebooks.com\/ca\/wp-json\/wp\/v2\/pages\/3309\/revisions\/90879"}],"wp:attachment":[{"href":"https:\/\/lynxnaturebooks.com\/ca\/wp-json\/wp\/v2\/media?parent=3309"}],"curies":[{"name":"wp","href":"https:\/\/api.w.org\/{rel}","templated":true}]}}