{"id":16322,"date":"2020-05-18T16:17:01","date_gmt":"2020-05-18T14:17:01","guid":{"rendered":"https:\/\/www.lynxeds.com\/?page_id=16322"},"modified":"2024-07-16T08:22:10","modified_gmt":"2024-07-16T06:22:10","slug":"all-the-birds-of-the-world-tots-els-ocells-del-mon","status":"publish","type":"page","link":"https:\/\/lynxnaturebooks.com\/ca\/all-the-birds-of-the-world-tots-els-ocells-del-mon\/","title":{"rendered":"Totes les aus del m\u00f3n destacades"},"content":{"rendered":"\n<div class=\"wp-block-columns are-vertically-aligned-center max-width is-layout-flex wp-container-core-columns-is-layout-9d6595d7 wp-block-columns-is-layout-flex\">\n<div class=\"wp-block-column is-vertically-aligned-center is-layout-flow wp-block-column-is-layout-flow\">\n<h1 class=\"wp-block-heading\"><strong>Un llibre,<br\/>Tots els ocells<\/strong><\/h1>\n\n\n\n<p>Abellerols, garses, picots, tanguers, martins pescadors, ocells del parad\u00eds, orenetes, colibr\u00eds&#8230; Escolliu qualsevol fam\u00edlia d&#8217;ocells i admira i compara tots els seus membres que viuen a tot el m\u00f3n.<a href=\"https:\/\/www.lynxeds.com\/product\/all-the-birds-of-the-world\/\" target=\"_blank\" rel=\"noopener\"> <\/a><\/p>\n\n\n\n<p class=\"button-link button-400\"><a href=\"https:\/\/www.lynxeds.com\/product\/all-the-birds-of-the-world\/\" target=\"_blank\" rel=\"noopener\"><\/a><a href=\"https:\/\/www.lynxeds.com\/product\/all-the-birds-of-the-world\/\" target=\"_blank\" rel=\"noopener\">COMPRA ARA<\/a><\/p>\n\n\n\n<p class=\"button-link button-400\"><a href=\"https:\/\/www.lynxeds.com\/all-the-birds-of-the-world-mentions\/\" target=\"_blank\" rel=\"noopener\"><\/a><a href=\"https:\/\/www.lynxeds.com\/all-the-birds-of-the-world-mentions\/\" target=\"_blank\" rel=\"noopener\">Vegeu les primeres reaccions dels lectors<\/a><\/p>\n\n\n\n<p class=\"button-link button-400\"><a href=\"https:\/\/www.lynxeds.com\/all-the-birds-of-the-world-virtual-birdfair-2020\/\" target=\"_blank\" rel=\"noopener\"><\/a><a href=\"https:\/\/www.lynxeds.com\/all-the-birds-of-the-world-virtual-birdfair-2020\/\" target=\"_blank\" rel=\"noopener\">Veure v\u00eddeo de presentaci\u00f3<\/a><\/p>\n\n\n\n<p class=\"button-link button-400\"><a href=\"https:\/\/www.lynxeds.com\/abw-haring-ibon\/\" target=\"_blank\" rel=\"noopener\"><\/a><a href=\"https:\/\/www.lynxeds.com\/abw-haring-ibon\/\" target=\"_blank\" rel=\"noopener\">Veure v\u00eddeo promocional<\/a><\/p>\n<\/div>\n\n\n\n<div class=\"wp-block-column is-vertically-aligned-center is-layout-flow wp-block-column-is-layout-flow\">\n<figure class=\"wp-block-image size-full\"><img decoding=\"async\" src=\"https:\/\/lynxnaturebooks.com\/wp-content\/uploads\/2024\/06\/All_the_Birds_of_the_World_cover_transp.webp\" alt=\"\" class=\"wp-image-83320\"\/><\/figure>\n<\/div>\n<\/div>\n\n<div style=\"height:27px\" aria-hidden=\"true\" class=\"wp-block-spacer\"><\/div>\n\n<p class=\"has-text-align-center has-medium-font-size\">Per primera vegada, podeu contemplar <em>Tots els ocells del m\u00f3n<\/em> junts en un sol volum f\u00e0cil d&#8217;utilitzar i totalment il\u00b7lustrat. Creat per a un p\u00fablic ampli, des d&#8217;observadors d&#8217;ocells novells fins a ornit\u00f2legs experts i qualsevol persona interessada en l&#8217;espectacular diversitat d&#8217;ocells, aquest llibre t\u00e9 alguna cosa per a tothom.<\/p>\n\n<p class=\"has-text-align-center has-medium-font-size\">Permeteu-vos guiar-vos a trav\u00e9s dels elements m\u00e9s notables d&#8217;aquest llibre \u00fanic:<\/p>\n\n<figure class=\"wp-block-image size-large\"><img decoding=\"async\" src=\"https:\/\/lynxnaturebooks.com\/wp-content\/uploads\/2024\/06\/ABW-152_web-793x1024.jpg\" alt=\"\" class=\"wp-image-83324\"\/><\/figure>\n\n<p class=\"has-text-align-center has-large-font-size\">Presenta totes les formes acceptades com a esp\u00e8cie per qualsevol de les quatre llistes mundials principals: 11.542 en total<\/p>\n\n<figure class=\"wp-block-image size-large\"><img decoding=\"async\" src=\"https:\/\/lynxnaturebooks.com\/wp-content\/uploads\/2024\/06\/ABW-150-full-page-sample-scaled-1-793x1024.jpg\" alt=\"\" class=\"wp-image-83328\"\/><\/figure>\n\n<h2 class=\"wp-block-heading has-text-align-center\">Tots els ocells del m\u00f3n &#8211; m\u00e9s destacats<\/h2>\n\n<div class=\"wp-block-group gallery-slider max-width-wide\"><div class=\"wp-block-group__inner-container is-layout-constrained wp-block-group-is-layout-constrained\">\n<figure class=\"wp-block-gallery has-nested-images columns-4 is-cropped wp-block-gallery-1 is-layout-flex wp-block-gallery-is-layout-flex\">\n<figure class=\"wp-block-image size-large\"><img decoding=\"async\" data-id=\"83392\" src=\"https:\/\/lynxnaturebooks.com\/wp-content\/uploads\/2024\/06\/ABW-453-iucn-status-1-1024x614.jpg\" alt=\"\" class=\"wp-image-83392\"\/><\/figure>\n\n\n\n<figure class=\"wp-block-image size-large\"><img decoding=\"async\" data-id=\"83400\" src=\"https:\/\/lynxnaturebooks.com\/wp-content\/uploads\/2024\/06\/ABW-315-country-endemic-1024x584.jpg\" alt=\"\" class=\"wp-image-83400\"\/><\/figure>\n\n\n\n<figure class=\"wp-block-image size-large\"><img decoding=\"async\" data-id=\"83396\" src=\"https:\/\/lynxnaturebooks.com\/wp-content\/uploads\/2024\/06\/ABW-272-dist-maps-1024x597.jpg\" alt=\"\" class=\"wp-image-83396\"\/><\/figure>\n\n\n\n<figure class=\"wp-block-image size-large\"><img decoding=\"async\" data-id=\"83404\" src=\"https:\/\/lynxnaturebooks.com\/wp-content\/uploads\/2024\/06\/ABW-288-sexual-dimo-1024x572.jpg\" alt=\"\" class=\"wp-image-83404\"\/><\/figure>\n\n\n\n<figure class=\"wp-block-image size-large\"><img decoding=\"async\" data-id=\"83412\" src=\"https:\/\/lynxnaturebooks.com\/wp-content\/uploads\/2024\/06\/ABW-600-alt-range-1024x583.jpg\" alt=\"\" class=\"wp-image-83412\"\/><\/figure>\n\n\n\n<figure class=\"wp-block-image size-large\"><img decoding=\"async\" data-id=\"83416\" src=\"https:\/\/lynxnaturebooks.com\/wp-content\/uploads\/2024\/06\/ABW-083-genus-lines-1.jpg\" alt=\"\" class=\"wp-image-83416\"\/><\/figure>\n\n\n\n<figure class=\"wp-block-image size-large\"><img decoding=\"async\" data-id=\"83420\" src=\"https:\/\/lynxnaturebooks.com\/wp-content\/uploads\/2024\/06\/ABW-794-genus_lines-1024x640.jpg\" alt=\"\" class=\"wp-image-83420\"\/><\/figure>\n\n\n\n<figure class=\"wp-block-image size-large\"><img decoding=\"async\" data-id=\"83424\" src=\"https:\/\/lynxnaturebooks.com\/wp-content\/uploads\/2024\/06\/ABW-722-fam-header-1024x597.jpg\" alt=\"\" class=\"wp-image-83424\"\/><\/figure>\n\n\n\n<figure class=\"wp-block-image size-large\"><img decoding=\"async\" data-id=\"83428\" src=\"https:\/\/lynxnaturebooks.com\/wp-content\/uploads\/2024\/06\/ABW-141-order-header-1024x514.jpg\" alt=\"\" class=\"wp-image-83428\"\/><\/figure>\n\n\n\n<figure class=\"wp-block-image size-large\"><img decoding=\"async\" data-id=\"83432\" src=\"https:\/\/lynxnaturebooks.com\/wp-content\/uploads\/2024\/06\/ABW-207_genux_box-1024x649.jpg\" alt=\"\" class=\"wp-image-83432\"\/><\/figure>\n\n\n\n<figure class=\"wp-block-image size-large\"><img decoding=\"async\" data-id=\"83436\" src=\"https:\/\/lynxnaturebooks.com\/wp-content\/uploads\/2024\/06\/ABW-344-add-range-1024x596.jpg\" alt=\"\" class=\"wp-image-83436\"\/><\/figure>\n\n\n\n<figure class=\"wp-block-image size-large\"><img decoding=\"async\" data-id=\"83440\" src=\"https:\/\/lynxnaturebooks.com\/wp-content\/uploads\/2024\/06\/ABW-264-checkboxes-1024x615.jpg\" alt=\"\" class=\"wp-image-83440\"\/><\/figure>\n\n\n\n<figure class=\"wp-block-image size-large\"><img loading=\"lazy\" decoding=\"async\" width=\"1024\" height=\"632\" data-id=\"83444\" src=\"https:\/\/lynxnaturebooks.com\/wp-content\/uploads\/2024\/06\/ABW-451-qr-codes-1024x632.jpg\" alt=\"\" class=\"wp-image-83444\" srcset=\"https:\/\/lynxnaturebooks.com\/wp-content\/uploads\/2024\/06\/ABW-451-qr-codes-1024x632.jpg 1024w, https:\/\/lynxnaturebooks.com\/wp-content\/uploads\/2024\/06\/ABW-451-qr-codes-900x556.jpg 900w, https:\/\/lynxnaturebooks.com\/wp-content\/uploads\/2024\/06\/ABW-451-qr-codes-300x185.jpg 300w, https:\/\/lynxnaturebooks.com\/wp-content\/uploads\/2024\/06\/ABW-451-qr-codes-768x474.jpg 768w, https:\/\/lynxnaturebooks.com\/wp-content\/uploads\/2024\/06\/ABW-451-qr-codes.jpg 1200w\" sizes=\"auto, (max-width: 1024px) 100vw, 1024px\" \/><\/figure>\n\n\n\n<figure class=\"wp-block-image size-large\"><img loading=\"lazy\" decoding=\"async\" width=\"1024\" height=\"815\" data-id=\"83448\" src=\"https:\/\/lynxnaturebooks.com\/wp-content\/uploads\/2024\/06\/ABW-263-names-ebird-1-1024x815.jpg\" alt=\"\" class=\"wp-image-83448\" srcset=\"https:\/\/lynxnaturebooks.com\/wp-content\/uploads\/2024\/06\/ABW-263-names-ebird-1-1024x815.jpg 1024w, https:\/\/lynxnaturebooks.com\/wp-content\/uploads\/2024\/06\/ABW-263-names-ebird-1-900x716.jpg 900w, https:\/\/lynxnaturebooks.com\/wp-content\/uploads\/2024\/06\/ABW-263-names-ebird-1-300x239.jpg 300w, https:\/\/lynxnaturebooks.com\/wp-content\/uploads\/2024\/06\/ABW-263-names-ebird-1-768x611.jpg 768w, https:\/\/lynxnaturebooks.com\/wp-content\/uploads\/2024\/06\/ABW-263-names-ebird-1.jpg 1200w\" sizes=\"auto, (max-width: 1024px) 100vw, 1024px\" \/><\/figure>\n\n\n\n<figure class=\"wp-block-image size-large\"><img loading=\"lazy\" decoding=\"async\" width=\"1024\" height=\"597\" data-id=\"83452\" src=\"https:\/\/lynxnaturebooks.com\/wp-content\/uploads\/2024\/06\/ABW-742-geog-variation-1-1024x597.jpg\" alt=\"\" class=\"wp-image-83452\" srcset=\"https:\/\/lynxnaturebooks.com\/wp-content\/uploads\/2024\/06\/ABW-742-geog-variation-1-1024x597.jpg 1024w, https:\/\/lynxnaturebooks.com\/wp-content\/uploads\/2024\/06\/ABW-742-geog-variation-1-900x525.jpg 900w, https:\/\/lynxnaturebooks.com\/wp-content\/uploads\/2024\/06\/ABW-742-geog-variation-1-300x175.jpg 300w, https:\/\/lynxnaturebooks.com\/wp-content\/uploads\/2024\/06\/ABW-742-geog-variation-1-768x448.jpg 768w, https:\/\/lynxnaturebooks.com\/wp-content\/uploads\/2024\/06\/ABW-742-geog-variation-1.jpg 1200w\" sizes=\"auto, (max-width: 1024px) 100vw, 1024px\" \/><\/figure>\n\n\n\n<figure class=\"wp-block-image size-large\"><img loading=\"lazy\" decoding=\"async\" width=\"1024\" height=\"679\" data-id=\"83456\" src=\"https:\/\/lynxnaturebooks.com\/wp-content\/uploads\/2024\/06\/ABW-273_country_codes-1024x679.jpg\" alt=\"\" class=\"wp-image-83456\" srcset=\"https:\/\/lynxnaturebooks.com\/wp-content\/uploads\/2024\/06\/ABW-273_country_codes-1024x679.jpg 1024w, https:\/\/lynxnaturebooks.com\/wp-content\/uploads\/2024\/06\/ABW-273_country_codes-900x597.jpg 900w, https:\/\/lynxnaturebooks.com\/wp-content\/uploads\/2024\/06\/ABW-273_country_codes-300x199.jpg 300w, https:\/\/lynxnaturebooks.com\/wp-content\/uploads\/2024\/06\/ABW-273_country_codes-768x509.jpg 768w, https:\/\/lynxnaturebooks.com\/wp-content\/uploads\/2024\/06\/ABW-273_country_codes.jpg 1200w\" sizes=\"auto, (max-width: 1024px) 100vw, 1024px\" \/><\/figure>\n\n\n\n<figure class=\"wp-block-image size-large\"><img loading=\"lazy\" decoding=\"async\" width=\"1024\" height=\"659\" data-id=\"83460\" src=\"https:\/\/lynxnaturebooks.com\/wp-content\/uploads\/2024\/06\/ABW-355-tax-circle-1-1024x659.jpg\" alt=\"\" class=\"wp-image-83460\" srcset=\"https:\/\/lynxnaturebooks.com\/wp-content\/uploads\/2024\/06\/ABW-355-tax-circle-1-1024x659.jpg 1024w, https:\/\/lynxnaturebooks.com\/wp-content\/uploads\/2024\/06\/ABW-355-tax-circle-1-900x579.jpg 900w, https:\/\/lynxnaturebooks.com\/wp-content\/uploads\/2024\/06\/ABW-355-tax-circle-1-300x193.jpg 300w, https:\/\/lynxnaturebooks.com\/wp-content\/uploads\/2024\/06\/ABW-355-tax-circle-1-768x494.jpg 768w, https:\/\/lynxnaturebooks.com\/wp-content\/uploads\/2024\/06\/ABW-355-tax-circle-1.jpg 1200w\" sizes=\"auto, (max-width: 1024px) 100vw, 1024px\" \/><\/figure>\n<\/figure>\n<\/div><\/div>\n\n<h2 class=\"wp-block-heading has-text-align-center\">Detalls t\u00e8cnics<\/h2>\n\n<div class=\"wp-block-columns are-vertically-aligned-center is-layout-flex wp-container-core-columns-is-layout-9d6595d7 wp-block-columns-is-layout-flex\">\n<div class=\"wp-block-column is-vertically-aligned-center is-layout-flow wp-block-column-is-layout-flow\">\n<figure class=\"wp-block-table\"><table><tbody><tr><th>Pes<\/th><td>4,8 kg<\/td><\/tr><tr><th>Dimensions<\/th><td>24 \u00d7 31 cm<\/td><\/tr><tr><th>Idioma<\/th><td>Angl\u00e8s<\/td><\/tr><tr><th>Format<\/th><td>Tapa dura amb sobrecuberta<\/td><\/tr><tr><th>P\u00e0gines<\/th><td>968<\/td><\/tr><tr><th>ISBN<\/th><td>978-84-16728-37-4<\/td><\/tr><tr><th>Editat per<\/th><td>Josep del Hoyo<\/td><\/tr><tr><th>Publicat per<\/th><td>Lynx Edicions<\/td><\/tr><tr><th>Data de publicaci\u00f3<\/th><td>Agost 2020<\/td><\/tr><\/tbody><\/table><\/figure>\n<\/div>\n\n\n\n<div class=\"wp-block-column is-vertically-aligned-center is-layout-flow wp-block-column-is-layout-flow\">\n<figure class=\"wp-block-image size-full\"><img loading=\"lazy\" decoding=\"async\" width=\"300\" height=\"340\" src=\"https:\/\/lynxnaturebooks.com\/wp-content\/uploads\/2024\/06\/ABW_size_weight.webp\" alt=\"\" class=\"wp-image-83332\" srcset=\"https:\/\/lynxnaturebooks.com\/wp-content\/uploads\/2024\/06\/ABW_size_weight.webp 300w, https:\/\/lynxnaturebooks.com\/wp-content\/uploads\/2024\/06\/ABW_size_weight-265x300.webp 265w\" sizes=\"auto, (max-width: 300px) 100vw, 300px\" \/><\/figure>\n<\/div>\n<\/div>\n\n<figure class=\"wp-block-image size-large\"><img loading=\"lazy\" decoding=\"async\" width=\"792\" height=\"1024\" src=\"https:\/\/lynxnaturebooks.com\/wp-content\/uploads\/2024\/06\/ABW-231-full-page-sample-big-scaled-1-792x1024.jpg\" alt=\"\" class=\"wp-image-83337\" srcset=\"https:\/\/lynxnaturebooks.com\/wp-content\/uploads\/2024\/06\/ABW-231-full-page-sample-big-scaled-1-792x1024.jpg 792w, https:\/\/lynxnaturebooks.com\/wp-content\/uploads\/2024\/06\/ABW-231-full-page-sample-big-scaled-1-900x1164.jpg 900w, https:\/\/lynxnaturebooks.com\/wp-content\/uploads\/2024\/06\/ABW-231-full-page-sample-big-scaled-1-232x300.jpg 232w, https:\/\/lynxnaturebooks.com\/wp-content\/uploads\/2024\/06\/ABW-231-full-page-sample-big-scaled-1-768x993.jpg 768w, https:\/\/lynxnaturebooks.com\/wp-content\/uploads\/2024\/06\/ABW-231-full-page-sample-big-scaled-1-1188x1536.jpg 1188w, https:\/\/lynxnaturebooks.com\/wp-content\/uploads\/2024\/06\/ABW-231-full-page-sample-big-scaled-1.jpg 1485w\" sizes=\"auto, (max-width: 792px) 100vw, 792px\" \/><\/figure>\n\n<h2 class=\"wp-block-heading has-text-align-center\">Preguntes freq\u00fcents<\/h2>\n\n<div style=\"height:17px\" aria-hidden=\"true\" class=\"wp-block-spacer\"><\/div>\n\n<div class=\"wp-block-group faq max-width\"><div class=\"wp-block-group__inner-container is-layout-constrained wp-block-group-is-layout-constrained\">\n<p class=\"faq-q has-medium-font-size\">Quines difer\u00e8ncies hi ha entre Tots els ocells del m\u00f3n i la llista il\u00b7lustrada dels ocells del m\u00f3n?<\/p>\n\n\n\n<div class=\"wp-block-group faq-a\"><div class=\"wp-block-group__inner-container is-layout-constrained wp-block-group-is-layout-constrained\">\n<p><em>Tots els ocells del m\u00f3n<\/em> t\u00e9 dos antecedents clars, amb els quals comparteix molts dels seus objectius, especialment el de difondre i promoure l&#8217;inter\u00e8s pels ocells arreu del m\u00f3n: la s\u00e8rie <em>Handbook of the Birds of the World<\/em> en 17 volums, la primera obra impresa que inclou tots els ocells del m\u00f3n; i la HBW i BirdLife International <em>Illustrated Checklist of the Birds of the World<\/em> en dos volums, que ofereix una revisi\u00f3 taxon\u00f2mica profunda de la publicaci\u00f3 anterior.  <em>Tots els ocells del m\u00f3n<\/em> en un sol volum, pret\u00e9n acostar l&#8217;extraordin\u00e0ria riquesa i diversitat de l&#8217;avifauna del m\u00f3n a un p\u00fablic m\u00e9s ampli.<\/p>\n\n\n\n<p>Tanmateix, hi ha una s\u00e8rie de difer\u00e8ncies entre <em>Tots els ocells del m\u00f3n<\/em> i la <em>llista de verificaci\u00f3 il\u00b7lustrada<\/em> en dos volums. Una \u00f2bvia \u00e9s que el llibre actual \u00e9s un sol volum i el seu preu \u00e9s inferior a la quarta part del del conjunt de Checklist. Esperem que sigui m\u00e9s accessible per a moltes m\u00e9s persones per a les quals la llista de verificaci\u00f3 potser era massa t\u00e8cnica i no tan assequible. A m\u00e9s, els lectors m\u00e9s experts trobaran que aquest nou treball inclou novetats interessants no trobades en els treballs anteriors, en particular la comparaci\u00f3 del tractament taxon\u00f2mic donat a cada formulari per les quatre grans llistes de control mundials.<\/p>\n\n\n\n<p>En resum, per primera vegada, el lector pot contemplar totes les esp\u00e8cies d&#8217;ocells del m\u00f3n juntes en un sol volum, f\u00e0cil d&#8217;utilitzar, totalment il\u00b7lustrat, i a un preu molt m\u00e9s baix que fins i tot un volum de les altres obres que cobreixen els ocells del m\u00f3n. Esperem que aquest nou llibre arribi a un gran nombre de persones, estimulant i desenvolupant el seu inter\u00e8s pels ocells, i que per a molts d&#8217;ells sigui un primer pas cap a la passi\u00f3 per la conservaci\u00f3 de la natura, la biodiversitat i el nostre planeta.<\/p>\n<\/div><\/div>\n<\/div><\/div>\n\n<div class=\"wp-block-group faq max-width\"><div class=\"wp-block-group__inner-container is-layout-constrained wp-block-group-is-layout-constrained\">\n<p class=\"faq-q has-medium-font-size\">Necessito aquest llibre si ja tinc la llista il\u00b7lustrada dels ocells del m\u00f3n?<\/p>\n\n\n\n<div class=\"wp-block-group faq-a\"><div class=\"wp-block-group__inner-container is-layout-constrained wp-block-group-is-layout-constrained\">\n<p><em>Tots els ocells del m\u00f3n<\/em> t\u00e9 una s\u00e8rie de caracter\u00edstiques interessants que no es troben a la <em>llista il\u00b7lustrada de HBW i BirdLife International de les aus del m\u00f3n<\/em> . Una \u00e9s que presenta una comparaci\u00f3 esp\u00e8cie per esp\u00e8cie del tractament taxon\u00f2mic per part de les quatre grans llistes de verificaci\u00f3 mundials que classifiquen totes les aus del m\u00f3n: les de HBW i BirdLife, eBird\/Clements, el COI i Howard i Moore. Creiem que aquesta comparaci\u00f3 visual senzilla ser\u00e0 \u00fatil per als lectors interessats en temes taxon\u00f2mics, i tamb\u00e9 esperem que serveixi com a eina per avan\u00e7ar en el proc\u00e9s en curs de conciliaci\u00f3 de les diferents taxonomies en una llista unificada. Aquesta unificaci\u00f3 tindria avantatges importants per a tothom que necessiti una llista s\u00f2lida d&#8217;ocells, no nom\u00e9s ornit\u00f2legs i observadors d&#8217;aus, sin\u00f3 tamb\u00e9 governs, gestors de vida salvatge, ecologistes, conservacionistes i molts altres. <em>Tots els ocells del m\u00f3n<\/em> inclou tots els t\u00e0xons acceptats com a esp\u00e8cies per qualsevol d&#8217;aquestes quatre grans llistes mundials, aix\u00ed arribem al total d&#8217;11.524 esp\u00e8cies cobertes.<\/p>\n\n\n\n<p>Una altra caracter\u00edstica innovadora del llibre \u00e9s la incorporaci\u00f3 de codis QR per a totes les m\u00e9s d&#8217;11.000 esp\u00e8cies vives que inclou el llibre. Aix\u00ed, mentre navegueu pel llibre, tingueu el vostre tel\u00e8fon intel\u00b7ligent a m\u00e0 i tingueu acc\u00e9s instantani als recursos en l\u00ednia del Cornell Lab of Ornithology: els seus projectes eBird i Macaulay Library. Visualitza fotos i v\u00eddeos i escolta l&#8217;esp\u00e8cie en q\u00fcesti\u00f3 amb un sol clic. En molts casos trobareu que hi ha centenars de registres audiovisuals per a una sola esp\u00e8cie.<\/p>\n\n\n\n<p>Cada esp\u00e8cie t\u00e9 el seu nom cient\u00edfic i angl\u00e8s a la llista, aix\u00ed com noms alternatius que siguin \u00fatils, inclosos tots els utilitzats per eBird, que reflecteixen la gran import\u00e0ncia d&#8217;aquest projecte i el gran i creixent nombre dels seus participants.<\/p>\n\n\n\n<p>A m\u00e9s d&#8217;una Introducci\u00f3 detallada que explica com utilitzar el llibre i tamb\u00e9 ofereix una visi\u00f3 general de les llistes de control mundials les dades de les quals s&#8217;han incl\u00f2s, tamb\u00e9 hi ha cinc ap\u00e8ndixs amb informaci\u00f3 que creiem que molts lectors trobaran interessants. Un d&#8217;ells tracta de les m\u00e9s de 160 esp\u00e8cies que se sap que s&#8217;han extingit des de l&#8217;any 1500, mentre que un altre explica casos seleccionats de difer\u00e8ncies de nomenclatura entre les llistes mundials. Un atles mundial de 37 p\u00e0gines de mapes de refer\u00e8ncia en color ofereix una gran quantitat de detalls rellevants d&#8217;inter\u00e8s per als observadors d&#8217;ocells i ornit\u00f2legs.<\/p>\n<\/div><\/div>\n<\/div><\/div>\n\n<div class=\"wp-block-group faq max-width\"><div class=\"wp-block-group__inner-container is-layout-constrained wp-block-group-is-layout-constrained\">\n<p class=\"faq-q has-medium-font-size\">Realment il\u00b7lustra totes les esp\u00e8cies d&#8217;ocells del m\u00f3n?<\/p>\n\n\n\n<div class=\"wp-block-group faq-a\"><div class=\"wp-block-group__inner-container is-layout-constrained wp-block-group-is-layout-constrained\">\n<p>S\u00ed, inclou i il\u00b7lustra totes les esp\u00e8cies existents, descrites cient\u00edficament, acceptades per almenys una de les quatre llistes mundials, \u00e9s a dir, 11.362 esp\u00e8cies. Tamb\u00e9 hi ha un ap\u00e8ndix que recull aquelles esp\u00e8cies que s&#8217;han extingit despr\u00e9s del 1500 dC, un total de 162, i s&#8217;il\u00b7lustra totes les que es coneixen a partir d&#8217;exemplars. Aquesta cobertura completa ascendeix a 20.865 il\u00b7lustracions.<\/p>\n<\/div><\/div>\n<\/div><\/div>\n\n<div class=\"wp-block-group faq max-width\"><div class=\"wp-block-group__inner-container is-layout-constrained wp-block-group-is-layout-constrained\">\n<p class=\"faq-q has-medium-font-size\">Inclou esp\u00e8cies descobertes recentment?<\/p>\n\n\n\n<div class=\"wp-block-group faq-a\"><div class=\"wp-block-group__inner-container is-layout-constrained wp-block-group-is-layout-constrained\">\n<p>Hi ha una s\u00e8rie d&#8217;esp\u00e8cies que s&#8217;han descrit com a noves per a la ci\u00e8ncia en els \u00faltims anys. Tot aix\u00f2 s&#8217;inclou al llibre, sempre que almenys una de les quatre llistes mundials ja ho hagi acceptat. \u00c9s el cas de l&#8217;estrella gola blava, el petrel de la tempesta de Pincoya, el mussol de Rinjani, el formiguer de la Cordillera Blava, el Myzomelas Rote i Alor, el Tord de l&#8217;Him\u00e0laia i l&#8217;Ibera Seedeater, entre d&#8217;altres.<\/p>\n<\/div><\/div>\n<\/div><\/div>\n\n<div class=\"wp-block-group faq max-width\"><div class=\"wp-block-group__inner-container is-layout-constrained wp-block-group-is-layout-constrained\">\n<p class=\"faq-q has-medium-font-size\">S&#8217;inclouen les esp\u00e8cies no descrites?<\/p>\n\n\n\n<div class=\"wp-block-group faq-a\"><div class=\"wp-block-group__inner-container is-layout-constrained wp-block-group-is-layout-constrained\">\n<p>El llibre inclou i il\u00b7lustra totes les esp\u00e8cies existents, descrites cient\u00edficament, acceptades per almenys una de les quatre llistes mundials, \u00e9s a dir, 11.362 esp\u00e8cies. Per\u00f2, com \u00e9s pr\u00e0ctica habitual entre les llistes de control mundials, no s&#8217;inclouen les esp\u00e8cies no descrites, que per definici\u00f3 encara no tenen assignat un nom cient\u00edfic. La ra\u00f3 \u00e9s que si b\u00e9 moltes d&#8217;aquestes formes es descriuran i s&#8217;acceptaran, de vegades, uns anys m\u00e9s tard, d&#8217;altres es requalifiquen m\u00e9s tard com a subesp\u00e8cies, etc.<\/p>\n<\/div><\/div>\n<\/div><\/div>\n\n<div class=\"wp-block-group faq max-width\"><div class=\"wp-block-group__inner-container is-layout-constrained wp-block-group-is-layout-constrained\">\n<p class=\"faq-q has-medium-font-size\">Aquest llibre inclou la recent divisi\u00f3 de l&#8217;Ocell del parad\u00eds magn\u00edfic (Lophorina superba)?<\/p>\n\n\n\n<div class=\"wp-block-group faq-a\"><div class=\"wp-block-group__inner-container is-layout-constrained wp-block-group-is-layout-constrained\">\n<p>En el g\u00e8nere Lophorina hi ha 7 esp\u00e8cies presentades a Tots els ocells del m\u00f3n. Els quatre Riflebirds, tal com van apar\u00e8ixer a la llista de verificaci\u00f3 il\u00b7lustrada, i el que abans era l&#8217;Ocell del parad\u00eds magn\u00edfic, que ara es divideix en tres esp\u00e8cies: Vogelkop Lophorina, Lophorina de plomall ample i Lophorina menor. Aquest complex tamb\u00e9 \u00e9s objecte d&#8217;un apassionat debat de nomenclatura, que s&#8217;explica amb detall a l&#8217; <strong>Ap\u00e8ndix 2<\/strong> del llibre: Selected cases of differences in nomenclature across world lists.<\/p>\n<\/div><\/div>\n<\/div><\/div>\n\n<div class=\"wp-block-group faq max-width\"><div class=\"wp-block-group__inner-container is-layout-constrained wp-block-group-is-layout-constrained\">\n<p class=\"faq-q has-medium-font-size\">Tinc una pregunta diferent. Qu\u00e8 puc fer?<\/p>\n\n\n\n<div class=\"wp-block-group faq-a\"><div class=\"wp-block-group__inner-container is-layout-constrained wp-block-group-is-layout-constrained\">\n<p>Si us plau, poseu-vos en contacte amb nosaltres! Estarem encantats d&#8217;aclarir qualsevol cosa sobre <em>Tots els ocells del m\u00f3n<\/em> o qualsevol altre t\u00edtol.<\/p>\n\n\n\n<p>Consulteu les nostres dades a la p\u00e0gina de contacte .<\/p>\n<\/div><\/div>\n<\/div><\/div>\n","protected":false},"excerpt":{"rendered":"<p>Un llibre,Tots els ocells Abellerols, garses, picots, tanguers, martins pescadors, ocells del parad\u00eds, orenetes, colibr\u00eds&#8230; Escolliu qualsevol fam\u00edlia d&#8217;ocells i admira i compara tots els seus membres que viuen a [&hellip;]<\/p>\n","protected":false},"author":25123,"featured_media":0,"parent":0,"menu_order":0,"comment_status":"closed","ping_status":"closed","template":"","meta":{"footnotes":""},"class_list":["post-16322","page","type-page","status-publish","hentry"],"_links":{"self":[{"href":"https:\/\/lynxnaturebooks.com\/ca\/wp-json\/wp\/v2\/pages\/16322","targetHints":{"allow":["GET"]}}],"collection":[{"href":"https:\/\/lynxnaturebooks.com\/ca\/wp-json\/wp\/v2\/pages"}],"about":[{"href":"https:\/\/lynxnaturebooks.com\/ca\/wp-json\/wp\/v2\/types\/page"}],"author":[{"embeddable":true,"href":"https:\/\/lynxnaturebooks.com\/ca\/wp-json\/wp\/v2\/users\/25123"}],"replies":[{"embeddable":true,"href":"https:\/\/lynxnaturebooks.com\/ca\/wp-json\/wp\/v2\/comments?post=16322"}],"version-history":[{"count":2,"href":"https:\/\/lynxnaturebooks.com\/ca\/wp-json\/wp\/v2\/pages\/16322\/revisions"}],"predecessor-version":[{"id":84827,"href":"https:\/\/lynxnaturebooks.com\/ca\/wp-json\/wp\/v2\/pages\/16322\/revisions\/84827"}],"wp:attachment":[{"href":"https:\/\/lynxnaturebooks.com\/ca\/wp-json\/wp\/v2\/media?parent=16322"}],"curies":[{"name":"wp","href":"https:\/\/api.w.org\/{rel}","templated":true}]}}