{"id":12446,"date":"2020-01-27T16:47:55","date_gmt":"2020-01-27T15:47:55","guid":{"rendered":"https:\/\/www.lynxeds.com\/?page_id=12446"},"modified":"2024-07-16T08:22:20","modified_gmt":"2024-07-16T06:22:20","slug":"col%c2%b7leccio-lynx-illustrated-checklists","status":"publish","type":"page","link":"https:\/\/lynxnaturebooks.com\/ca\/col%c2%b7leccio-lynx-illustrated-checklists\/","title":{"rendered":"Col\u00b7lecci\u00f3 de llista de verificaci\u00f3 il\u00b7lustrada de Lynx"},"content":{"rendered":"\n<div style=\"height:36px\" aria-hidden=\"true\" class=\"wp-block-spacer\"><\/div>\n<div class=\"wp-block-image\">\n<figure class=\"aligncenter\"><a href=\"https:\/\/lynxnaturebooks.com\/wp-content\/uploads\/2020\/01\/Lynx_Illustrated_Checklists_Collection_logo.png\"><img loading=\"lazy\" decoding=\"async\" width=\"1024\" height=\"116\" src=\"https:\/\/lynxnaturebooks.com\/wp-content\/uploads\/2020\/01\/Lynx_Illustrated_Checklists_Collection_logo-1024x116.png\" alt=\"\" class=\"wp-image-12438\" srcset=\"https:\/\/lynxnaturebooks.com\/wp-content\/uploads\/2020\/01\/Lynx_Illustrated_Checklists_Collection_logo-1024x116.png 1024w, https:\/\/lynxnaturebooks.com\/wp-content\/uploads\/2020\/01\/Lynx_Illustrated_Checklists_Collection_logo-900x102.png 900w, https:\/\/lynxnaturebooks.com\/wp-content\/uploads\/2020\/01\/Lynx_Illustrated_Checklists_Collection_logo-300x34.png 300w, https:\/\/lynxnaturebooks.com\/wp-content\/uploads\/2020\/01\/Lynx_Illustrated_Checklists_Collection_logo-768x87.png 768w, https:\/\/lynxnaturebooks.com\/wp-content\/uploads\/2020\/01\/Lynx_Illustrated_Checklists_Collection_logo-510x58.png 510w, https:\/\/lynxnaturebooks.com\/wp-content\/uploads\/2020\/01\/Lynx_Illustrated_Checklists_Collection_logo.png 1162w\" sizes=\"auto, (max-width: 1024px) 100vw, 1024px\" \/><\/a><\/figure>\n<\/div>\n<p>El 2019 es va completar el <i>Manual de mam\u00edfers del m\u00f3n<\/i> , un compendi de 9 volums de tot el que es coneix sobre cada esp\u00e8cie de mam\u00edfer de la Terra. Aquests volums, de mida d&#8217;una taula de caf\u00e8 i ricament il\u00b7lustrats, cadascun amb m\u00e9s de 1.000 p\u00e0gines, s\u00f3n refer\u00e8ncies d&#8217;escriptori molt \u00fatils, per\u00f2 no s\u00f3n f\u00e0cils de transportar ni \u00fatils en visites a curt termini a diverses regions del planeta. En un intent d&#8217;ampliar l&#8217;\u00fas de les quantitats massives de dades, il\u00b7lustracions i mapes compilats durant el projecte, Lynx Edicions est\u00e0 preparant una s\u00e8rie de Llistes de verificaci\u00f3 il\u00b7lustrades regionals de mam\u00edfers per a diverses \u00e0rees del m\u00f3n.<\/p>\n\n<p>La literatura cient\u00edfica dedicada a l&#8217;estudi dels mam\u00edfers ha crescut exponencialment durant el segle passat. El projecte <i>Handbook of Mammals of the World<\/i> va intentar cobrir aquest material emprant com a autors alguns dels millors mam\u00edfers del m\u00f3n. El seu treball va ser exhaustiu i cient\u00edficament prec\u00eds, donant lloc a un valu\u00f3s magatzem d&#8217;informaci\u00f3 sobre totes les esp\u00e8cies conegudes de mam\u00edfers. Destil\u00b7lant aquesta informaci\u00f3 encara m\u00e9s i organitzant les esp\u00e8cies geogr\u00e0ficament en lloc de taxon\u00f2micament com en els volums HMW, un p\u00fablic encara m\u00e9s ampli podr\u00e0 gaudir de la informaci\u00f3.<\/p>\n\n<p>Els mam\u00edfers es troben entre els grups d&#8217;organismes m\u00e9s coneguts, i el nostre inter\u00e8s per ells augmenta perqu\u00e8 els humans tamb\u00e9 som mam\u00edfers. Distribu\u00efts arreu del m\u00f3n i trobats a gaireb\u00e9 tots els h\u00e0bitats, els mam\u00edfers s&#8217;han irradiat en un nombre sorprenent de formes de vida diferents. Molts s\u00f3n grans i conspicus, com els ungulats i els carn\u00edvors. Aix\u00f2 fa que sigui m\u00e9s f\u00e0cil observar-los i estudiar-los i, com a resultat, sovint sabem m\u00e9s sobre la seva biologia que no pas sobre els seus parents m\u00e9s petits i discrets.<\/p>\n\n<p>Aquest nou conjunt de <i>Llistes de verificaci\u00f3 il\u00b7lustrades<\/i> cobrir\u00e0 tots els mam\u00edfers d&#8217;una regi\u00f3 determinada, fins al ratpenat i la musaranya m\u00e9s petits, aix\u00ed com les esp\u00e8cies m\u00e9s grans i vistoses. A tall d&#8217;exemple, tingueu en compte la sorprenent varietat de petits marsupials coberts en aquest volum inicial. Molta gent pensa que els marsupials estan limitats a Austr\u00e0lia i Nova Guinea, per\u00f2 Am\u00e8rica del Sud \u00e9s la llar de les seves pr\u00f2pies versions \u00faniques d&#8217;aquests petits zarig\u00fces i parents. A m\u00e9s de ser bells per dret propi, ocupen una gran varietat d&#8217;h\u00e0bitats \u00fanics que es troben a la regi\u00f3.<\/p>\n\n<p>Esperem que aquestes noves llistes de control ajudin a familiaritzar el lector interessat amb tota la fauna de mam\u00edfers de la seva regi\u00f3, o dels que es visiten. Aprendre m\u00e9s sobre els nostres parents m\u00e9s propers al Regne Animal ens convertir\u00e0 a tots en millors ciutadans del planeta. En aquesta \u00e8poca de canvis r\u00e0pids de clima i destrucci\u00f3 d&#8217;h\u00e0bitats, con\u00e8ixer m\u00e9s sobre els nostres conciutadans nom\u00e9s ens pot ajudar a mitigar millor els canvis i els reptes que tots ens enfrontarem al segle vinent.<\/p>\n\n<p><i>Del prefaci de <a href=\"https:\/\/lynxnaturebooks.com\/ca\/producte\/mammals-of-the-southern-cone\/\">Mammals of the Southern Cone<\/a> de Don Wilson<\/i><\/p>\n\n<div style=\"height:10px\" aria-hidden=\"true\" class=\"wp-block-spacer\"><\/div>\n\n<div class=\"wp-block-group max-width-wide padding-sides\"><div class=\"wp-block-group__inner-container is-layout-constrained wp-block-group-is-layout-constrained\">\n<h2 class=\"wp-block-heading has-text-align-center\">P\u00e0gines de mostra<\/h2>\n\n\n\n<figure class=\"wp-block-gallery has-nested-images columns-2 is-cropped wp-block-gallery-1 is-layout-flex wp-block-gallery-is-layout-flex\">\n<figure class=\"wp-block-image size-large\"><img loading=\"lazy\" decoding=\"async\" width=\"1024\" height=\"834\" data-id=\"12583\" src=\"https:\/\/lynxnaturebooks.com\/wp-content\/uploads\/2020\/01\/Mammals-of-the-Southern-Cone-68-69-1024x834.png\" alt=\"Mam&#xED;fers del Con Sud\" class=\"wp-image-12583\" srcset=\"https:\/\/lynxnaturebooks.com\/wp-content\/uploads\/2020\/01\/Mammals-of-the-Southern-Cone-68-69-1024x834.png 1024w, https:\/\/lynxnaturebooks.com\/wp-content\/uploads\/2020\/01\/Mammals-of-the-Southern-Cone-68-69-900x733.png 900w, https:\/\/lynxnaturebooks.com\/wp-content\/uploads\/2020\/01\/Mammals-of-the-Southern-Cone-68-69-300x244.png 300w, https:\/\/lynxnaturebooks.com\/wp-content\/uploads\/2020\/01\/Mammals-of-the-Southern-Cone-68-69-768x625.png 768w, https:\/\/lynxnaturebooks.com\/wp-content\/uploads\/2020\/01\/Mammals-of-the-Southern-Cone-68-69-510x415.png 510w, https:\/\/lynxnaturebooks.com\/wp-content\/uploads\/2020\/01\/Mammals-of-the-Southern-Cone-68-69.png 1500w\" sizes=\"auto, (max-width: 1024px) 100vw, 1024px\" \/><\/figure>\n\n\n\n<figure class=\"wp-block-image size-large\"><img loading=\"lazy\" decoding=\"async\" width=\"1024\" height=\"834\" data-id=\"12580\" src=\"https:\/\/lynxnaturebooks.com\/wp-content\/uploads\/2020\/01\/Mammals-of-the-Southern-Cone-24-25-1024x834.png\" alt=\"Mam&#xED;fers del Con Sud\" class=\"wp-image-12580\" srcset=\"https:\/\/lynxnaturebooks.com\/wp-content\/uploads\/2020\/01\/Mammals-of-the-Southern-Cone-24-25-1024x834.png 1024w, https:\/\/lynxnaturebooks.com\/wp-content\/uploads\/2020\/01\/Mammals-of-the-Southern-Cone-24-25-900x733.png 900w, https:\/\/lynxnaturebooks.com\/wp-content\/uploads\/2020\/01\/Mammals-of-the-Southern-Cone-24-25-300x244.png 300w, https:\/\/lynxnaturebooks.com\/wp-content\/uploads\/2020\/01\/Mammals-of-the-Southern-Cone-24-25-768x625.png 768w, https:\/\/lynxnaturebooks.com\/wp-content\/uploads\/2020\/01\/Mammals-of-the-Southern-Cone-24-25-510x415.png 510w, https:\/\/lynxnaturebooks.com\/wp-content\/uploads\/2020\/01\/Mammals-of-the-Southern-Cone-24-25.png 1500w\" sizes=\"auto, (max-width: 1024px) 100vw, 1024px\" \/><\/figure>\n\n\n\n<figure class=\"wp-block-image size-large\"><img loading=\"lazy\" decoding=\"async\" width=\"1024\" height=\"834\" data-id=\"12577\" src=\"https:\/\/lynxnaturebooks.com\/wp-content\/uploads\/2020\/01\/Mammals-of-the-Southern-Cone-16-17-1024x834.png\" alt=\"Mam&#xED;fers del Con Sud\" class=\"wp-image-12577\" srcset=\"https:\/\/lynxnaturebooks.com\/wp-content\/uploads\/2020\/01\/Mammals-of-the-Southern-Cone-16-17-1024x834.png 1024w, https:\/\/lynxnaturebooks.com\/wp-content\/uploads\/2020\/01\/Mammals-of-the-Southern-Cone-16-17-900x733.png 900w, https:\/\/lynxnaturebooks.com\/wp-content\/uploads\/2020\/01\/Mammals-of-the-Southern-Cone-16-17-300x244.png 300w, https:\/\/lynxnaturebooks.com\/wp-content\/uploads\/2020\/01\/Mammals-of-the-Southern-Cone-16-17-768x625.png 768w, https:\/\/lynxnaturebooks.com\/wp-content\/uploads\/2020\/01\/Mammals-of-the-Southern-Cone-16-17-510x415.png 510w, https:\/\/lynxnaturebooks.com\/wp-content\/uploads\/2020\/01\/Mammals-of-the-Southern-Cone-16-17.png 1500w\" sizes=\"auto, (max-width: 1024px) 100vw, 1024px\" \/><\/figure>\n\n\n\n<figure class=\"wp-block-image size-large\"><img loading=\"lazy\" decoding=\"async\" width=\"1024\" height=\"834\" data-id=\"12568\" src=\"https:\/\/lynxnaturebooks.com\/wp-content\/uploads\/2020\/01\/Mammals-of-the-Southern-Cone-120-121-1024x834.png\" alt=\"Mam&#xED;fers del Con Sud\" class=\"wp-image-12568\" srcset=\"https:\/\/lynxnaturebooks.com\/wp-content\/uploads\/2020\/01\/Mammals-of-the-Southern-Cone-120-121-1024x834.png 1024w, https:\/\/lynxnaturebooks.com\/wp-content\/uploads\/2020\/01\/Mammals-of-the-Southern-Cone-120-121-900x733.png 900w, https:\/\/lynxnaturebooks.com\/wp-content\/uploads\/2020\/01\/Mammals-of-the-Southern-Cone-120-121-300x244.png 300w, https:\/\/lynxnaturebooks.com\/wp-content\/uploads\/2020\/01\/Mammals-of-the-Southern-Cone-120-121-768x625.png 768w, https:\/\/lynxnaturebooks.com\/wp-content\/uploads\/2020\/01\/Mammals-of-the-Southern-Cone-120-121-510x415.png 510w, https:\/\/lynxnaturebooks.com\/wp-content\/uploads\/2020\/01\/Mammals-of-the-Southern-Cone-120-121.png 1500w\" sizes=\"auto, (max-width: 1024px) 100vw, 1024px\" \/><\/figure>\n<\/figure>\n\n\n\n<h2 class=\"wp-block-heading has-text-align-center\">T\u00edtols inclosos a la Col\u00b7lecci\u00f3<\/h2>\n\n\n<div class=\"woocommerce columns-4 \"><ul class=\"products columns-4\">\n<div class=\"wp-block-column\">\n\t<div class=\"product-wrapper\"><a class=\"product-link\" href=\"https:\/\/lynxnaturebooks.com\/ca\/producte\/neotropical-primates-3\/\"><div class=\"product-format-categories\"><\/div><div class=\"wp-block-image\"><img loading=\"lazy\" decoding=\"async\" width=\"2335\" height=\"2550\" src=\"https:\/\/lynxnaturebooks.com\/wp-content\/uploads\/2024\/09\/neotropical-primates.webp\" class=\"attachment-full size-full\" alt=\"Neotropical Primates | Lynx Nature Books\" srcset=\"https:\/\/lynxnaturebooks.com\/wp-content\/uploads\/2024\/09\/neotropical-primates.webp 2335w, https:\/\/lynxnaturebooks.com\/wp-content\/uploads\/2024\/09\/neotropical-primates-900x983.webp 900w, https:\/\/lynxnaturebooks.com\/wp-content\/uploads\/2024\/09\/neotropical-primates-275x300.webp 275w, https:\/\/lynxnaturebooks.com\/wp-content\/uploads\/2024\/09\/neotropical-primates-938x1024.webp 938w, https:\/\/lynxnaturebooks.com\/wp-content\/uploads\/2024\/09\/neotropical-primates-768x839.webp 768w, https:\/\/lynxnaturebooks.com\/wp-content\/uploads\/2024\/09\/neotropical-primates-1406x1536.webp 1406w, https:\/\/lynxnaturebooks.com\/wp-content\/uploads\/2024\/09\/neotropical-primates-1875x2048.webp 1875w\" sizes=\"auto, (max-width: 2335px) 100vw, 2335px\" \/><\/div><p class=\"product-title\">Neotropical Primates<\/p><div class=\"pricestock\"><p class=\"stockinfo green\">En estoc<\/p><p class=\"product-price\"><span class=\"woocommerce-Price-amount amount\"><bdi><span class=\"woocommerce-Price-currencySymbol\">&#36;<\/span>30.72<\/bdi><\/span><\/p><\/div><\/a><\/div><\/div><div class=\"wp-block-column\">\n\t<div class=\"product-wrapper\"><a class=\"product-link\" href=\"https:\/\/lynxnaturebooks.com\/ca\/producte\/mammals-of-china\/\"><div class=\"product-format-categories\"><\/div><div class=\"wp-block-image\"><img loading=\"lazy\" decoding=\"async\" width=\"2335\" height=\"2550\" src=\"https:\/\/lynxnaturebooks.com\/wp-content\/uploads\/2020\/01\/lynx-mammalsofchina-1.webp\" class=\"attachment-full size-full\" alt=\"\" srcset=\"https:\/\/lynxnaturebooks.com\/wp-content\/uploads\/2020\/01\/lynx-mammalsofchina-1.webp 2335w, https:\/\/lynxnaturebooks.com\/wp-content\/uploads\/2020\/01\/lynx-mammalsofchina-1-900x983.webp 900w, https:\/\/lynxnaturebooks.com\/wp-content\/uploads\/2020\/01\/lynx-mammalsofchina-1-275x300.webp 275w, https:\/\/lynxnaturebooks.com\/wp-content\/uploads\/2020\/01\/lynx-mammalsofchina-1-938x1024.webp 938w, https:\/\/lynxnaturebooks.com\/wp-content\/uploads\/2020\/01\/lynx-mammalsofchina-1-768x839.webp 768w, https:\/\/lynxnaturebooks.com\/wp-content\/uploads\/2020\/01\/lynx-mammalsofchina-1-1406x1536.webp 1406w, https:\/\/lynxnaturebooks.com\/wp-content\/uploads\/2020\/01\/lynx-mammalsofchina-1-1875x2048.webp 1875w\" sizes=\"auto, (max-width: 2335px) 100vw, 2335px\" \/><\/div><p class=\"product-title\">Mammals of China<\/p><div class=\"pricestock\"><p class=\"stockinfo green\">En estoc<\/p><p class=\"product-price\"><span class=\"woocommerce-Price-amount amount\"><bdi><span class=\"woocommerce-Price-currencySymbol\">&#36;<\/span>35.84<\/bdi><\/span><\/p><\/div><\/a><\/div><\/div><div class=\"wp-block-column\">\n\t<div class=\"product-wrapper\"><a class=\"product-link\" href=\"https:\/\/lynxnaturebooks.com\/ca\/producte\/mammals-of-madagascar\/\"><div class=\"product-format-categories\"><\/div><div class=\"wp-block-image\"><img loading=\"lazy\" decoding=\"async\" width=\"2335\" height=\"2550\" src=\"https:\/\/lynxnaturebooks.com\/wp-content\/uploads\/2021\/03\/mammals-madagascar-lynx.webp\" class=\"attachment-full size-full\" alt=\"\" srcset=\"https:\/\/lynxnaturebooks.com\/wp-content\/uploads\/2021\/03\/mammals-madagascar-lynx.webp 2335w, https:\/\/lynxnaturebooks.com\/wp-content\/uploads\/2021\/03\/mammals-madagascar-lynx-275x300.webp 275w, https:\/\/lynxnaturebooks.com\/wp-content\/uploads\/2021\/03\/mammals-madagascar-lynx-938x1024.webp 938w, https:\/\/lynxnaturebooks.com\/wp-content\/uploads\/2021\/03\/mammals-madagascar-lynx-768x839.webp 768w, https:\/\/lynxnaturebooks.com\/wp-content\/uploads\/2021\/03\/mammals-madagascar-lynx-1406x1536.webp 1406w, https:\/\/lynxnaturebooks.com\/wp-content\/uploads\/2021\/03\/mammals-madagascar-lynx-1875x2048.webp 1875w, https:\/\/lynxnaturebooks.com\/wp-content\/uploads\/2021\/03\/mammals-madagascar-lynx-900x983.webp 900w\" sizes=\"auto, (max-width: 2335px) 100vw, 2335px\" \/><\/div><p class=\"product-title\">Mammals of Madagascar<\/p><div class=\"pricestock\"><p class=\"stockinfo green\">En estoc<\/p><p class=\"product-price\"><span class=\"woocommerce-Price-amount amount\"><bdi><span class=\"woocommerce-Price-currencySymbol\">&#36;<\/span>28.16<\/bdi><\/span><\/p><\/div><\/a><\/div><\/div><div class=\"wp-block-column\">\n\t<div class=\"product-wrapper\"><a class=\"product-link\" href=\"https:\/\/lynxnaturebooks.com\/ca\/producte\/mammals-of-south-asia\/\"><div class=\"product-format-categories\"><\/div><div class=\"wp-block-image\"><img loading=\"lazy\" decoding=\"async\" width=\"2335\" height=\"2550\" src=\"https:\/\/lynxnaturebooks.com\/wp-content\/uploads\/2020\/01\/lynx-Mammals-South-Asia.webp\" class=\"attachment-full size-full\" alt=\"\" srcset=\"https:\/\/lynxnaturebooks.com\/wp-content\/uploads\/2020\/01\/lynx-Mammals-South-Asia.webp 2335w, https:\/\/lynxnaturebooks.com\/wp-content\/uploads\/2020\/01\/lynx-Mammals-South-Asia-900x983.webp 900w, https:\/\/lynxnaturebooks.com\/wp-content\/uploads\/2020\/01\/lynx-Mammals-South-Asia-275x300.webp 275w, https:\/\/lynxnaturebooks.com\/wp-content\/uploads\/2020\/01\/lynx-Mammals-South-Asia-938x1024.webp 938w, https:\/\/lynxnaturebooks.com\/wp-content\/uploads\/2020\/01\/lynx-Mammals-South-Asia-768x839.webp 768w, https:\/\/lynxnaturebooks.com\/wp-content\/uploads\/2020\/01\/lynx-Mammals-South-Asia-1406x1536.webp 1406w, https:\/\/lynxnaturebooks.com\/wp-content\/uploads\/2020\/01\/lynx-Mammals-South-Asia-1875x2048.webp 1875w\" sizes=\"auto, (max-width: 2335px) 100vw, 2335px\" \/><\/div><p class=\"product-title\"><span class=\"title\">Mammals of South Asia<\/span><span class=\"subtitle\">Afghanistan, Pakistan, India, Nepal, Bhutan, Bangladesh, Sri Lanka<\/span><\/p><div class=\"pricestock\"><p class=\"stockinfo green\">En estoc<\/p><p class=\"product-price\"><span class=\"woocommerce-Price-amount amount\"><bdi><span class=\"woocommerce-Price-currencySymbol\">&#36;<\/span>35.84<\/bdi><\/span><\/p><\/div><\/a><\/div><\/div><div class=\"wp-block-column\">\n\t<div class=\"product-wrapper\"><a class=\"product-link\" href=\"https:\/\/lynxnaturebooks.com\/ca\/producte\/mammals-of-the-southern-cone\/\"><div class=\"product-format-categories\"><\/div><div class=\"wp-block-image\"><img loading=\"lazy\" decoding=\"async\" width=\"2335\" height=\"2550\" src=\"https:\/\/lynxnaturebooks.com\/wp-content\/uploads\/2020\/01\/Mammals-Southern-Cone.webp\" class=\"attachment-full size-full\" alt=\"\" srcset=\"https:\/\/lynxnaturebooks.com\/wp-content\/uploads\/2020\/01\/Mammals-Southern-Cone.webp 2335w, https:\/\/lynxnaturebooks.com\/wp-content\/uploads\/2020\/01\/Mammals-Southern-Cone-900x983.webp 900w, https:\/\/lynxnaturebooks.com\/wp-content\/uploads\/2020\/01\/Mammals-Southern-Cone-275x300.webp 275w, https:\/\/lynxnaturebooks.com\/wp-content\/uploads\/2020\/01\/Mammals-Southern-Cone-938x1024.webp 938w, https:\/\/lynxnaturebooks.com\/wp-content\/uploads\/2020\/01\/Mammals-Southern-Cone-768x839.webp 768w, https:\/\/lynxnaturebooks.com\/wp-content\/uploads\/2020\/01\/Mammals-Southern-Cone-1406x1536.webp 1406w, https:\/\/lynxnaturebooks.com\/wp-content\/uploads\/2020\/01\/Mammals-Southern-Cone-1875x2048.webp 1875w\" sizes=\"auto, (max-width: 2335px) 100vw, 2335px\" \/><\/div><p class=\"product-title\"><span class=\"title\">Mammals of the Southern Cone<\/span><span class=\"subtitle\">Argentina, Chile, Paraguay, Uruguay<\/span><\/p><div class=\"pricestock\"><p class=\"stockinfo green\">En estoc<\/p><p class=\"product-price\"><span class=\"woocommerce-Price-amount amount\"><bdi><span class=\"woocommerce-Price-currencySymbol\">&#36;<\/span>28.16<\/bdi><\/span><\/p><\/div><\/a><\/div><\/div><\/ul>\n<\/div>\n<\/div><\/div>\n","protected":false},"excerpt":{"rendered":"<p>El 2019 es va completar el Manual de mam\u00edfers del m\u00f3n , un compendi de 9 volums de tot el que es coneix sobre cada esp\u00e8cie de mam\u00edfer de la [&hellip;]<\/p>\n","protected":false},"author":25123,"featured_media":12442,"parent":0,"menu_order":0,"comment_status":"closed","ping_status":"closed","template":"","meta":{"footnotes":""},"class_list":["post-12446","page","type-page","status-publish","has-post-thumbnail","hentry"],"_links":{"self":[{"href":"https:\/\/lynxnaturebooks.com\/ca\/wp-json\/wp\/v2\/pages\/12446","targetHints":{"allow":["GET"]}}],"collection":[{"href":"https:\/\/lynxnaturebooks.com\/ca\/wp-json\/wp\/v2\/pages"}],"about":[{"href":"https:\/\/lynxnaturebooks.com\/ca\/wp-json\/wp\/v2\/types\/page"}],"author":[{"embeddable":true,"href":"https:\/\/lynxnaturebooks.com\/ca\/wp-json\/wp\/v2\/users\/25123"}],"replies":[{"embeddable":true,"href":"https:\/\/lynxnaturebooks.com\/ca\/wp-json\/wp\/v2\/comments?post=12446"}],"version-history":[{"count":2,"href":"https:\/\/lynxnaturebooks.com\/ca\/wp-json\/wp\/v2\/pages\/12446\/revisions"}],"predecessor-version":[{"id":84840,"href":"https:\/\/lynxnaturebooks.com\/ca\/wp-json\/wp\/v2\/pages\/12446\/revisions\/84840"}],"wp:featuredmedia":[{"embeddable":true,"href":"https:\/\/lynxnaturebooks.com\/ca\/wp-json\/wp\/v2\/media\/12442"}],"wp:attachment":[{"href":"https:\/\/lynxnaturebooks.com\/ca\/wp-json\/wp\/v2\/media?parent=12446"}],"curies":[{"name":"wp","href":"https:\/\/api.w.org\/{rel}","templated":true}]}}